{"id":18,"date":"2014-01-19T10:14:53","date_gmt":"2014-01-19T09:14:53","guid":{"rendered":"https:\/\/carrentalprague.cz\/?page_id=18"},"modified":"2025-10-23T23:01:57","modified_gmt":"2025-10-23T21:01:57","slug":"caste-otazky","status":"publish","type":"page","link":"https:\/\/carrentalprague.cz\/cs\/caste-otazky\/","title":{"rendered":"\u010cAST\u00c9 OT\u00c1ZKY"},"content":{"rendered":"<h1>V\u0161eobecn\u00e9 ot\u00e1zky kolem pron\u00e1jmu aut<\/h1>\n<ul>\n<li>\n<div>Co je zahrnuto v z\u00e1kladn\u00ed cen\u011b <strong>pron\u00e1jmu auta<\/strong>?<\/div>\n<p>V z\u00e1kladn\u00ed cen\u011b pron\u00e1jmu je zahrnuto z\u00e1konn\u00e9 poji\u0161t\u011bn\u00ed a havarijn\u00ed poji\u0161t\u011bn\u00ed s omezenou spolu\u00fa\u010dast\u00ed.<\/li>\n<li>\n<div>Co je to omezen\u00e1 spolu\u00fa\u010dast <strong>autop\u016fj\u010dovny<\/strong>?<\/div>\n<p>Vyjad\u0159uje maxim\u00e1ln\u00ed \u010d\u00e1stku, za kterou ru\u010d\u00edte v p\u0159\u00edpad\u011b hav\u00e1rie z vlastn\u00edho zavin\u011bn\u00ed.<\/li>\n<li>\n<div>Mohu si <strong>p\u016fj\u010dit v\u016fz<\/strong> tak\u00e9 p\u0159\u00edmo na pobo\u010dce?<\/div>\n<p>Samoz\u0159ejm\u0115. Sta\u010d\u00ed si ve <a href=\"https:\/\/carrentalprague.cz\/rezervace\/\"><strong>rezervaci<\/strong><\/a> vozu za\u0161krtnout m\u00edsto, kde si chcete automobil vyzvednout.<\/li>\n<li>Kam p\u0159istavujete v\u016fz zdarma?<br \/>\nAutop\u016fj\u010dovna p\u0159istavuje vozy v\u0161ude po Praze &#8211; nam\u00e1tkou Praha 1, Praha 2, Praha 3, Praha 4, Praha 5, Praha 6, Praha 7, Praha 8, Praha 9, Praha 10, Praha 11, Praha 12, Praha 13, Praha 14, Praha 15, Praha 16. D\u00e1le okol\u00ed Prahy &#8211; \u0158\u00ed\u010dany u Prahy, Jesenice, Pr\u016fhonice, Zlatn\u00edky, Babice, Stra\u0161\u00edn a mnoho dal\u0161\u00edch m\u00edst. Za p\u0159\u00edplatek je pouze leti\u0161t\u011b Ruzyn\u011b &#8211; nyn\u00ed leti\u0161t\u011b V\u00e1clava Havla. Nejlep\u0161\u00ed je, napsat n\u00e1m nebo zavolat a my V\u00e1m r\u00e1di \u0159ekneme, jestli k V\u00e1m <strong>autop\u016fj\u010dovna<\/strong> p\u0159istav\u00ed v\u016fz zdarma nebo za m\u00edrn\u00fd poplatek.<\/li>\n<li>\n<div>Jak\u00e9 dokumenty mus\u00edm p\u0159edlo\u017eit p\u0159i v\u00fdp\u016fj\u010dce vozu?<\/div>\n<ul>\n<li><strong>Pr\u00e1vnick\u00e1 osoba:<\/strong> v\u00fdpis z OR, osv\u011bd\u010den\u00ed o registraci DI\u010c, objedn\u00e1vka na hlavi\u010dkov\u00e9m pap\u00ed\u0159e s podpisem statut\u00e1rn\u00edho z\u00e1stupce, pln\u00e1 moc od statut\u00e1rn\u00edho z\u00e1stupce (nen\u00ed-li p\u0159\u00edtomen p\u0159i p\u0159evzet\u00ed), ob\u010dansk\u00fd pr\u016fkaz nebo pas \u0159idi\u010de, \u0159idi\u010dsk\u00fd pr\u016fkaz sk. B \u0159idi\u010de.<\/li>\n<li><strong>Fyzick\u00e1 osoba, \u017divnostn\u00edk<\/strong>: ob\u010dansk\u00fd pr\u016fkaz, \u0159idi\u010dsk\u00fd pr\u016fkaz sk. B, t\u0159et\u00ed doklad k ov\u011b\u0159en\u00ed adresy (SIPO, vy\u00fa\u010dtov\u00e1n\u00ed telefonu, kreditn\u00ed \u010di platebn\u00ed karta, V\u0160 index, doklad o servisov\u00e1n\u00ed vozu n\u00e1jemce, policejn\u00ed protokol o nehod\u011b vozu n\u00e1jemce \u2013 nebo jin\u00fd doklad zn\u011bj\u00edc\u00ed na jm\u00e9no a adresu klienta s max. st\u00e1\u0159\u00edm 2 m\u011bs\u00edce), \u017eivnostensk\u00fd list (u \u017eivnostn\u00edka)<\/li>\n<li><strong>Cizinci:<\/strong> cestovn\u00ed pas, \u0159idi\u010dsk\u00fd pr\u016fkaz, kreditn\u00ed karta<\/li>\n<li><strong>Pot\u0159ebn\u00e9 doklady je t\u0159eba p\u0159edlo\u017eit nejpozd\u011bji p\u0159ed v\u00fdp\u016fj\u010dkou. V p\u0159\u00edpad\u011b p\u0159istaven\u00ed vozu mimo pobo\u010dky je nutn\u00e9 doklady zaslat nejpozd\u011bji 12 hodin p\u0159ed v\u00fdp\u016fj\u010dkou na email: <a href=\"mailto:asap@asap-rentcar.cz\">asap@asap-rentcar.cz<\/a> nebo na fax: +420 323 605 521, jinak nebude v\u016fz p\u0159istaven.<\/strong><\/li>\n<\/ul>\n<\/li>\n<li>\n<div>Pro\u010d jsou Va\u0161e ceny <strong>autop\u016fj\u010dovny<\/strong> tak levn\u00e9?<\/div>\n<p>Proto\u017ee neplat\u00edme drah\u00e9 kancel\u00e1\u0159sk\u00e9 prostory, optimalizujeme n\u00e1klady na provoz, dojednali jsme partnersk\u00e9 slevy na servis vozidel a celkov\u011b se chov\u00e1me ekonomicky.<\/li>\n<\/ul>\n<p>&nbsp;<\/p>\n<h3>Rezervace<\/h3>\n<ul>\n<li>\n<div>Jak mohu auto v p\u016fj\u010dovn\u011b rezervovat?<\/div>\n<p>M\u00e1te 2 mo\u017enosti. Bu\u010f vyu\u017eijete internet, kde si v pohodl\u00ed spo\u010d\u00edt\u00e1te cenu za pron\u00e1jem nebo m\u016f\u017eete zavolat na na\u0161i rezerva\u010dn\u00ed linku a tam s V\u00e1mi v\u0161e vy\u0159e\u0161\u00ed oper\u00e1tor.<\/li>\n<li>\n<div>Pro\u010d bych m\u0115l d\u0115lat rezervaci vozu d\u0159\u00edve?<\/div>\n<p>Obzvl\u00e1\u0161t\u011b v obdob\u00ed sez\u00f3ny m\u016f\u017ee b\u00fdt probl\u00e9m sehnat v \u010cR automobil, jak\u00fd si p\u0159edstavujete. Va\u0161e rezervace je pro n\u00e1s z\u00e1vazn\u00e1 a m\u016f\u017eeme V\u00e1m v\u016fz zajistit.<\/li>\n<li>\n<div>Je rezervace p\u0159es internet bezpe\u010dn\u00e1?<\/div>\n<p>Ano.<\/li>\n<\/ul>\n<h3>\u00a0Na cest\u00e1ch &#8211; autop\u016fj\u010dovna<\/h3>\n<ul>\n<li>\n<div>Mohu cestovat do ciz\u00edch zem\u00ed s vozidlem autop\u016fj\u010dovny?<\/div>\n<p>Ano, sta\u010d\u00ed zaplatit poplatek za tuto slu\u017ebu. Viz <a title=\"Dal\u0161\u00ed mo\u017en\u00e9 slu\u017eby\" href=\"http:\/\/www.autopujcovna-praha.cz\/dalsi-sluzby.html\">cen\u00edk<\/a>. V\u00fdjimku tvo\u0159\u00ed Alb\u00e1nie, B\u011blorusko, Mold\u00e1vie, Rusko, Rumunska, Bulharska, Turecka, Ukrajina a \u010d\u00e1st\u00ed Srbska, kter\u00e9 nejsou pod nadvl\u00e1dou Srbska.<\/li>\n<li>\n<div>Mus\u00edm platit pokuty b\u0115hem v\u00fdp\u016fj\u010dky?<\/div>\n<p>Pokud se vyskytnou jak\u00e9koliv poplatky za dopravn\u00ed p\u0159estupky b\u0115hem v\u00fdp\u016fj\u010dky ,budou V\u00e1m v pln\u00e9 v\u00fd\u0161i do\u00fa\u010dtov\u00e1ny. Prostudujte si na\u0161e podm\u00ednky pro dal\u0161\u00ed detaily.<\/li>\n<li>\n<div>Co m\u00e1m d\u0115lat v p\u0159\u00edpad\u0115 nehody?<\/div>\n<p>V p\u0159\u00edpad\u0115 nehody, ohn\u0115, p\u0159i st\u0159etu se zv\u0115\u0159\u00ed nebo jin\u00e9 nehody kontaktujte policii a vypl\u0148te \u201eNehodov\u00fd protokol\u201c, kter\u00fd najdete ve vozidle. Toto plat\u00ed i pro mal\u00e9 nehody a \u00farazy, kde reklamuj\u00edc\u00ed strana je sama na vin\u0115 bez ciz\u00edho zavin\u0115n\u00ed.\u201eNehodov\u00fd protokol\u201c n\u00e1m mus\u00ed b\u00fdt doru\u010den p\u00edsemn\u0115 do 24 hodin. Bez policejn\u00edho hl\u00e1\u0161en\u00ed nejste poji\u0161t\u011bni a ru\u010d\u00edte za vzniklou \u0161kodu v pln\u00e9m rozsahu. Sou\u010dasn\u011b informujte autop\u016fj\u010dovnu, kter\u00e1 V\u00e1m d\u00e1 dal\u0161\u00ed instrukce.<\/li>\n<li>\n<div>Co kdy\u017e havaruji v zahrani\u010d\u00ed?<\/div>\n<p>Postup je stejn\u00fd v cel\u00e9 Evrop\u011b. V\u017edy je nezastupiteln\u00e1 \u00fa\u010dast policie. Sou\u010d\u00e1st\u00ed doklad\u016f, kter\u00e9 p\u0159eb\u00edr\u00e1te je i &#8222;zelen\u00e1 karta&#8220;, kterou spole\u010dn\u011b s mal\u00fdm OTP p\u0159edlo\u017ete policii.<\/li>\n<li>\n<div>Kdy\u017e si zaplat\u00edm pln\u00e9 poji\u0161t\u011bn\u00ed, tak ji\u017e za nic neru\u010d\u00edm?<\/div>\n<p>Pln\u00e9 poji\u0161t\u011bn\u00ed V\u00e1m d\u00e1v\u00e1 plnou ochranu ve vztahu k p\u0159\u00edpadn\u00fdm pojistn\u00fdm ud\u00e1lostem i z vlastn\u00edho zavin\u011bn\u00ed. Ru\u010d\u00edte v\u0161ak v\u017edy v rozsahu technick\u00e9ho minima \u0159idi\u010de (viz. auto\u0161kola), nap\u0159. j\u00edzda bez oleje p\u0159i n\u00e1sledn\u00e9m po\u0161kozen\u00ed motoru (p\u0159i ignorov\u00e1n\u00ed sv\u011bteln\u00fdch v\u00fdstrah)&#8230; D\u00e1le p\u0159edm\u011btem pojistky nen\u00ed po\u0161kozen\u00ed kol, r\u00e1fk\u016f a pneumatik.<\/li>\n<li>\n<div>M\u016f\u017ee pronajat\u00fd v\u016fz \u0159\u00eddit v\u00edce \u0159idi\u010d\u016f?<\/div>\n<p>Ano. Za ka\u017ed\u00e9ho dal\u0161\u00edho \u0159idi\u010de \u00fa\u010dtujeme jednor\u00e1zov\u00fd poplatek \u2013 viz <a title=\"Dal\u0161\u00ed mo\u017en\u00e9 slu\u017eby\" href=\"http:\/\/www.autopujcovna-praha.cz\/dalsi-sluzby.html\">cen\u00edk<\/a>.<\/li>\n<li>\n<div>Co kdy\u017e budeme m\u00edt poruchu mimo pracovn\u00ed dobu (v noci)?<\/div>\n<p>Na\u0161e pracovn\u00ed doba je denn\u011b 8:00 \u2013 21:00. Mimo pracovn\u00ed dobu je zabezpe\u010den nonstop servis 24 hod. na telefonn\u00edch \u010d\u00edslech 00420 602 307 836 a 00420 602 307 835(v \u010cj a Aj).<\/li>\n<li>\n<div>Jak m\u00e1m postupovat, kdy\u017e se zdr\u017e\u00edm na cest\u011b a cht\u011bl bych prodlou\u017eit <strong>pron\u00e1jem vozu<\/strong>?<\/div>\n<p>V dan\u00e9m p\u0159\u00edpad\u011b je t\u0159eba poslat v kteroukoliv hodinu fax s ozn\u00e1men\u00edm po\u017eadovan\u00e9ho prodlou\u017een\u00ed (nap\u0159. z hotelu, po\u0161ty, atd\u2026). Pouze tak se vyhnete platb\u011b penalizace za opo\u017ed\u011bn\u011b vr\u00e1cen\u00e9 vozidlo.<\/li>\n<li>\n<div>Jak\u00e9 doklady bude po\u017eadovat policie v p\u0159\u00edpad\u011b silni\u010dn\u00ed kontroly?<\/div>\n<p>Pas, \u0159idi\u010dsk\u00fd pr\u016fkaz (evropsk\u00fd \u010di mezin\u00e1rodn\u00ed) a doklady od vozu (mal\u00fd OTP, povinn\u00e9 ru\u010den\u00ed + zelen\u00e1 karta).<\/li>\n<\/ul>\n<p>&nbsp;<\/p>\n<h3>Vr\u00e1cen\u00ed vozidla do autop\u016fj\u010dovny<\/h3>\n<ul>\n<li>\n<div>Mus\u00edm vr\u00e1tit auto pln\u0115 dotankovan\u00e9?<\/div>\n<p>Ano, vozidlo mus\u00ed b\u00fdt vr\u00e1ceno s plnou n\u00e1dr\u017e\u00ed. Pokud mno\u017estv\u00ed paliva bude ni\u017e\u0161\u00ed, do\u00fa\u010dtujeme si n\u00e1klady za dotankov\u00e1n\u00ed dle pr\u016fm\u0115rn\u00e9 tr\u017en\u00ed ceny stejn\u0115 jako servisn\u00ed poplatek. Pro \u010d\u00e1stku poplatku pros\u00edme nahl\u00e9dn\u0115te do na\u0161ich podm\u00ednek.<\/li>\n<li>\n<div>Jak m\u00e1 vypadat vy\u010di\u0161t\u0115n\u00e9 vozidlo?<\/div>\n<p>Pros\u00edme prohl\u00e9dn\u0115te si na\u0161e podm\u00ednky pro dal\u0161\u00ed detaily. Vozidlo se pova\u017euje za \u010dist\u00e9 kdy\u017e karos\u00e9rie, disky a okna nemaj\u00ed \u017e\u00e1dn\u00e1 stopy bl\u00e1ta, zbytky hmyzu nebo jin\u00e9 ne\u010distoty. Interi\u00e9r mus\u00ed b\u00fdt vyluxov\u00e1n a bez po\u0161kozen\u00ed.<\/li>\n<li>\n<div>Jak dok\u00e1\u017eu, \u017ee vozidlo ji\u017e bylo po\u0161kozen\u00e9?<\/div>\n<p>P\u0159ed p\u0159evzet\u00edm budete m\u00edt mo\u017enost si v\u016fz v klidu prohl\u00e9dnout a do protokolu vyzna\u010d\u00edme p\u0159\u00edpadn\u00e1 po\u0161kozen\u00ed.<\/li>\n<\/ul>\n","protected":false},"excerpt":{"rendered":"<p>V\u0161eobecn\u00e9 ot\u00e1zky kolem pron\u00e1jmu aut Co je zahrnuto v z\u00e1kladn\u00ed cen\u011b pron\u00e1jmu auta? V z\u00e1kladn\u00ed cen\u011b pron\u00e1jmu je zahrnuto z\u00e1konn\u00e9 poji\u0161t\u011bn\u00ed a havarijn\u00ed poji\u0161t\u011bn\u00ed s omezenou spolu\u00fa\u010dast\u00ed. Co je to omezen\u00e1 spolu\u00fa\u010dast autop\u016fj\u010dovny? Vyjad\u0159uje maxim\u00e1ln\u00ed \u010d\u00e1stku, za kterou ru\u010d\u00edte v p\u0159\u00edpad\u011b hav\u00e1rie z vlastn\u00edho zavin\u011bn\u00ed. Mohu si p\u016fj\u010dit v\u016fz tak\u00e9 p\u0159\u00edmo na pobo\u010dce? Samoz\u0159ejm\u0115. Sta\u010d\u00ed [&hellip;]<\/p>\n","protected":false},"author":1,"featured_media":0,"parent":0,"menu_order":0,"comment_status":"closed","ping_status":"closed","template":"","meta":{"_et_pb_use_builder":"","_et_pb_old_content":"","_et_gb_content_width":"","footnotes":""},"class_list":["post-18","page","type-page","status-publish","hentry"],"aioseo_notices":[],"_links":{"self":[{"href":"https:\/\/carrentalprague.cz\/cs\/wp-json\/wp\/v2\/pages\/18","targetHints":{"allow":["GET"]}}],"collection":[{"href":"https:\/\/carrentalprague.cz\/cs\/wp-json\/wp\/v2\/pages"}],"about":[{"href":"https:\/\/carrentalprague.cz\/cs\/wp-json\/wp\/v2\/types\/page"}],"author":[{"embeddable":true,"href":"https:\/\/carrentalprague.cz\/cs\/wp-json\/wp\/v2\/users\/1"}],"replies":[{"embeddable":true,"href":"https:\/\/carrentalprague.cz\/cs\/wp-json\/wp\/v2\/comments?post=18"}],"version-history":[{"count":10,"href":"https:\/\/carrentalprague.cz\/cs\/wp-json\/wp\/v2\/pages\/18\/revisions"}],"predecessor-version":[{"id":949,"href":"https:\/\/carrentalprague.cz\/cs\/wp-json\/wp\/v2\/pages\/18\/revisions\/949"}],"wp:attachment":[{"href":"https:\/\/carrentalprague.cz\/cs\/wp-json\/wp\/v2\/media?parent=18"}],"curies":[{"name":"wp","href":"https:\/\/api.w.org\/{rel}","templated":true}]}}