{"id":2,"date":"2014-01-19T10:12:58","date_gmt":"2014-01-19T09:12:58","guid":{"rendered":"https:\/\/carrentalprague.cz\/?page_id=2"},"modified":"2025-10-23T23:09:00","modified_gmt":"2025-10-23T21:09:00","slug":"zkusebni-stranka","status":"publish","type":"page","link":"https:\/\/carrentalprague.cz\/cs\/","title":{"rendered":"Home"},"content":{"rendered":"<p>[et_pb_section fb_built=&#8220;1&#8243; fullwidth=&#8220;on&#8220; theme_builder_area=&#8220;post_content&#8220; _builder_version=&#8220;4.27.4&#8243; _module_preset=&#8220;default&#8220;][et_pb_fullwidth_image src=&#8220;https:\/\/carrentalprague.cz\/wp-content\/uploads\/2025\/10\/CarrentalPrague.png&#8220; _builder_version=&#8220;4.27.4&#8243; _module_preset=&#8220;default&#8220; theme_builder_area=&#8220;post_content&#8220; title_text=&#8220;CarrentalPrague&#8220; hover_enabled=&#8220;0&#8243; sticky_enabled=&#8220;0&#8243;][\/et_pb_fullwidth_image][\/et_pb_section][et_pb_section fb_built=&#8220;1&#8243; _builder_version=&#8220;4.16&#8243; global_colors_info=&#8220;{}&#8220;][et_pb_row _builder_version=&#8220;4.16&#8243; background_size=&#8220;initial&#8220; background_position=&#8220;top_left&#8220; background_repeat=&#8220;repeat&#8220; global_colors_info=&#8220;{}&#8220;][et_pb_column type=&#8220;4_4&#8243; _builder_version=&#8220;4.16&#8243; custom_padding=&#8220;|||&#8220; global_colors_info=&#8220;{}&#8220; custom_padding__hover=&#8220;|||&#8220;][et_pb_text _builder_version=&#8220;4.27.4&#8243; hover_enabled=&#8220;0&#8243; global_colors_info=&#8220;{}&#8220; sticky_enabled=&#8220;0&#8243;]<\/p>\n<p><a href=\"https:\/\/carrentalprague.cz\/ceniky\/\"><strong>Autop\u016fj\u010dovna<\/strong><\/a>\u00a0 nab\u00edz\u00ed nejlevn\u011bj\u0161\u00ed vozy ji\u017e od 280,- K\u010d za den <a href=\"https:\/\/carrentalprague.cz\/podminky\/\"><strong>Autop\u016fj\u010dovna<\/strong><\/a> samoz\u0159ejmost\u00ed je f\u00e9rov\u00e9 jedn\u00e1n\u00ed, nenaraz\u00edte na \u017e\u00e1dn\u00e9 skryt\u00e9 poplatky <a href=\"https:\/\/carrentalprague.cz\/rezervace\/\"><strong>Autop\u016fj\u010dovna<\/strong><\/a> p\u0159istav\u00edme v\u016fz po Praze a bl\u00edzk\u00e9m okol\u00ed ZDARMA! <a href=\"https:\/\/carrentalprague.cz\"><strong>Autop\u016fj\u010dovna<\/strong><\/a> na\u0161e vozy jsou v dobr\u00e9m technick\u00e9m stavu! <strong>Autop\u016fj\u010dovna<\/strong> p\u0159istaven\u00ed na leti\u0161ti V\u00e1clava Havla \/ Ruzyn\u011b (PRG) za n\u00edzk\u00fd poplatek, p\u0159i dlouhodob\u00e9m pron\u00e1jmu zdarma!<\/p>\n<p>&nbsp;<\/p>\n<hr size=\"\" \/>\n<p>&nbsp;<\/p>\n<p>&nbsp;<\/p>\n<h1><strong>Autop\u016fj\u010dovna Praha <\/strong>ASAP Rent Car a slu\u017eby pro V\u00e1s<\/h1>\n<p><strong>V\u00edtejte na str\u00e1nk\u00e1ch autop\u016fj\u010dovny&#8230;<\/strong> &#8230;na\u0161e <strong>autop\u016fj\u010dovna <\/strong> ASAP Rent car p\u016fsob\u00ed v hlavn\u00edm m\u011bst\u011b Praha, ale nen\u00ed probl\u00e9m p\u0159istavit v\u016fz i v bl\u00edzk\u00e9m okol\u00ed, pop\u0159. p\u0159i dlouhodob\u00e9m pron\u00e1jmu kdekoli po \u010cesk\u00e9 republice.\u00a0ASAP Rent Car p\u016fj\u010duje osobn\u00ed, v\u00edcem\u00edstn\u00e9 i u\u017eitkov\u00e9 vozy a pat\u0159\u00ed mezi nejlevn\u011bj\u0161\u00ed p\u016fj\u010dovny aut s vysokou \u00farovn\u00ed slu\u017eeb. \u0158ad\u00edme se mezi nejv\u011bt\u0161\u00ed autop\u016fj\u010dovny v \u010cesk\u00e9 republice a d\u00edky tomu m\u016f\u017eeme garantovat vysokou \u00farove\u0148 slu\u017eeb. Jako jedna z m\u00e1la, <strong>autop\u016fj\u010dovna p\u0159istavuje <a href=\"https:\/\/carrentalprague.cz\/pristaveni-zdarma\/\">vozy po Praze a okol\u00ed ZDARMA<\/a><\/strong>. V\u00e1\u017e\u00edme si velk\u00e9ho n\u00e1r\u016fstu klient\u016f na z\u00e1klad\u011b osobn\u00edho doporu\u010den\u00ed a budeme se nad\u00e1le sna\u017eit, abyste byli s na\u0161imi slu\u017ebami spokojeni a abychom V\u00e1s nezklamali. P\u0159ipravili jsme pro V\u00e1s i <a href=\"https:\/\/carrentalprague.cz\/vernostni-program\/\">v\u011brnostn\u00ed program<\/a>. <strong>Nejlevn\u011bj\u0161\u00ed v\u016fz z autop\u016fj\u010dovny<\/strong> pak naleznete v sekc\u00edch <a href=\"https:\/\/carrentalprague.cz\/last-minute\/\">last minute<\/a> a<a href=\"https:\/\/carrentalprague.cz\/first-minute\/\"> first minute<\/a>.<\/p>\n<p>&nbsp;<\/p>\n<h1>Va\u0161e autop\u016fj\u010dovna ASAP Rent Car!<\/h1>\n<div>\n<h1>Autop\u016fj\u010dovna Praha<\/h1>\n<p>&nbsp;<\/p>\n<p>Pot\u0159ebujete p\u016fj\u010dit <strong>auto<\/strong> z p\u016fj\u010dovny? Sta\u010d\u00ed si vybrat z na\u0161\u00ed \u0161irok\u00e9 nab\u00eddky aut a vybaven\u00ed (d\u011btsk\u00e9 autoseda\u010dky, st\u0159e\u0161n\u00ed boxy, dr\u017e\u00e1ky na kola, dr\u017e\u00e1ky na ly\u017ee, gps). M\u016f\u017eeme si p\u016fj\u010dit <a href=\"https:\/\/carrentalprague.cz\/vozovy-park\/\"><strong>auta<\/strong><\/a> se z\u00e1kladn\u00ed, ale i p\u0159\u00edplatkovou v\u00fdbavou. <strong>Autop\u016fj\u010dovna<\/strong> ASAP Rent car, s.r.o. se m\u016f\u017ee pochlubit \u0161irok\u00fdm vozov\u00fdm parkem, ze kter\u00e9ho si vybere opravdu ka\u017ed\u00fd! C\u00edlem <strong>autop\u016fj\u010dovny<\/strong> je spokojen\u00fd z\u00e1kazn\u00edk, kter\u00fd d\u00e1l doporu\u010d\u00ed na\u0161\u00ed <strong>autop\u016fj\u010dovnu<\/strong>. <strong>Autop\u016fj\u010dovna<\/strong> a cel\u00fd t\u00fdm db\u00e1 na spokojenost sv\u00fdch klient\u016f, tak aby splnila Va\u0161e o\u010dek\u00e1v\u00e1n\u00ed!<\/p>\n<blockquote>\n<p><span style=\"color: #000000;\">Nej\u010dast\u011bji n\u00e1s hled\u00e1te ve vyhled\u00e1va\u010d\u00edch zad\u00e1n\u00edm t\u011bchto slov:<\/span> <span style=\"color: #000000;\"> &#8222;Autop\u016fj\u010dovna, autop\u016fj\u010dovna praha, p\u016fj\u010dovna aut, p\u016fj\u010dovna aut praha, autop\u016fj\u010dovny, autop\u016fj\u010dovny praha, pujcovna aut, autopujcovna, pron\u00e1jem aut, autopujcovna praha, pron\u00e1jem vozidel, p\u016fj\u010dovny aut, autop\u016fj\u010dovny v\u00a0praze, nejlevn\u011bj\u0161\u00ed autop\u016fj\u010dovna, levn\u00e1 autop\u016fj\u010dovna, nejlevn\u011bj\u0161\u00ed autop\u016fj\u010dovna&#8220;<\/span><\/p>\n<p>&nbsp;<\/p>\n<\/blockquote>\n<\/div>\n<p>[\/et_pb_text][et_pb_sidebar area=&#8220;sidebar-1&#8243; _builder_version=&#8220;4.16&#8243; z_index_tablet=&#8220;500&#8243; header_text_shadow_horizontal_length_tablet=&#8220;0px&#8220; header_text_shadow_vertical_length_tablet=&#8220;0px&#8220; header_text_shadow_blur_strength_tablet=&#8220;1px&#8220; body_text_shadow_horizontal_length_tablet=&#8220;0px&#8220; body_text_shadow_vertical_length_tablet=&#8220;0px&#8220; body_text_shadow_blur_strength_tablet=&#8220;1px&#8220; box_shadow_horizontal_tablet=&#8220;0px&#8220; box_shadow_vertical_tablet=&#8220;0px&#8220; box_shadow_blur_tablet=&#8220;40px&#8220; box_shadow_spread_tablet=&#8220;0px&#8220; text_shadow_horizontal_length_tablet=&#8220;0px&#8220; text_shadow_vertical_length_tablet=&#8220;0px&#8220; text_shadow_blur_strength_tablet=&#8220;1px&#8220; global_colors_info=&#8220;{}&#8220;][\/et_pb_sidebar][\/et_pb_column][\/et_pb_row][\/et_pb_section]<\/p>\n","protected":false},"excerpt":{"rendered":"<p>Autop\u016fj\u010dovna\u00a0 nab\u00edz\u00ed nejlevn\u011bj\u0161\u00ed vozy ji\u017e od 280,- K\u010d za den Autop\u016fj\u010dovna samoz\u0159ejmost\u00ed je f\u00e9rov\u00e9 jedn\u00e1n\u00ed, nenaraz\u00edte na \u017e\u00e1dn\u00e9 skryt\u00e9 poplatky Autop\u016fj\u010dovna p\u0159istav\u00edme v\u016fz po Praze a bl\u00edzk\u00e9m okol\u00ed ZDARMA! Autop\u016fj\u010dovna na\u0161e vozy jsou v dobr\u00e9m technick\u00e9m stavu! Autop\u016fj\u010dovna p\u0159istaven\u00ed na leti\u0161ti V\u00e1clava Havla \/ Ruzyn\u011b (PRG) za n\u00edzk\u00fd poplatek, p\u0159i dlouhodob\u00e9m pron\u00e1jmu zdarma! &nbsp; &nbsp; [&hellip;]<\/p>\n","protected":false},"author":1,"featured_media":0,"parent":0,"menu_order":0,"comment_status":"closed","ping_status":"open","template":"","meta":{"_et_pb_use_builder":"on","_et_pb_old_content":"<p><img class=\"alignnone size-full wp-image-1088\" src=\"https:\/\/carrentalprague.cz\/wp-content\/uploads\/2019\/06\/ASAP-RENT-CAR-7-1.jpg\" alt=\"\" width=\"640\" height=\"319\" \/><\/p><p><span class=\"button-id\"><span class=\"small\">[maxbutton id=\"2\" ]\u00a0\u00a0\u00a0\u00a0 [maxbutton id=\"4\" ]\u00a0\u00a0\u00a0\u00a0 [maxbutton id=\"3\" ]\u00a0\u00a0\u00a0\u00a0 [maxbutton id=\"5\" ]\u00a0\u00a0\u00a0\u00a0 [maxbutton id=\"6\" ] <\/span><\/span><\/p><p>\u00a0<\/p><p><a href=\"https:\/\/carrentalprague.cz\/ceniky\/\"><strong>Autop\u016fj\u010dovna<\/strong><\/a>\u00a0 nab\u00edz\u00ed nejlevn\u011bj\u0161\u00ed vozy ji\u017e od 280,- K\u010d za den <a href=\"https:\/\/carrentalprague.cz\/podminky\/\"><strong>Autop\u016fj\u010dovna<\/strong><\/a> samoz\u0159ejmost\u00ed je f\u00e9rov\u00e9 jedn\u00e1n\u00ed, nenaraz\u00edte na \u017e\u00e1dn\u00e9 skryt\u00e9 poplatky <a href=\"https:\/\/carrentalprague.cz\/rezervace\/\"><strong>Autop\u016fj\u010dovna<\/strong><\/a> p\u0159istav\u00edme v\u016fz po Praze a bl\u00edzk\u00e9m okol\u00ed ZDARMA! <a href=\"https:\/\/carrentalprague.cz\"><strong>Autop\u016fj\u010dovna<\/strong><\/a> na\u0161e vozy jsou v dobr\u00e9m technick\u00e9m stavu! <strong>Autop\u016fj\u010dovna<\/strong> p\u0159istaven\u00ed na leti\u0161ti V\u00e1clava Havla \/ Ruzyn\u011b (PRG) za n\u00edzk\u00fd poplatek, p\u0159i dlouhodob\u00e9m pron\u00e1jmu zdarma!<\/p><p>\u00a0<\/p><hr size=\"\" \/><p>\u00a0<\/p><p style=\"text-align: center;\">[maxbutton id=\"1\" ]<\/p><p>\u00a0<\/p><h1><strong>Autop\u016fj\u010dovna Praha <\/strong>ASAP Rent Car a slu\u017eby pro V\u00e1s<\/h1><p><strong>V\u00edtejte na str\u00e1nk\u00e1ch autop\u016fj\u010dovny...<\/strong> ...na\u0161e <strong>autop\u016fj\u010dovna <\/strong> ASAP Rent car p\u016fsob\u00ed v hlavn\u00edm m\u011bst\u011b Praha, ale nen\u00ed probl\u00e9m p\u0159istavit v\u016fz i v bl\u00edzk\u00e9m okol\u00ed, pop\u0159. p\u0159i dlouhodob\u00e9m pron\u00e1jmu kdekoli po \u010cesk\u00e9 republice.\u00a0ASAP Rent Car p\u016fj\u010duje osobn\u00ed, v\u00edcem\u00edstn\u00e9 i u\u017eitkov\u00e9 vozy a pat\u0159\u00ed mezi nejlevn\u011bj\u0161\u00ed p\u016fj\u010dovny aut s vysokou \u00farovn\u00ed slu\u017eeb. \u0158ad\u00edme se mezi nejv\u011bt\u0161\u00ed autop\u016fj\u010dovny v \u010cesk\u00e9 republice a d\u00edky tomu m\u016f\u017eeme garantovat vysokou \u00farove\u0148 slu\u017eeb. Jako jedna z m\u00e1la, <strong>autop\u016fj\u010dovna p\u0159istavuje <a href=\"https:\/\/carrentalprague.cz\/pristaveni-zdarma\/\">vozy po Praze a okol\u00ed ZDARMA<\/a><\/strong>. V\u00e1\u017e\u00edme si velk\u00e9ho n\u00e1r\u016fstu klient\u016f na z\u00e1klad\u011b osobn\u00edho doporu\u010den\u00ed a budeme se nad\u00e1le sna\u017eit, abyste byli s na\u0161imi slu\u017ebami spokojeni a abychom V\u00e1s nezklamali. P\u0159ipravili jsme pro V\u00e1s i <a href=\"https:\/\/carrentalprague.cz\/vernostni-program\/\">v\u011brnostn\u00ed program<\/a>. <strong>Nejlevn\u011bj\u0161\u00ed v\u016fz z autop\u016fj\u010dovny<\/strong> pak naleznete v sekc\u00edch <a href=\"https:\/\/carrentalprague.cz\/last-minute\/\">last minute<\/a> a<a href=\"https:\/\/carrentalprague.cz\/first-minute\/\"> first minute<\/a>.<\/p><p>\u00a0<\/p><h1>Va\u0161e autop\u016fj\u010dovna ASAP Rent Car!<\/h1><div><h1>Autop\u016fj\u010dovna Praha<\/h1><p>\u00a0<\/p>Pot\u0159ebujete p\u016fj\u010dit <strong>auto<\/strong> z p\u016fj\u010dovny? Sta\u010d\u00ed si vybrat z na\u0161\u00ed \u0161irok\u00e9 nab\u00eddky aut a vybaven\u00ed (d\u011btsk\u00e9 autoseda\u010dky, st\u0159e\u0161n\u00ed boxy, dr\u017e\u00e1ky na kola, dr\u017e\u00e1ky na ly\u017ee, gps). M\u016f\u017eeme si p\u016fj\u010dit <a href=\"https:\/\/carrentalprague.cz\/vozovy-park\/\"><strong>auta<\/strong><\/a> se z\u00e1kladn\u00ed, ale i p\u0159\u00edplatkovou v\u00fdbavou. <strong>Autop\u016fj\u010dovna<\/strong> ASAP Rent car, s.r.o. se m\u016f\u017ee pochlubit \u0161irok\u00fdm vozov\u00fdm parkem, ze kter\u00e9ho si vybere opravdu ka\u017ed\u00fd! C\u00edlem <strong>autop\u016fj\u010dovny<\/strong> je spokojen\u00fd z\u00e1kazn\u00edk, kter\u00fd d\u00e1l doporu\u010d\u00ed na\u0161\u00ed <strong>autop\u016fj\u010dovnu<\/strong>. <strong>Autop\u016fj\u010dovna<\/strong> a cel\u00fd t\u00fdm db\u00e1 na spokojenost sv\u00fdch klient\u016f, tak aby splnila Va\u0161e o\u010dek\u00e1v\u00e1n\u00ed!<blockquote><span style=\"color: #000000;\">Nej\u010dast\u011bji n\u00e1s hled\u00e1te ve vyhled\u00e1va\u010d\u00edch zad\u00e1n\u00edm t\u011bchto slov:<\/span> <span style=\"color: #000000;\"> \"Autop\u016fj\u010dovna, autop\u016fj\u010dovna praha, p\u016fj\u010dovna aut, p\u016fj\u010dovna aut praha, autop\u016fj\u010dovny, autop\u016fj\u010dovny praha, pujcovna aut, autopujcovna, pron\u00e1jem aut, autopujcovna praha, pron\u00e1jem vozidel, p\u016fj\u010dovny aut, autop\u016fj\u010dovny v\u00a0praze, nejlevn\u011bj\u0161\u00ed autop\u016fj\u010dovna, levn\u00e1 autop\u016fj\u010dovna, nejlevn\u011bj\u0161\u00ed autop\u016fj\u010dovna\"<\/span><\/blockquote><\/div>","_et_gb_content_width":"","footnotes":""},"class_list":["post-2","page","type-page","status-publish","hentry"],"aioseo_notices":[],"_links":{"self":[{"href":"https:\/\/carrentalprague.cz\/cs\/wp-json\/wp\/v2\/pages\/2","targetHints":{"allow":["GET"]}}],"collection":[{"href":"https:\/\/carrentalprague.cz\/cs\/wp-json\/wp\/v2\/pages"}],"about":[{"href":"https:\/\/carrentalprague.cz\/cs\/wp-json\/wp\/v2\/types\/page"}],"author":[{"embeddable":true,"href":"https:\/\/carrentalprague.cz\/cs\/wp-json\/wp\/v2\/users\/1"}],"replies":[{"embeddable":true,"href":"https:\/\/carrentalprague.cz\/cs\/wp-json\/wp\/v2\/comments?post=2"}],"version-history":[{"count":62,"href":"https:\/\/carrentalprague.cz\/cs\/wp-json\/wp\/v2\/pages\/2\/revisions"}],"predecessor-version":[{"id":1583,"href":"https:\/\/carrentalprague.cz\/cs\/wp-json\/wp\/v2\/pages\/2\/revisions\/1583"}],"wp:attachment":[{"href":"https:\/\/carrentalprague.cz\/cs\/wp-json\/wp\/v2\/media?parent=2"}],"curies":[{"name":"wp","href":"https:\/\/api.w.org\/{rel}","templated":true}]}}