{"id":68,"date":"2014-01-20T10:14:28","date_gmt":"2014-01-20T09:14:28","guid":{"rendered":"https:\/\/carrentalprague.cz\/?page_id=68"},"modified":"2018-12-04T14:57:26","modified_gmt":"2018-12-04T13:57:26","slug":"first-minute","status":"publish","type":"page","link":"https:\/\/carrentalprague.cz\/cs\/first-minute\/","title":{"rendered":"First minute"},"content":{"rendered":"<h1><a href=\"http:\/\/https:\/\/carrentalprague.cz\">AUTOP\u016eJ\u010cOVNA<\/a> POSKYTUJE V\u00ddRAZN\u00c9 SLEVY<\/h1>\n<p>Pokud v\u00edte ji\u017e nyn\u00ed, \u017ee si budete muset p\u016fj\u010dit auto za \u010dty\u0159i a v\u00edce t\u00fddn\u016f, nev\u00e1hejte si je rezervovat nyn\u00ed!<\/p>\n<p><span style=\"text-decoration: underline;\">Nab\u00edz\u00edme n\u00e1sleduj\u00edc\u00ed slevy:<\/span><\/p>\n<p>rezervace 8 nebo v\u00edce t\u00fddn\u016f p\u0159edem = <strong>15% sleva<br \/>\n<\/strong>rezervace 6-8 t\u00fddny p\u0159edem = <strong>10% sleva<br \/>\n<\/strong>rezervace 4-6 t\u00fddny p\u0159edem = <strong>5% sleva<\/strong><\/p>\n<p>Napi\u0161te pros\u00edm do rezerva\u010dn\u00edho formul\u00e1\u0159e\u00a0 pozn\u00e1mku \u201eFirst Minute \\&#8220;.<\/p>\n<p>[maxbutton id=&#8220;1&#8243; ]<\/p>\n<p>* Nab\u00edzen\u00e1 sleva se vztahuje na pron\u00e1jem vozu, ale ne na poji\u0161t\u011bn\u00ed a dal\u0161\u00ed dopl\u0148kov\u00e9 slu\u017eby.<\/p>\n","protected":false},"excerpt":{"rendered":"<p>AUTOP\u016eJ\u010cOVNA POSKYTUJE V\u00ddRAZN\u00c9 SLEVY Pokud v\u00edte ji\u017e nyn\u00ed, \u017ee si budete muset p\u016fj\u010dit auto za \u010dty\u0159i a v\u00edce t\u00fddn\u016f, nev\u00e1hejte si je rezervovat nyn\u00ed! Nab\u00edz\u00edme n\u00e1sleduj\u00edc\u00ed slevy: rezervace 8 nebo v\u00edce t\u00fddn\u016f p\u0159edem = 15% sleva rezervace 6-8 t\u00fddny p\u0159edem = 10% sleva rezervace 4-6 t\u00fddny p\u0159edem = 5% sleva Napi\u0161te pros\u00edm do rezerva\u010dn\u00edho formul\u00e1\u0159e\u00a0 [&hellip;]<\/p>\n","protected":false},"author":1,"featured_media":0,"parent":0,"menu_order":0,"comment_status":"closed","ping_status":"closed","template":"","meta":{"_et_pb_use_builder":"","_et_pb_old_content":"","_et_gb_content_width":"","footnotes":""},"class_list":["post-68","page","type-page","status-publish","hentry"],"aioseo_notices":[],"_links":{"self":[{"href":"https:\/\/carrentalprague.cz\/cs\/wp-json\/wp\/v2\/pages\/68","targetHints":{"allow":["GET"]}}],"collection":[{"href":"https:\/\/carrentalprague.cz\/cs\/wp-json\/wp\/v2\/pages"}],"about":[{"href":"https:\/\/carrentalprague.cz\/cs\/wp-json\/wp\/v2\/types\/page"}],"author":[{"embeddable":true,"href":"https:\/\/carrentalprague.cz\/cs\/wp-json\/wp\/v2\/users\/1"}],"replies":[{"embeddable":true,"href":"https:\/\/carrentalprague.cz\/cs\/wp-json\/wp\/v2\/comments?post=68"}],"version-history":[{"count":6,"href":"https:\/\/carrentalprague.cz\/cs\/wp-json\/wp\/v2\/pages\/68\/revisions"}],"predecessor-version":[{"id":1010,"href":"https:\/\/carrentalprague.cz\/cs\/wp-json\/wp\/v2\/pages\/68\/revisions\/1010"}],"wp:attachment":[{"href":"https:\/\/carrentalprague.cz\/cs\/wp-json\/wp\/v2\/media?parent=68"}],"curies":[{"name":"wp","href":"https:\/\/api.w.org\/{rel}","templated":true}]}}