{"id":72,"date":"2014-01-20T11:01:43","date_gmt":"2014-01-20T10:01:43","guid":{"rendered":"https:\/\/carrentalprague.cz\/?page_id=72"},"modified":"2025-10-23T23:04:08","modified_gmt":"2025-10-23T21:04:08","slug":"vernostni-program","status":"publish","type":"page","link":"https:\/\/carrentalprague.cz\/cs\/vernostni-program\/","title":{"rendered":"V\u011aRNOSTN\u00cd PROGRAM"},"content":{"rendered":"<h3>Pro na\u0161e st\u00e1l\u00e9 klienty jsme p\u0159ipravili \u0159adu slev a v\u00fdhod.<\/h3>\n<ul>\n<li>5% sleva ji\u017e p\u0159i p\u00e1t\u00e9 a\u017e dev\u00e1t\u00e9 v\u00fdp\u016fj\u010dce<\/li>\n<li>10% sleva p\u0159i des\u00e1t\u00e9\u00a0 a\u017e \u010dtrn\u00e1ct\u00e9 v\u00fdp\u016fj\u010dce<\/li>\n<li>15% sleva p\u0159i patn\u00e1ct\u00e9 v\u00fdp\u016fj\u010dce a v\u0161ech dal\u0161\u00edch<\/li>\n<\/ul>\n<h3>Kr\u00e1tkodob\u00fd pron\u00e1jem:<\/h3>\n<ul>\n<li>50% sleva na p\u0159ipoji\u0161t\u011bn\u00ed p\u0159i p\u00e1t\u00e9 bezprobl\u00e9mov\u00e9 v\u00fdp\u016fj\u010dce<\/li>\n<li>50% sleva na dal\u0161\u00edho \u0159idi\u010de p\u0159i p\u00e1t\u00e9 a dal\u0161\u00ed v\u00fdp\u016fj\u010dce<\/li>\n<li>50% sleva na v\u00fdjezd do zahrani\u010d\u00ed p\u0159i p\u00e1t\u00e9 a dal\u0161\u00ed v\u00fdp\u016fj\u010dce<\/li>\n<li>100% sleva na umyt\u00ed vozu p\u0159i p\u00e1t\u00e9 a dal\u0161\u00ed v\u00fdp\u016fj\u010dce<\/li>\n<li>p\u0159i obratu nad 19.999,- K\u010d od n\u00e1s ka\u017ed\u00fd obdr\u017e\u00ed mal\u00fd d\u00e1rek<\/li>\n<\/ul>\n<h3>Dlouhodob\u00fd pron\u00e1jem:<\/h3>\n<ul>\n<li>50% sleva na GPS navigaci p\u0159i dlouhodob\u00e9m pron\u00e1jmu (2 m\u011bs\u00edce a d\u00e9le)<\/li>\n<li>100% sleva na dal\u0161\u00edho \u0159idi\u010de p\u0159i dlouhodob\u00e9 v\u00fdp\u016fj\u010dce (2 m\u011bs\u00edce a d\u00e9le)<\/li>\n<li>100% sleva na v\u00fdjezd do zahrani\u010d\u00ed p\u0159i dlouhodob\u00e9 v\u00fdp\u016fj\u010dce (2 m\u011bs\u00edce a d\u00e9le)<\/li>\n<li>100% sleva na p\u0159istaven\u00ed na leti\u0161ti p\u0159i dlouhodob\u00e9 v\u00fdp\u016fj\u010dce (2 m\u011bs\u00edce a d\u00e9le)<\/li>\n<li>100% sleva na umyt\u00ed vozu p\u0159i dlouhodob\u00e9 v\u00fdp\u016fj\u010dce (2 m\u011bs\u00edce a d\u00e9le)<\/li>\n<li>p\u0159i obratu nad 49.999,- K\u010d od n\u00e1s ka\u017ed\u00fd obdr\u017e\u00ed mal\u00fd d\u00e1rek<\/li>\n<\/ul>\n","protected":false},"excerpt":{"rendered":"<p>Pro na\u0161e st\u00e1l\u00e9 klienty jsme p\u0159ipravili \u0159adu slev a v\u00fdhod. 5% sleva ji\u017e p\u0159i p\u00e1t\u00e9 a\u017e dev\u00e1t\u00e9 v\u00fdp\u016fj\u010dce 10% sleva p\u0159i des\u00e1t\u00e9\u00a0 a\u017e \u010dtrn\u00e1ct\u00e9 v\u00fdp\u016fj\u010dce 15% sleva p\u0159i patn\u00e1ct\u00e9 v\u00fdp\u016fj\u010dce a v\u0161ech dal\u0161\u00edch Kr\u00e1tkodob\u00fd pron\u00e1jem: 50% sleva na p\u0159ipoji\u0161t\u011bn\u00ed p\u0159i p\u00e1t\u00e9 bezprobl\u00e9mov\u00e9 v\u00fdp\u016fj\u010dce 50% sleva na dal\u0161\u00edho \u0159idi\u010de p\u0159i p\u00e1t\u00e9 a dal\u0161\u00ed v\u00fdp\u016fj\u010dce 50% sleva [&hellip;]<\/p>\n","protected":false},"author":1,"featured_media":0,"parent":0,"menu_order":0,"comment_status":"open","ping_status":"open","template":"","meta":{"_et_pb_use_builder":"","_et_pb_old_content":"","_et_gb_content_width":"","footnotes":""},"class_list":["post-72","page","type-page","status-publish","hentry"],"aioseo_notices":[],"_links":{"self":[{"href":"https:\/\/carrentalprague.cz\/cs\/wp-json\/wp\/v2\/pages\/72","targetHints":{"allow":["GET"]}}],"collection":[{"href":"https:\/\/carrentalprague.cz\/cs\/wp-json\/wp\/v2\/pages"}],"about":[{"href":"https:\/\/carrentalprague.cz\/cs\/wp-json\/wp\/v2\/types\/page"}],"author":[{"embeddable":true,"href":"https:\/\/carrentalprague.cz\/cs\/wp-json\/wp\/v2\/users\/1"}],"replies":[{"embeddable":true,"href":"https:\/\/carrentalprague.cz\/cs\/wp-json\/wp\/v2\/comments?post=72"}],"version-history":[{"count":5,"href":"https:\/\/carrentalprague.cz\/cs\/wp-json\/wp\/v2\/pages\/72\/revisions"}],"predecessor-version":[{"id":750,"href":"https:\/\/carrentalprague.cz\/cs\/wp-json\/wp\/v2\/pages\/72\/revisions\/750"}],"wp:attachment":[{"href":"https:\/\/carrentalprague.cz\/cs\/wp-json\/wp\/v2\/media?parent=72"}],"curies":[{"name":"wp","href":"https:\/\/api.w.org\/{rel}","templated":true}]}}