{"id":74,"date":"2014-01-20T11:07:22","date_gmt":"2014-01-20T10:07:22","guid":{"rendered":"https:\/\/carrentalprague.cz\/?page_id=74"},"modified":"2025-10-23T23:02:10","modified_gmt":"2025-10-23T21:02:10","slug":"nahradni-vozy-nehoda","status":"publish","type":"page","link":"https:\/\/carrentalprague.cz\/cs\/nahradni-vozy-nehoda\/","title":{"rendered":"N\u00c1HRADN\u00cd VOZY"},"content":{"rendered":"<p>[et_pb_section admin_label=&#8220;section&#8220;]<br \/>\n\t\t\t[et_pb_row admin_label=&#8220;row&#8220;]<br \/>\n\t\t\t\t[et_pb_column type=&#8220;4_4&#8243;][et_pb_text admin_label=&#8220;Text&#8220;]Spolupracujeme s t\u00e9m\u011b\u0159 v\u0161emi poji\u0161\u0165ovnami a proto m\u016f\u017eeme zap\u016fj\u010dit v\u016fz p\u0159i nezavin\u011bn\u00e9 a n\u011bkdy i zavin\u011bn\u00e9 nehod\u011b zdarma.<\/p>\n<div>\n<h3>Nezavin\u011bn\u00e1 nehoda = po\u0161kodili v\u00e1\u0161 v\u016fz<\/h3>\n<p>M\u00e1te n\u00e1rok na n\u00e1hradn\u00ed v\u016fz z poji\u0161t\u011bn\u00ed vin\u00edka po celou dobu opravy Va\u0161eho vozu, p\u0159\u00edpadn\u011b do vyplacen\u00ed tot\u00e1ln\u00ed \u0161kody na Va\u0161em voze. Na v\u016fz m\u00e1te n\u00e1rok i v p\u0159\u00edpad\u011b, kdy si nech\u00e1v\u00e1te proplatit \u0161kodu na voze rozpo\u010dtem.<\/p>\n<p>V ostatn\u00edch p\u0159\u00edpadech V\u00e1m samoz\u0159ejm\u011b tak\u00e9 r\u00e1di zap\u016fj\u010d\u00edme v\u016fz. Budete-li servisovat v autoservisu B-land, s.r.o.\u00a0 <a title=\"www.b-land.cz\" href=\"http:\/\/www.b-land.cz\" target=\"_blank\">www.b-land.cz<\/a>\u00a0 ,pak m\u00e1te n\u00e1rok na zv\u00fdhodn\u011bn\u00e9 ceny.<\/p>\n<h3>Zavin\u011bn\u00e1 nehoda = havarijn\u00ed poji\u0161t\u011bn\u00ed s n\u00e1hradn\u00edm vozem<\/h3>\n<p>M\u00e1te n\u00e1rok na n\u00e1hradn\u00ed v\u016fz z poji\u0161t\u011bn\u00ed vin\u00edka po celou dobu opravy Va\u0161eho vozu, p\u0159\u00edpadn\u011b do vyplacen\u00ed tot\u00e1ln\u00ed \u0161kody na Va\u0161em voze. Na v\u016fz m\u00e1te n\u00e1rok i v p\u0159\u00edpad\u011b, kdy si nech\u00e1v\u00e1te proplatit \u0161kodu na voze rozpo\u010dtem.<\/p>\n<p>V ostatn\u00edch p\u0159\u00edpadech V\u00e1m samoz\u0159ejm\u011b tak\u00e9 r\u00e1di zap\u016fj\u010d\u00edme v\u016fz. Budete-li servisovat v autoservisu B-land, s.r.o. (www.b-land.cz), pak m\u00e1te n\u00e1rok na zv\u00fdhodn\u011bn\u00e9 ceny.<\/p>\n<\/div>\n<div><\/div>\n<div>\n<h3>Jak\u00fd v\u016fz V\u00e1m p\u016fj\u010d\u00edme?<\/h3>\n<\/div>\n<div><strong>Mal\u00e1 vozidla<\/strong> = Renault Thalia, Renault Clio, \u0160koda Fabia, Dacia Logan, VW Golf, Ford Fiesta, apod<\/div>\n<div><\/div>\n<p>&nbsp;<\/p>\n<div><strong>Ni\u017e\u0161\u00ed st\u0159edn\u00ed t\u0159\u00edda<\/strong> = Renault Megane, Renault Modus, \u0160koda Roomster, Citroen Berlingo, apod<\/div>\n<div><\/div>\n<p>&nbsp;<\/p>\n<div><strong>St\u0159edn\u00ed t\u0159\u00edda<\/strong> = \u0160koda Octavia, Renault Megane, Renault Laguna, Opel Meriva, Ford Focus, Opel Astra, apod<\/div>\n<div><\/div>\n<p>&nbsp;<\/p>\n<div><strong>Luxusn\u00ed t\u0159\u00edda a vozy 4&#215;4<\/strong> = Renault Koleos, \u0160koda Superb, Renault Vel Satis, Renault Espace, VW Sharan, Suzuky Grand Vitara, Mercedes ML, apod<\/div>\n<div><\/div>\n<p><strong>Sk\u0159\u00ed\u0148ov\u00e9 dod\u00e1vky a minibusy<\/strong> = Renault Trafic, Renault Master, Opel Vivaro, Ford Tranzit, Renault Kangoo, apod[\/et_pb_text][\/et_pb_column]<br \/>\n\t\t\t[\/et_pb_row]<br \/>\n\t\t[\/et_pb_section]<\/p>\n","protected":false},"excerpt":{"rendered":"<p>Spolupracujeme s t\u00e9m\u011b\u0159 v\u0161emi poji\u0161\u0165ovnami a proto m\u016f\u017eeme zap\u016fj\u010dit v\u016fz p\u0159i nezavin\u011bn\u00e9 a n\u011bkdy i zavin\u011bn\u00e9 nehod\u011b zdarma. Nezavin\u011bn\u00e1 nehoda = po\u0161kodili v\u00e1\u0161 v\u016fz M\u00e1te n\u00e1rok na n\u00e1hradn\u00ed v\u016fz z poji\u0161t\u011bn\u00ed vin\u00edka po celou dobu opravy Va\u0161eho vozu, p\u0159\u00edpadn\u011b do vyplacen\u00ed tot\u00e1ln\u00ed \u0161kody na Va\u0161em voze. Na v\u016fz m\u00e1te n\u00e1rok i v p\u0159\u00edpad\u011b, kdy si [&hellip;]<\/p>\n","protected":false},"author":1,"featured_media":0,"parent":0,"menu_order":0,"comment_status":"closed","ping_status":"closed","template":"","meta":{"_et_pb_use_builder":"on","_et_pb_old_content":"Spolupracujeme s t\u00e9m\u011b\u0159 v\u0161emi poji\u0161\u0165ovnami a proto m\u016f\u017eeme zap\u016fj\u010dit v\u016fz p\u0159i nezavin\u011bn\u00e9 a n\u011bkdy i zavin\u011bn\u00e9 nehod\u011b zdarma.\r\n<div>\r\n<h3>Nezavin\u011bn\u00e1 nehoda = po\u0161kodili v\u00e1\u0161 v\u016fz<\/h3>\r\nM\u00e1te n\u00e1rok na n\u00e1hradn\u00ed v\u016fz z poji\u0161t\u011bn\u00ed vin\u00edka po celou dobu opravy Va\u0161eho vozu, p\u0159\u00edpadn\u011b do vyplacen\u00ed tot\u00e1ln\u00ed \u0161kody na Va\u0161em voze. Na v\u016fz m\u00e1te n\u00e1rok i v p\u0159\u00edpad\u011b, kdy si nech\u00e1v\u00e1te proplatit \u0161kodu na voze rozpo\u010dtem.\r\n\r\nV ostatn\u00edch p\u0159\u00edpadech V\u00e1m samoz\u0159ejm\u011b tak\u00e9 r\u00e1di zap\u016fj\u010d\u00edme v\u016fz. Budete-li servisovat v autoservisu B-land, s.r.o.\u00a0 <a title=\"www.b-land.cz\" href=\"http:\/\/www.b-land.cz\" target=\"_blank\">www.b-land.cz<\/a>\u00a0 ,pak m\u00e1te n\u00e1rok na zv\u00fdhodn\u011bn\u00e9 ceny.\r\n<h3>Zavin\u011bn\u00e1 nehoda = havarijn\u00ed poji\u0161t\u011bn\u00ed s n\u00e1hradn\u00edm vozem<\/h3>\r\nM\u00e1te n\u00e1rok na n\u00e1hradn\u00ed v\u016fz z poji\u0161t\u011bn\u00ed vin\u00edka po celou dobu opravy Va\u0161eho vozu, p\u0159\u00edpadn\u011b do vyplacen\u00ed tot\u00e1ln\u00ed \u0161kody na Va\u0161em voze. Na v\u016fz m\u00e1te n\u00e1rok i v p\u0159\u00edpad\u011b, kdy si nech\u00e1v\u00e1te proplatit \u0161kodu na voze rozpo\u010dtem.\r\n\r\nV ostatn\u00edch p\u0159\u00edpadech V\u00e1m samoz\u0159ejm\u011b tak\u00e9 r\u00e1di zap\u016fj\u010d\u00edme v\u016fz. Budete-li servisovat v autoservisu B-land, s.r.o. (www.b-land.cz), pak m\u00e1te n\u00e1rok na zv\u00fdhodn\u011bn\u00e9 ceny.\r\n\r\n<\/div>\r\n<div><\/div>\r\n<div>\r\n<h3>Jak\u00fd v\u016fz V\u00e1m p\u016fj\u010d\u00edme?<\/h3>\r\n<\/div>\r\n<div><strong>Mal\u00e1 vozidla<\/strong> = Renault Thalia, Renault Clio, \u0160koda Fabia, Dacia Logan, VW Golf, Ford Fiesta, apod<\/div>\r\n<div><\/div>\r\n&nbsp;\r\n<div><strong>Ni\u017e\u0161\u00ed st\u0159edn\u00ed t\u0159\u00edda<\/strong> = Renault Megane, Renault Modus, \u0160koda Roomster, Citroen Berlingo, apod<\/div>\r\n<div><\/div>\r\n&nbsp;\r\n<div><strong>St\u0159edn\u00ed t\u0159\u00edda<\/strong> = \u0160koda Octavia, Renault Megane, Renault Laguna, Opel Meriva, Ford Focus, Opel Astra, apod<\/div>\r\n<div><\/div>\r\n&nbsp;\r\n<div><strong>Luxusn\u00ed t\u0159\u00edda a vozy 4x4<\/strong> = Renault Koleos, \u0160koda Superb, Renault Vel Satis, Renault Espace, VW Sharan, Suzuky Grand Vitara, Mercedes ML, apod<\/div>\r\n<div><\/div>\r\n<strong>Sk\u0159\u00ed\u0148ov\u00e9 dod\u00e1vky a minibusy<\/strong> = Renault Trafic, Renault Master, Opel Vivaro, Ford Tranzit, Renault Kangoo, apod","_et_gb_content_width":"","footnotes":""},"class_list":["post-74","page","type-page","status-publish","hentry"],"aioseo_notices":[],"_links":{"self":[{"href":"https:\/\/carrentalprague.cz\/cs\/wp-json\/wp\/v2\/pages\/74","targetHints":{"allow":["GET"]}}],"collection":[{"href":"https:\/\/carrentalprague.cz\/cs\/wp-json\/wp\/v2\/pages"}],"about":[{"href":"https:\/\/carrentalprague.cz\/cs\/wp-json\/wp\/v2\/types\/page"}],"author":[{"embeddable":true,"href":"https:\/\/carrentalprague.cz\/cs\/wp-json\/wp\/v2\/users\/1"}],"replies":[{"embeddable":true,"href":"https:\/\/carrentalprague.cz\/cs\/wp-json\/wp\/v2\/comments?post=74"}],"version-history":[{"count":12,"href":"https:\/\/carrentalprague.cz\/cs\/wp-json\/wp\/v2\/pages\/74\/revisions"}],"predecessor-version":[{"id":1577,"href":"https:\/\/carrentalprague.cz\/cs\/wp-json\/wp\/v2\/pages\/74\/revisions\/1577"}],"wp:attachment":[{"href":"https:\/\/carrentalprague.cz\/cs\/wp-json\/wp\/v2\/media?parent=74"}],"curies":[{"name":"wp","href":"https:\/\/api.w.org\/{rel}","templated":true}]}}