{"id":751,"date":"2014-11-08T13:29:16","date_gmt":"2014-11-08T12:29:16","guid":{"rendered":"https:\/\/carrentalprague.cz\/?page_id=751"},"modified":"2014-11-08T13:50:28","modified_gmt":"2014-11-08T12:50:28","slug":"vyhody-dlouhodobeho-pronajmu","status":"publish","type":"page","link":"https:\/\/carrentalprague.cz\/cs\/vyhody-dlouhodobeho-pronajmu\/","title":{"rendered":"V\u00fdhody dlouhodob\u00e9ho pron\u00e1jmu"},"content":{"rendered":"<ul>\n<li><a href=\"https:\/\/carrentalprague.cz\/ceniky\/\">Kr\u00e1tkodob\u00fd pron\u00e1jem s limitem<\/a><\/li>\n<li><a href=\"https:\/\/carrentalprague.cz\/ceniky\/\">Kr\u00e1tkodob\u00fd pron\u00e1jem bez limitu<\/a><\/li>\n<li><a href=\"https:\/\/carrentalprague.cz\/ceniky\/\">Dlouhodob\u00fd pron\u00e1jem s limitem<\/a><\/li>\n<li><a title=\"Dlouhodob\u00fd pron\u00e1jem\" href=\"https:\/\/carrentalprague.cz\/ceniky\/\">Dlouhodob\u00fd pron\u00e1jem bez limitu<br \/>\n<\/a><\/li>\n<\/ul>\n<p>To, \u017ee jste zav\u00edtali na webov\u00e9 str\u00e1nky autop\u016fj\u010dovny ASAP Rent car, nav\u00edc do sekce dlouhodob\u00fd pron\u00e1jem automobil\u016f, m\u016f\u017ee znamenat jen jedinou v\u011bc. Z\u0159ejm\u011b p\u0159em\u00fd\u0161l\u00edte tom, jak se st\u00e1t mobiln\u00edmi na del\u0161\u00ed \u010das. Z\u0159ejm\u011b se te\u010f ve Va\u0161\u00ed hlav\u011b hon\u00ed slova \u201eleasing, operativn\u00ed leasing a dlouhodob\u00fd pron\u00e1jem\u201c.<\/p>\n<h2>V\u00e1h\u00e1te mezi leasingem automobilu a pron\u00e1jmem?<\/h2>\n<p>Pak se pod\u00edvejte na uk\u00e1zkovou kalkulaci automobilu <strong>vy\u0161\u0161\u00ed t\u0159\u00eddy<\/strong>. Prodejn\u00ed cena: <strong>680.588,- K\u010d bez DPH = 809.900,- K\u010d s DPH<\/strong><\/p>\n<h3>Finan\u010dn\u00ed leasing na 36 m\u011bs\u00edc\u016f<\/h3>\n<table>\n<tbody>\n<tr>\n<th style=\"text-align: left;\">Akontace:<\/th>\n<td>30% + 247.970,- K\u010d<\/td>\n<\/tr>\n<tr>\n<th style=\"text-align: left;\">N\u00e1klady na \u00fadr\u017ebu a opravy p\u0159edepsan\u00e9 prodejcem:<\/th>\n<td>+ 150.000,- K\u010d<\/td>\n<\/tr>\n<tr>\n<th style=\"text-align: left;\">Letn\u00ed a zimn\u00ed pneu:<\/th>\n<td>+ 20.000,- K\u010d<\/td>\n<\/tr>\n<tr>\n<th style=\"text-align: left;\">N\u00e1klady na n\u00e1hradn\u00ed v\u016fz:<\/th>\n<td>+ 25.000,- K\u010d<\/td>\n<\/tr>\n<tr>\n<th style=\"text-align: left;\">Povinn\u00e9 ru\u010den\u00ed a havarijn\u00ed poji\u0161t\u011bn\u00ed:<\/th>\n<td>+ 89.000,- K\u010d<\/td>\n<\/tr>\n<tr>\n<th style=\"text-align: left;\">Silni\u010dn\u00ed da\u0148:<\/th>\n<td>+ 9.000,- K\u010d<\/td>\n<\/tr>\n<tr>\n<th style=\"text-align: left;\">D\u00e1lni\u010dn\u00ed zn\u00e1mka:<\/th>\n<td>+ 2.700,- K\u010d<\/td>\n<\/tr>\n<tr>\n<th style=\"text-align: left;\">M\u011bs\u00ed\u010dn\u00ed spl\u00e1tka:<\/th>\n<td>19.081,- K\u010d x 36 = + 686.916,- K\u010d<\/td>\n<\/tr>\n<tr>\n<th style=\"text-align: left;\">N\u00e1klady celkem:<\/th>\n<td>+ 1.244.667,- K\u010d<\/td>\n<\/tr>\n<tr>\n<th>Po skon\u010den\u00ed leasingu je v\u016fz prodejn\u00fd za 25% kupn\u00ed ceny:<\/th>\n<td>&#8211; 202.475,- K\u010d<\/td>\n<\/tr>\n<tr>\n<th style=\"text-align: left;\">Celkem<\/th>\n<td>+ 1.023.111,- K\u010d v\u010detn\u011b DPH<\/td>\n<\/tr>\n<\/tbody>\n<\/table>\n<p>&nbsp;<\/p>\n<h3>Operativn\u00ed leasing na 36 m\u011bs\u00edc\u016f<\/h3>\n<table>\n<tbody>\n<tr>\n<th style=\"text-align: left;\">Akontace:<\/th>\n<td>0% + 0,- K\u010d<\/td>\n<\/tr>\n<tr>\n<th style=\"text-align: left;\">M\u011bs\u00ed\u010dn\u00ed spl\u00e1tka:<\/th>\n<td>24.350,- K\u010d x 36 = + 876.600,- K\u010d<\/td>\n<\/tr>\n<tr>\n<th style=\"text-align: left;\">Z\u016fstatkov\u00e1 cena pro odkup:<\/th>\n<td>+ 226.772,- K\u010d<\/td>\n<\/tr>\n<tr>\n<th style=\"text-align: left;\">N\u00e1klady celkem:<\/th>\n<td>+ 1.103.372,- K\u010d<\/td>\n<\/tr>\n<tr>\n<th>Po skon\u010den\u00ed leasingu je v\u016fz prodejn\u00fd za 25% kupn\u00ed ceny:<\/th>\n<td>&#8211; 202.475,- K\u010d<\/td>\n<\/tr>\n<tr>\n<th style=\"text-align: left;\">Celkem<\/th>\n<td>+ 900.897,- K\u010d v\u010detn\u011b DPH<\/td>\n<\/tr>\n<\/tbody>\n<\/table>\n<p>&nbsp;<\/p>\n<h3>Dlouhodob\u00fd pron\u00e1jem na 36 m\u011bs\u00edc\u016f<\/h3>\n<table>\n<tbody>\n<tr>\n<th style=\"text-align: left;\">Akontace:<\/th>\n<td>0% + 0,- K\u010d<\/td>\n<\/tr>\n<tr>\n<th>M\u011bs\u00ed\u010dn\u00ed spl\u00e1tka:<\/th>\n<td>23.800,- K\u010d x 36 = + 856.800,- K\u010d<\/td>\n<\/tr>\n<tr>\n<th>N\u00e1klady celkem:<\/th>\n<td>+ 856.800,- K\u010d v\u010detn\u011b DPH<\/td>\n<\/tr>\n<\/tbody>\n<\/table>\n<p>&nbsp;<\/p>\n<p><strong>V\u00e1\u0161 finan\u010dn\u00ed v\u00fdsledek:<\/strong><br \/>\nRozd\u00edl mezi koup\u00ed vozu na finan\u010dn\u00ed leasing a dlouhodob\u00e9ho pron\u00e1jmu u na\u0161\u00ed spole\u010dnosti je 166.311,-K\u010d.<br \/>\nV p\u0159\u00edpad\u011b porovn\u00e1n\u00ed operativn\u00edho leasingu dlouhodob\u00e9ho pron\u00e1jmu rozd\u00edl \u010din\u00ed 44.097,- K\u010d ve prosp\u011bch pron\u00e1jmu.<br \/>\nV\u011b\u0159te, \u017ee i u jin\u00fdch typ\u016f aut vych\u00e1z\u00ed kalkulace podobn\u011b.<\/p>\n<p>&nbsp;<\/p>\n<h2>Hlavn\u00ed v\u00fdhody dlouhodob\u00e9ho pron\u00e1jmu:<\/h2>\n<ol>\n<li>Odpadne V\u00e1m starost o nemal\u00e9 platby, kter\u00e9 jsou spojeny s provozem vozidla. Zcela v na\u0161\u00ed re\u017eii bude zaplacen\u00ed silni\u010dn\u00ed dan\u011b, poji\u0161t\u011bn\u00ed (havarijn\u00ed i z\u00e1konn\u00e9), poplatek za r\u00e1dio, d\u00e1lni\u010dn\u00ed zn\u00e1mky, ale tak\u00e9 servis a \u00fadr\u017eba vozidla*, letn\u00ed i zimn\u00ed pneumatiky a jejich skladov\u00e1n\u00ed a mnoho dal\u0161\u00edho. Ano, tohle V\u00e1m v\u011bt\u0161inou nab\u00eddne i operativn\u00ed leasing.<\/li>\n<li>Nespornou v\u00fdhodou jsou nemal\u00e9 da\u0148ov\u00e9 v\u00fdhody \u2013 ve\u0161ker\u00e9 spl\u00e1tky jsou n\u00e1kladov\u00fdmi polo\u017ekami. S t\u00edm souvis\u00ed i rovnom\u011brn\u00e9 cash-flow firmy \u2013 zanesen\u00ed ve\u0161ker\u00fdch odvod\u016f z\u00e1konn\u00fdch dan\u00ed a placen\u00ed poplatk\u016f (silni\u010dn\u00ed da\u0148, poplatky za autor\u00e1dia, d\u00e1lni\u010dn\u00ed zn\u00e1mky, aj.) jsou rozpu\u0161t\u011bny ve spl\u00e1tk\u00e1ch pron\u00e1jmu. Nav\u00edc si m\u016f\u017eete ode\u010d\u00edst DPH i u osobn\u00edch vozidel. Limit 1.500.000,- K\u010d pro da\u0148ov\u011b uznateln\u00fd z\u00e1klad V\u00e1s u\u017e nemus\u00ed v\u016fbec tr\u00e1pit. Operativn\u00ed leasing tento bod spl\u0148uje rovn\u011b\u017e.<\/li>\n<li>Nemus\u00edte myslet na akontaci, prost\u011b jen zaplat\u00edte spl\u00e1tku na dal\u0161\u00ed m\u011bs\u00edc a m\u016f\u017eete odjet. Dokonce i toto je mo\u017en\u00e9 u operativn\u00edho leasingu.<\/li>\n<li>Co V\u00e1m ale jist\u011b \u017e\u00e1dn\u00e1 leasingov\u00e1 spole\u010dnost nenab\u00eddne je hlavn\u00ed plus dlouhodob\u00e9ho pron\u00e1jmu: KDY\u017d AUTO NEPOT\u0158EBUJETE, JEDNODU\u0160E HO VR\u00c1T\u00cdTE A U\u017d V\u00cdC NEPLAT\u00cdTE! Ka\u017ed\u00fd leasing, a\u0165 u\u017e b\u011b\u017en\u00fd nebo operativn\u00ed V\u00e1s sv\u00fdm zp\u016fsobem svazuje, mus\u00edte p\u0159i podpisu smlouvy \u0159\u00edci, jak dlouho jej budete spl\u00e1cet. Minim\u00e1ln\u011b na n\u011bkolik m\u011bs\u00edc\u016f pak nem\u016f\u017eete sv\u00e9 rozhodnut\u00ed zm\u011bnit. P\u0159itom se Va\u0161e situace m\u016f\u017ee zm\u011bnit \u2013 sez\u00f3nn\u00ed v\u00fdkyvy, odchod zam\u011bstnance, pot\u0159eba v\u011bt\u0161\u00edho nebo naopak men\u0161\u00edho auta\u2026 Nic pro n\u00e1s nen\u00ed probl\u00e9m. Prost\u011b jen zavol\u00e1te a od dal\u0161\u00edho m\u011bs\u00edce se operativn\u011b p\u0159izp\u016fsob\u00edme Va\u0161\u00ed pot\u0159eb\u011b.<\/li>\n<li>Zaji\u0161t\u011bn\u00ed asistence na\u0161imi zam\u011bstnanci 24 hodin \/ 365 dn\u00ed v roce.<\/li>\n<li>P\u0159istaven\u00ed <a href=\"https:\/\/carrentalprague.cz\/nahradni-vozy-nehoda\/\" target=\"_blank\">n\u00e1hradn\u00edch vozidel<\/a> s vyu\u017eit\u00edm atraktivn\u00edch slev v p\u0159\u00edpad\u011b pot\u0159eby. Ve v\u011bt\u0161in\u011b p\u0159\u00edpad\u016f dokonce zcela zdarma.<\/li>\n<li>Nehoda? Ano, i to bohu\u017eel pat\u0159\u00ed k \u017eivotu. V takov\u00e9 chv\u00edli se na n\u00e1s m\u016f\u017eete spolehnout. Za\u0159\u00edd\u00edme likvidaci pojistn\u00e9 ud\u00e1losti a V\u00e1m samoz\u0159ejm\u011b poskytneme n\u00e1hradn\u00ed vozidlo. V p\u0159\u00edpad\u011b leasingu byste museli nad\u00e1le automobil spl\u00e1cet a nakonec zjistili, jak m\u00e1lo poji\u0161\u0165ovna ocenila jeho z\u016fstatkovou hodnotu. U n\u00e1s budete platit pouze v p\u0159\u00edpad\u011b, \u017ee se rozhodnete pro jin\u00fd automobil z na\u0161eho vozov\u00e9ho parku. Jinak samoz\u0159ejm\u011b nebudete platit nic a z\u016fstatkov\u00e1 cena V\u00e1s nemus\u00ed tr\u00e1pit.<\/li>\n<li>Nenesete rizika spojen\u00e1 s vlastnictv\u00edm vozidel, nenesete rizika spojen\u00e1 s poklesem z\u016fstatkov\u00e9 hodnoty vozidel, neplat\u00edte n\u00e1klady spojen\u00e9 s \u00fadr\u017ebou star\u0161\u00edch vozidel.<\/li>\n<li>Do Va\u0161eho \u00fa\u010detnictv\u00ed n\u00e1m nic nen\u00ed! Leasingov\u00e9 spole\u010dnosti V\u00e1s nejd\u0159\u00edve budou zdlouhav\u011b prov\u011b\u0159ovat, jestli jste hodni st\u00e1t se jejich klienty. V\u011bt\u0161inou mus\u00edte p\u0159edlo\u017eit \u00fa\u010detn\u00ed uz\u00e1v\u011brky za 2 posledn\u00ed roky (V\u00fdsledovka, Bilance, V\u00fdrok auditora, Cash Flow) a mnoho dal\u0161\u00edch dokument\u016f. N\u00e1m sta\u010d\u00ed toto:\n<ul>\n<li><strong>Pr\u00e1vnick\u00e1 osoba:<\/strong> v\u00fdpis z OR, osv\u011bd\u010den\u00ed o registraci DI\u010c, objedn\u00e1vka na hlavi\u010dkov\u00e9m pap\u00ed\u0159e s podpisem statut\u00e1rn\u00edho z\u00e1stupce, pln\u00e1 moc od statut\u00e1rn\u00edho z\u00e1stupce (nen\u00ed-li p\u0159\u00edtomen p\u0159i p\u0159evzet\u00ed), ob\u010dansk\u00fd pr\u016fkaz nebo pas \u0159idi\u010de, \u0159idi\u010dsk\u00fd pr\u016fkaz sk. B \u0159idi\u010de.<\/li>\n<li><strong>Fyzick\u00e1 osoba, \u017divnostn\u00edk:<\/strong> ob\u010dansk\u00fd pr\u016fkaz, \u0159idi\u010dsk\u00fd pr\u016fkaz sk. B, t\u0159et\u00ed doklad k ov\u011b\u0159en\u00ed adresy (SIPO, vy\u00fa\u010dtov\u00e1n\u00ed telefonu, kreditn\u00ed \u010di platebn\u00ed karta, V\u0160 index, doklad o servisov\u00e1n\u00ed vozu n\u00e1jemce, policejn\u00ed protokol o nehod\u011b vozu n\u00e1jemce \u2013 nebo jin\u00fd doklad zn\u011bj\u00edc\u00ed na jm\u00e9no a adresu klienta s max. st\u00e1\u0159\u00edm 2 m\u011bs\u00edce), \u017eivnostensk\u00fd list (u \u017eivnostn\u00edka)<\/li>\n<li><strong>Cizinci<\/strong>: cestovn\u00ed pas, \u0159idi\u010dsk\u00fd pr\u016fkaz, kreditn\u00ed karta<\/li>\n<li>Zkr\u00e1tka jen p\u0159edlo\u017e\u00edte b\u011b\u017en\u00e9 doklady, zaplat\u00edte na m\u011bs\u00edc dop\u0159edu a m\u016f\u017eeme si \u0159\u00edkat partne\u0159i.<\/li>\n<\/ul>\n<\/li>\n<li>Ur\u010dit\u011b se domluv\u00edme\u2026 Je mo\u017en\u00e9 tak\u00e9 slu\u017eby nepau\u0161alizovat a nechat ve spl\u00e1tce n\u00e1jmu jen z\u00e1konn\u00e9 poplatky (silni\u010dn\u00ed da\u0148, poplatek za r\u00e1dio, poji\u0161t\u011bn\u00ed + dopl\u0148kov\u00e1 poji\u0161t\u011bn\u00ed dle Va\u0161eho p\u0159\u00e1n\u00ed) a d\u00e1lni\u010dn\u00ed zn\u00e1mku. Ostatn\u00ed \u010derp\u00e1n\u00ed servisu, pneuservisu, vyu\u017eit\u00ed n\u00e1hradn\u00edho vozidla, bychom V\u00e1m p\u0159efakturov\u00e1vali v m\u011bs\u00ed\u010dn\u00edch reportech. Nebo je Va\u0161e p\u0159edstava \u00fapln\u011b jin\u00e1? Nevad\u00ed, zavolejte n\u00e1m nebo napi\u0161te a ur\u010dit\u011b najdeme cestu, kter\u00e1 bude pro ob\u011b strany zaj\u00edmav\u00e1.<\/li>\n<\/ol>\n<p>Pr\u00e1v\u011b jste do\u010detli z\u00e1kladn\u00ed desatero platn\u00e9 pro dlouhodob\u00fd pron\u00e1jem. Z\u0159ejm\u011b budete pot\u0159ebovat chv\u00edli p\u0159em\u00fd\u0161let a bezpochyby V\u00e1s napadnou dal\u0161\u00ed ot\u00e1zky. Ur\u010dit\u011b V\u00e1s budou zaj\u00edmat i ceny. Ty si m\u016f\u017eete prohl\u00e9dnout v na\u0161em <a title=\"Dlouhodob\u00fd pron\u00e1jem\" href=\"https:\/\/carrentalprague.cz\/ceniky\/\" target=\"_blank\">cen\u00edku<\/a>. M\u016f\u017eeme-li V\u00e1m n\u011bjak pomoci na n\u011b odpov\u011bd\u011bt. Nev\u00e1hejte n\u00e1s <a title=\"Kontakt\" href=\"https:\/\/carrentalprague.cz\/kontakt\/\">kontaktovat<\/a>.<\/p>\n<p>&nbsp;<\/p>\n<hr size=\"2\" width=\"100%\" \/>\n<p>&nbsp;<\/p>\n<p>* Servisn\u00ed n\u00e1klady zahrnuj\u00ed n\u00e1klady na pr\u00e1ci a \u00fakony po\u017eadovan\u00e9 v\u00fdrobcem souvisej\u00edc\u00ed se zachov\u00e1n\u00edm z\u00e1ruky na vozidlo a prov\u00e1d\u011bn\u00e9 p\u0159i pravideln\u00fdch servisn\u00edch prohl\u00eddk\u00e1ch (v\u010detn\u011b povinn\u00fdch prohl\u00eddek \u2013 ME a STK). Jedn\u00e1 se nap\u0159\u00edklad o v\u00fdm\u011bnu oleje, vzduchov\u00fdch a palivov\u00fdch filtr\u016f, dopln\u011bn\u00ed provozn\u00edch kapalin. D\u00e1le n\u00e1klady na pr\u00e1ci a \u00fakony, u nich\u017e lze o\u010dek\u00e1vat \u017ee v pr\u016fb\u011bhu pron\u00e1jmu bude nutn\u00e9 prov\u00e9st. Jedn\u00e1 se nap\u0159\u00edklad o v\u00fdm\u011bnu brzdov\u00e9ho oblo\u017een\u00ed p\u0159edn\u00edch a zadn\u00edch brzd, tlumi\u010d\u016f p\u0159edn\u00ed a zadn\u00ed n\u00e1pravy, vybran\u00fdch mechanick\u00fdch \u010d\u00e1st\u00ed p\u0159edn\u00ed n\u00e1pravy, st\u00edrac\u00edch li\u0161t, se\u0159izov\u00e1n\u00ed geometrie p\u0159edn\u00ed n\u00e1pravy.<\/p>\n<p>U dlouhodob\u00e9ho pron\u00e1jmu sta\u010d\u00ed zavolat a informovat n\u00e1s o pl\u00e1novan\u00e9 prohl\u00eddce \u010di v\u00fdm\u011bn\u011b pneu a my v\u0161e za\u0159\u00edd\u00edme. U\u017eivatel\u00e9 vozidel nejsou \u010dasov\u011b omezeni &#8222;sh\u00e1n\u011bn\u00edm&#8220; voln\u00fdch term\u00edn\u016f. V p\u0159\u00edpad\u011b pot\u0159eby je mo\u017en\u00e9 za poplatek zajistit i vyzvednut\u00ed vozidla v dan\u00fd \u010das na p\u0159edem domluven\u00e9m m\u00edst\u011b a vr\u00e1cen\u00ed zp\u011bt.<\/p>\n","protected":false},"excerpt":{"rendered":"<p>Kr\u00e1tkodob\u00fd pron\u00e1jem s limitem Kr\u00e1tkodob\u00fd pron\u00e1jem bez limitu Dlouhodob\u00fd pron\u00e1jem s limitem Dlouhodob\u00fd pron\u00e1jem bez limitu To, \u017ee jste zav\u00edtali na webov\u00e9 str\u00e1nky autop\u016fj\u010dovny ASAP Rent car, nav\u00edc do sekce dlouhodob\u00fd pron\u00e1jem automobil\u016f, m\u016f\u017ee znamenat jen jedinou v\u011bc. Z\u0159ejm\u011b p\u0159em\u00fd\u0161l\u00edte tom, jak se st\u00e1t mobiln\u00edmi na del\u0161\u00ed \u010das. Z\u0159ejm\u011b se te\u010f ve Va\u0161\u00ed hlav\u011b hon\u00ed [&hellip;]<\/p>\n","protected":false},"author":2,"featured_media":0,"parent":0,"menu_order":0,"comment_status":"closed","ping_status":"closed","template":"","meta":{"_et_pb_use_builder":"","_et_pb_old_content":"","_et_gb_content_width":"","footnotes":""},"class_list":["post-751","page","type-page","status-publish","hentry"],"aioseo_notices":[],"_links":{"self":[{"href":"https:\/\/carrentalprague.cz\/cs\/wp-json\/wp\/v2\/pages\/751","targetHints":{"allow":["GET"]}}],"collection":[{"href":"https:\/\/carrentalprague.cz\/cs\/wp-json\/wp\/v2\/pages"}],"about":[{"href":"https:\/\/carrentalprague.cz\/cs\/wp-json\/wp\/v2\/types\/page"}],"author":[{"embeddable":true,"href":"https:\/\/carrentalprague.cz\/cs\/wp-json\/wp\/v2\/users\/2"}],"replies":[{"embeddable":true,"href":"https:\/\/carrentalprague.cz\/cs\/wp-json\/wp\/v2\/comments?post=751"}],"version-history":[{"count":4,"href":"https:\/\/carrentalprague.cz\/cs\/wp-json\/wp\/v2\/pages\/751\/revisions"}],"predecessor-version":[{"id":762,"href":"https:\/\/carrentalprague.cz\/cs\/wp-json\/wp\/v2\/pages\/751\/revisions\/762"}],"wp:attachment":[{"href":"https:\/\/carrentalprague.cz\/cs\/wp-json\/wp\/v2\/media?parent=751"}],"curies":[{"name":"wp","href":"https:\/\/api.w.org\/{rel}","templated":true}]}}