{"id":755,"date":"2014-11-08T13:41:15","date_gmt":"2014-11-08T12:41:15","guid":{"rendered":"https:\/\/carrentalprague.cz\/?page_id=755"},"modified":"2015-10-30T17:54:15","modified_gmt":"2015-10-30T16:54:15","slug":"kauce","status":"publish","type":"page","link":"https:\/\/carrentalprague.cz\/cs\/kauce\/","title":{"rendered":"Kauce"},"content":{"rendered":"<table width=\"422\" border=\"0\" cellspacing=\"0\" cellpadding=\"0\">\n<colgroup>\n<col width=\"152\" \/>\n<col width=\"116\" \/>\n<col width=\"64\" \/>\n<col width=\"90\" \/> <\/colgroup>\n<tbody>\n<tr>\n<td width=\"152\" height=\"26\"><\/td>\n<td style=\"text-align: center;\" width=\"116\"><strong>CZK<\/strong><\/td>\n<td style=\"text-align: center;\" width=\"64\"><strong>EUR<\/strong><\/td>\n<td style=\"text-align: center;\" width=\"90\"><strong>USD<\/strong><\/td>\n<\/tr>\n<tr>\n<td width=\"152\" height=\"26\"><strong>economy<\/strong><\/td>\n<td style=\"text-align: center;\">5000<\/td>\n<td style=\"text-align: center;\">200<\/td>\n<td style=\"text-align: center;\">250<\/td>\n<\/tr>\n<tr>\n<td width=\"152\" height=\"26\"><strong>standard<\/strong><\/td>\n<td style=\"text-align: center;\">10000<\/td>\n<td style=\"text-align: center;\">400<\/td>\n<td style=\"text-align: center;\">500<\/td>\n<\/tr>\n<tr>\n<td width=\"152\" height=\"26\"><strong>business<\/strong><\/td>\n<td style=\"text-align: center;\">10000<\/td>\n<td style=\"text-align: center;\">400<\/td>\n<td style=\"text-align: center;\">500<\/td>\n<\/tr>\n<tr>\n<td width=\"152\" height=\"26\"><strong>multiseats<\/strong><\/td>\n<td style=\"text-align: center;\">15000<\/td>\n<td style=\"text-align: center;\">600<\/td>\n<td style=\"text-align: center;\">750<\/td>\n<\/tr>\n<tr>\n<td width=\"152\" height=\"26\"><strong>u\u017eitkov\u00e9 \/ van<\/strong><\/td>\n<td style=\"text-align: center;\">10000 &#8211; 15000<\/td>\n<td style=\"text-align: center;\">400 &#8211; 600<\/td>\n<td style=\"text-align: center;\">500 &#8211; 750<\/td>\n<\/tr>\n<\/tbody>\n<\/table>\n<p>&nbsp;<\/p>\n<p>Bohu\u017eel, i v t\u00e9to oblasti podnik\u00e1n\u00ed se vyskytuj\u00ed podvodn\u00edci, kte\u0159\u00ed si zap\u016fj\u010d\u00ed automobil a \u201ezapomenou\u201c jej vr\u00e1tit nebo ho vr\u00e1t\u00ed po\u0161kozen\u00fd. Pro tyto p\u0159\u00edpady jsou autop\u016fj\u010dovny nuceny vyb\u00edrat p\u0159ed zap\u016fj\u010den\u00edm od sv\u00fdch z\u00e1kazn\u00edk\u016f kauci. Kauce jsou r\u016fzn\u00e9 v\u00fd\u0161e, viz. tabulka. Li\u0161\u00ed se podle typu automobil\u016f.  https:\/\/carrentalprague.cz\/kauce\/ https:\/\/carrentalprague.cz\/kauce\/ https:\/\/carrentalprague.cz\/kauce\/V p\u0159\u00edpad\u011b, \u017ee vr\u00e1t\u00edte automobil v po\u0159\u00e1dku, bude V\u00e1m kauce vr\u00e1cena p\u0159i p\u0159evzet\u00ed vozu v pln\u00e9 v\u00fd\u0161i. D\u011bkujeme za pochopen\u00ed.<\/p>\n<p>Doporu\u010dujeme p\u0159e\u010d\u00edst si<a href=\"https:\/\/carrentalprague.cz\/podminky\/\"> podm\u00ednky <\/a>pron\u00e1jmu a smlouvu.<\/p>\n","protected":false},"excerpt":{"rendered":"<p>CZK EUR USD economy 5000 200 250 standard 10000 400 500 business 10000 400 500 multiseats 15000 600 750 u\u017eitkov\u00e9 \/ van 10000 &#8211; 15000 400 &#8211; 600 500 &#8211; 750 &nbsp; Bohu\u017eel, i v t\u00e9to oblasti podnik\u00e1n\u00ed se vyskytuj\u00ed podvodn\u00edci, kte\u0159\u00ed si zap\u016fj\u010d\u00ed automobil a \u201ezapomenou\u201c jej vr\u00e1tit nebo ho vr\u00e1t\u00ed po\u0161kozen\u00fd. Pro tyto [&hellip;]<\/p>\n","protected":false},"author":2,"featured_media":0,"parent":0,"menu_order":0,"comment_status":"closed","ping_status":"closed","template":"","meta":{"_et_pb_use_builder":"","_et_pb_old_content":"","_et_gb_content_width":"","footnotes":""},"class_list":["post-755","page","type-page","status-publish","hentry"],"aioseo_notices":[],"_links":{"self":[{"href":"https:\/\/carrentalprague.cz\/cs\/wp-json\/wp\/v2\/pages\/755","targetHints":{"allow":["GET"]}}],"collection":[{"href":"https:\/\/carrentalprague.cz\/cs\/wp-json\/wp\/v2\/pages"}],"about":[{"href":"https:\/\/carrentalprague.cz\/cs\/wp-json\/wp\/v2\/types\/page"}],"author":[{"embeddable":true,"href":"https:\/\/carrentalprague.cz\/cs\/wp-json\/wp\/v2\/users\/2"}],"replies":[{"embeddable":true,"href":"https:\/\/carrentalprague.cz\/cs\/wp-json\/wp\/v2\/comments?post=755"}],"version-history":[{"count":3,"href":"https:\/\/carrentalprague.cz\/cs\/wp-json\/wp\/v2\/pages\/755\/revisions"}],"predecessor-version":[{"id":761,"href":"https:\/\/carrentalprague.cz\/cs\/wp-json\/wp\/v2\/pages\/755\/revisions\/761"}],"wp:attachment":[{"href":"https:\/\/carrentalprague.cz\/cs\/wp-json\/wp\/v2\/media?parent=755"}],"curies":[{"name":"wp","href":"https:\/\/api.w.org\/{rel}","templated":true}]}}