{"id":8,"date":"2014-01-19T10:13:12","date_gmt":"2014-01-19T09:13:12","guid":{"rendered":"https:\/\/carrentalprague.cz\/?page_id=8"},"modified":"2025-10-23T23:09:51","modified_gmt":"2025-10-23T21:09:51","slug":"ceniky","status":"publish","type":"page","link":"https:\/\/carrentalprague.cz\/cs\/ceniky\/","title":{"rendered":"CEN\u00cdKY"},"content":{"rendered":"<style>\r\n    @media only screen and (max-width: 600px) {\r\n        .vypis-table td:nth-of-type(1):before { content: \"Skupina\"; margin-top:5px; }\r\n        .vypis-table td:nth-of-type(2):before { content: \"Typ automobilu\"; margin-top:5px; }\r\n        .vypis-table td:nth-of-type(3):before { content: \"Dve\u0159e\"; margin-top:5px; }\r\n        .vypis-table td:nth-of-type(4):before { \r\n        content: \"\"; \r\n        background: url(\"https:\/\/carrentalprague.cz\/wp-content\/plugins\/autopujcovna-main\/includes\/shortcodes\/assets\/img\/logo_prevodovka.PNG\"); \r\n        position: absolute; \r\n        z-index: 100000; \r\n        left: 18%; \r\n        height: 30px; \r\n        width: 30px; \r\n        background-size: cover; \r\n    }\r\n        .vypis-table td:nth-of-type(5):before { \r\n        content: \"\"; \r\n        background: url(\"https:\/\/carrentalprague.cz\/wp-content\/plugins\/autopujcovna-main\/includes\/shortcodes\/assets\/img\/logo_ac.PNG\"); \r\n        position: absolute; \r\n        z-index: 100000; \r\n        left: 18%; \r\n        height: 30px; \r\n        width: 30px; \r\n        background-size: cover; \r\n    }\r\n        .vypis-table td:nth-of-type(6):before { \r\n        content: \"\"; \r\n        background: url(\"https:\/\/carrentalprague.cz\/wp-content\/plugins\/autopujcovna-main\/includes\/shortcodes\/assets\/img\/logo_lidi.PNG\"); \r\n        position: absolute; \r\n        z-index: 100000; \r\n        left: 18%; \r\n        height: 30px; \r\n        width: 30px; \r\n        background-size: cover; \r\n    }\r\n        .vypis-table td:nth-of-type(7):before,\r\n        .vypis-table td:nth-of-type(8):before { content: \"1-2 den\"; }\r\n        .vypis-table td:nth-of-type(9):before,\r\n        .vypis-table td:nth-of-type(10):before { content: \"3-6 den\"; }\r\n        .vypis-table td:nth-of-type(11):before,\r\n        .vypis-table td:nth-of-type(12):before { content: \"7-30 den\"; }\r\n        .vypis-table td:nth-of-type(13):before,\r\n        .vypis-table td:nth-of-type(14):before { content: \"31+ m\u011bs.\"; }\r\n    }\r\n<\/style><div id=\"cenik\">\r\n            <div class=\"cenik-ovladac\">\r\n                <div class=\"cenik-leva\">\r\n                    <div class=\"cenik-nadpis ovl-li\" attr=\"sks\">CENY S DPH<\/div>\r\n                <\/div>\r\n                <div class=\"cenik-prava\">\r\n                    <div class=\"cenik-nadpis ovl-li\" attr=\"bks\">CENY BEZ DPH<\/div>\r\n                <\/div>\r\n            <\/div>\r\n            <div id=\"vypis\">\r\n                <div class=\"vypis-nadpis sks \">CENY S DPH<\/div>\r\n                <div class=\"vypis-nadpis bks\">CENY BEZ DPH<\/div>\r\n            <\/div><table class=\"vypis-table sks skb bks bkb sds sdb bds bdb\" role=\"table\" id=\"scrollto\"><thead role=\"rowgroup\"><tr style=\"height:0px;\" role=\"row\"><th rowspan=\"2\" role=\"columnheader\">Skupina<\/th><th rowspan=\"2\" role=\"columnheader\">Typ automobilu<\/th><th rowspan=\"2\" role=\"columnheader\">Dve\u0159e<\/th><th rowspan=\"2\" role=\"columnheader\"><img decoding=\"async\" src=\"https:\/\/carrentalprague.cz\/wp-content\/plugins\/autopujcovna-main\/includes\/shortcodes\/assets\/img\/logo_prevodovka.png\" title=\"p\u0159evodovka\"\/><\/th><th rowspan=\"2\" role=\"columnheader\"><img decoding=\"async\" src=\"https:\/\/carrentalprague.cz\/wp-content\/plugins\/autopujcovna-main\/includes\/shortcodes\/assets\/img\/logo_ac.png\" title=\"klimatizace\"\/><\/th><th rowspan=\"2\" role=\"columnheader\"><img decoding=\"async\" src=\"https:\/\/carrentalprague.cz\/wp-content\/plugins\/autopujcovna-main\/includes\/shortcodes\/assets\/img\/logo_lidi.png\" title=\"Po\u010det osob\"\/><\/th><th colspan=\"4\" class=\"sks skb bks bkb\" role=\"columnheader\">Cena v CZK za den<\/th><th colspan=\"4\" class=\"sds sdb bds bdb\" role=\"columnheader\">Cena v CZK za m\u011bs\u00edc<\/th><th rowspan=\"2\" role=\"columnheader\"><\/th><\/tr><tr style=\"border:none;height:0px;\" role=\"row\" role=\"columnheader\"><th class=\"sks bks\">1-2<\/th><th class=\"sks bks\">3-6<\/th><th class=\"sks bks\">7-30<\/th><th class=\"sks bks\">31+<\/th><\/tr><\/thead><tbody role=\"rowgroup\"><tr role=\"row\"><td>Economy<\/td><td role=\"cell\">\u0160koda Citigo<\/td><td role=\"cell\">3<\/td><td role=\"cell\">Manu\u00e1l<\/td><td role=\"cell\">Ne<\/td><td role=\"cell\">4<\/td><td role=\"cell\" class=\"sks\">908<\/td><td role=\"cell\" class=\"bks\">750<\/td><td role=\"cell\" class=\"sks\">847<\/td><td role=\"cell\" class=\"bks\">700<\/td><td role=\"cell\" class=\"sks\">726<\/td><td role=\"cell\" class=\"bks\">600<\/td><td role=\"cell\" class=\"sks\">13915<\/td><td role=\"cell\" class=\"bks\">11500<\/td><td role=\"cell\"><a class=\"tlac-rez\" href=\"https:\/\/carrentalprague.cz\/cs\/rezervace\/?car=1246\">rezervace<\/a><\/td><\/tr><tr role=\"row\"><td>Economy<\/td><td role=\"cell\">\u0160koda Fabia<\/td><td role=\"cell\">4<\/td><td role=\"cell\">Manu\u00e1l<\/td><td role=\"cell\">Ano<\/td><td role=\"cell\">5<\/td><td role=\"cell\" class=\"sks\">1089<\/td><td role=\"cell\" class=\"bks\">900<\/td><td role=\"cell\" class=\"sks\">1029<\/td><td role=\"cell\" class=\"bks\">850<\/td><td role=\"cell\" class=\"sks\">968<\/td><td role=\"cell\" class=\"bks\">800<\/td><td role=\"cell\" class=\"sks\">16940<\/td><td role=\"cell\" class=\"bks\">14000<\/td><td role=\"cell\"><a class=\"tlac-rez\" href=\"https:\/\/carrentalprague.cz\/cs\/rezervace\/?car=1263\">rezervace<\/a><\/td><\/tr><tr role=\"row\"><td>Automatic<\/td><td role=\"cell\">Renault Clio automat<\/td><td role=\"cell\">3<\/td><td role=\"cell\">Automat<\/td><td role=\"cell\">Ano<\/td><td role=\"cell\">5<\/td><td role=\"cell\" class=\"sks\">1089<\/td><td role=\"cell\" class=\"bks\">900<\/td><td role=\"cell\" class=\"sks\">1029<\/td><td role=\"cell\" class=\"bks\">850<\/td><td role=\"cell\" class=\"sks\">968<\/td><td role=\"cell\" class=\"bks\">800<\/td><td role=\"cell\" class=\"sks\">16940<\/td><td role=\"cell\" class=\"bks\">14000<\/td><td role=\"cell\"><a class=\"tlac-rez\" href=\"https:\/\/carrentalprague.cz\/cs\/rezervace\/?car=1280\">rezervace<\/a><\/td><\/tr><tr role=\"row\"><td>Economy<\/td><td role=\"cell\">\u0160koda Fabia combi<\/td><td role=\"cell\">5<\/td><td role=\"cell\">Manu\u00e1l<\/td><td role=\"cell\">Ano<\/td><td role=\"cell\">5<\/td><td role=\"cell\" class=\"sks\">1089<\/td><td role=\"cell\" class=\"bks\">900<\/td><td role=\"cell\" class=\"sks\">1029<\/td><td role=\"cell\" class=\"bks\">850<\/td><td role=\"cell\" class=\"sks\">968<\/td><td role=\"cell\" class=\"bks\">800<\/td><td role=\"cell\" class=\"sks\">18150<\/td><td role=\"cell\" class=\"bks\">15000<\/td><td role=\"cell\"><a class=\"tlac-rez\" href=\"https:\/\/carrentalprague.cz\/cs\/rezervace\/?car=1297\">rezervace<\/a><\/td><\/tr><tr role=\"row\"><td>Standard<\/td><td role=\"cell\">Hyundai i30 combi<\/td><td role=\"cell\">5<\/td><td role=\"cell\">Manu\u00e1l<\/td><td role=\"cell\">Ano<\/td><td role=\"cell\">5<\/td><td role=\"cell\" class=\"sks\">1271<\/td><td role=\"cell\" class=\"bks\">1050<\/td><td role=\"cell\" class=\"sks\">1150<\/td><td role=\"cell\" class=\"bks\">950<\/td><td role=\"cell\" class=\"sks\">1029<\/td><td role=\"cell\" class=\"bks\">850<\/td><td role=\"cell\" class=\"sks\">21780<\/td><td role=\"cell\" class=\"bks\">18000<\/td><td role=\"cell\"><a class=\"tlac-rez\" href=\"https:\/\/carrentalprague.cz\/cs\/rezervace\/?car=1306\">rezervace<\/a><\/td><\/tr><tr role=\"row\"><td>Standard<\/td><td role=\"cell\">Renault Megan combi automat<\/td><td role=\"cell\">5<\/td><td role=\"cell\">Automat<\/td><td role=\"cell\">Ano<\/td><td role=\"cell\">5<\/td><td role=\"cell\" class=\"sks\">1271<\/td><td role=\"cell\" class=\"bks\">1050<\/td><td role=\"cell\" class=\"sks\">1150<\/td><td role=\"cell\" class=\"bks\">950<\/td><td role=\"cell\" class=\"sks\">1029<\/td><td role=\"cell\" class=\"bks\">850<\/td><td role=\"cell\" class=\"sks\">21780<\/td><td role=\"cell\" class=\"bks\">18000<\/td><td role=\"cell\"><a class=\"tlac-rez\" href=\"https:\/\/carrentalprague.cz\/cs\/rezervace\/?car=1315\">rezervace<\/a><\/td><\/tr><tr role=\"row\"><td>Standard<\/td><td role=\"cell\">Renault Megan combi<\/td><td role=\"cell\">5<\/td><td role=\"cell\">Manu\u00e1l<\/td><td role=\"cell\">Ano<\/td><td role=\"cell\">5<\/td><td role=\"cell\" class=\"sks\">1271<\/td><td role=\"cell\" class=\"bks\">1050<\/td><td role=\"cell\" class=\"sks\">1150<\/td><td role=\"cell\" class=\"bks\">950<\/td><td role=\"cell\" class=\"sks\">1029<\/td><td role=\"cell\" class=\"bks\">850<\/td><td role=\"cell\" class=\"sks\">21780<\/td><td role=\"cell\" class=\"bks\">18000<\/td><td role=\"cell\"><a class=\"tlac-rez\" href=\"https:\/\/carrentalprague.cz\/cs\/rezervace\/?car=1324\">rezervace<\/a><\/td><\/tr><tr role=\"row\"><td>Business<\/td><td role=\"cell\">Opel Astra combi<\/td><td role=\"cell\">5<\/td><td role=\"cell\">Manu\u00e1l<\/td><td role=\"cell\">Ano<\/td><td role=\"cell\">5<\/td><td role=\"cell\" class=\"sks\">1331<\/td><td role=\"cell\" class=\"bks\">1100<\/td><td role=\"cell\" class=\"sks\">1210<\/td><td role=\"cell\" class=\"bks\">1000<\/td><td role=\"cell\" class=\"sks\">1150<\/td><td role=\"cell\" class=\"bks\">950<\/td><td role=\"cell\" class=\"sks\">24200<\/td><td role=\"cell\" class=\"bks\">20000<\/td><td role=\"cell\"><a class=\"tlac-rez\" href=\"https:\/\/carrentalprague.cz\/cs\/rezervace\/?car=1333\">rezervace<\/a><\/td><\/tr><tr role=\"row\"><td>Business<\/td><td role=\"cell\">\u0160koda Octavia combi<\/td><td role=\"cell\">5<\/td><td role=\"cell\">Manu\u00e1l<\/td><td role=\"cell\">Ano<\/td><td role=\"cell\">5<\/td><td role=\"cell\" class=\"sks\">1331<\/td><td role=\"cell\" class=\"bks\">1100<\/td><td role=\"cell\" class=\"sks\">1210<\/td><td role=\"cell\" class=\"bks\">1000<\/td><td role=\"cell\" class=\"sks\">1150<\/td><td role=\"cell\" class=\"bks\">950<\/td><td role=\"cell\" class=\"sks\">25410<\/td><td role=\"cell\" class=\"bks\">21000<\/td><td role=\"cell\"><a class=\"tlac-rez\" href=\"https:\/\/carrentalprague.cz\/cs\/rezervace\/?car=1350\">rezervace<\/a><\/td><\/tr><tr role=\"row\"><td>Business<\/td><td role=\"cell\">Toyota Avensis combi<\/td><td role=\"cell\">5<\/td><td role=\"cell\">Manu\u00e1l<\/td><td role=\"cell\">Ano<\/td><td role=\"cell\">5<\/td><td role=\"cell\" class=\"sks\">1331<\/td><td role=\"cell\" class=\"bks\">1100<\/td><td role=\"cell\" class=\"sks\">1271<\/td><td role=\"cell\" class=\"bks\">1050<\/td><td role=\"cell\" class=\"sks\">1150<\/td><td role=\"cell\" class=\"bks\">950<\/td><td role=\"cell\" class=\"sks\">25410<\/td><td role=\"cell\" class=\"bks\">21000<\/td><td role=\"cell\"><a class=\"tlac-rez\" href=\"https:\/\/carrentalprague.cz\/cs\/rezervace\/?car=1359\">rezervace<\/a><\/td><\/tr><tr role=\"row\"><td>Automatic<\/td><td role=\"cell\">Toyota Auris Hybrid<\/td><td role=\"cell\">5<\/td><td role=\"cell\">Automat<\/td><td role=\"cell\">Ano<\/td><td role=\"cell\">5<\/td><td role=\"cell\" class=\"sks\">1392<\/td><td role=\"cell\" class=\"bks\">1150<\/td><td role=\"cell\" class=\"sks\">1331<\/td><td role=\"cell\" class=\"bks\">1100<\/td><td role=\"cell\" class=\"sks\">1271<\/td><td role=\"cell\" class=\"bks\">1050<\/td><td role=\"cell\" class=\"sks\">26620<\/td><td role=\"cell\" class=\"bks\">22000<\/td><td role=\"cell\"><a class=\"tlac-rez\" href=\"https:\/\/carrentalprague.cz\/cs\/rezervace\/?car=1368\">rezervace<\/a><\/td><\/tr><tr role=\"row\"><td>Automatic<\/td><td role=\"cell\">Toyota Corolla Hybrid combi<\/td><td role=\"cell\">5<\/td><td role=\"cell\">Automat<\/td><td role=\"cell\">Ano<\/td><td role=\"cell\">5<\/td><td role=\"cell\" class=\"sks\">1392<\/td><td role=\"cell\" class=\"bks\">1150<\/td><td role=\"cell\" class=\"sks\">1331<\/td><td role=\"cell\" class=\"bks\">1100<\/td><td role=\"cell\" class=\"sks\">1271<\/td><td role=\"cell\" class=\"bks\">1050<\/td><td role=\"cell\" class=\"sks\">26620<\/td><td role=\"cell\" class=\"bks\">22000<\/td><td role=\"cell\"><a class=\"tlac-rez\" href=\"https:\/\/carrentalprague.cz\/cs\/rezervace\/?car=1377\">rezervace<\/a><\/td><\/tr><tr role=\"row\"><td>Automatic<\/td><td role=\"cell\">\u0160koda Octavia combi automat<\/td><td role=\"cell\">5<\/td><td role=\"cell\">Automat<\/td><td role=\"cell\">Ano<\/td><td role=\"cell\">5<\/td><td role=\"cell\" class=\"sks\">1452<\/td><td role=\"cell\" class=\"bks\">1200<\/td><td role=\"cell\" class=\"sks\">1392<\/td><td role=\"cell\" class=\"bks\">1150<\/td><td role=\"cell\" class=\"sks\">1331<\/td><td role=\"cell\" class=\"bks\">1100<\/td><td role=\"cell\" class=\"sks\">29040<\/td><td role=\"cell\" class=\"bks\">24000<\/td><td role=\"cell\"><a class=\"tlac-rez\" href=\"https:\/\/carrentalprague.cz\/cs\/rezervace\/?car=1386\">rezervace<\/a><\/td><\/tr><tr role=\"row\"><td>Automatic<\/td><td role=\"cell\">\u0160koda Kodiaq, automat<\/td><td role=\"cell\">5<\/td><td role=\"cell\">Automat<\/td><td role=\"cell\">Ano<\/td><td role=\"cell\">7<\/td><td role=\"cell\" class=\"sks\">4235<\/td><td role=\"cell\" class=\"bks\">3500<\/td><td role=\"cell\" class=\"sks\">3993<\/td><td role=\"cell\" class=\"bks\">3300<\/td><td role=\"cell\" class=\"sks\">3751<\/td><td role=\"cell\" class=\"bks\">3100<\/td><td role=\"cell\" class=\"sks\">42350<\/td><td role=\"cell\" class=\"bks\">35000<\/td><td role=\"cell\"><a class=\"tlac-rez\" href=\"https:\/\/carrentalprague.cz\/cs\/rezervace\/?car=1395\">rezervace<\/a><\/td><\/tr><tr role=\"row\"><td>V\u00edcem\u00edstn\u00e9<\/td><td role=\"cell\">Toyota Proace combi L &#8211; 9 m\u00edst, manual<\/td><td role=\"cell\">5<\/td><td role=\"cell\">Manu\u00e1l<\/td><td role=\"cell\">Ano<\/td><td role=\"cell\">9<\/td><td role=\"cell\" class=\"sks\">3025<\/td><td role=\"cell\" class=\"bks\">2500<\/td><td role=\"cell\" class=\"sks\">2844<\/td><td role=\"cell\" class=\"bks\">2350<\/td><td role=\"cell\" class=\"sks\">2541<\/td><td role=\"cell\" class=\"bks\">2100<\/td><td role=\"cell\" class=\"sks\">33880<\/td><td role=\"cell\" class=\"bks\">28000<\/td><td role=\"cell\"><a class=\"tlac-rez\" href=\"https:\/\/carrentalprague.cz\/cs\/rezervace\/?car=1412\">rezervace<\/a><\/td><\/tr><tr role=\"row\"><td>V\u00edcem\u00edstn\u00e9<\/td><td role=\"cell\">Toyota Proace Verso L2 \u2013 9 m\u00edst, automat<\/td><td role=\"cell\">5<\/td><td role=\"cell\">Automat<\/td><td role=\"cell\">Ano<\/td><td role=\"cell\">9<\/td><td role=\"cell\" class=\"sks\">3025<\/td><td role=\"cell\" class=\"bks\">2500<\/td><td role=\"cell\" class=\"sks\">2844<\/td><td role=\"cell\" class=\"bks\">2350<\/td><td role=\"cell\" class=\"sks\">2541<\/td><td role=\"cell\" class=\"bks\">2100<\/td><td role=\"cell\" class=\"sks\">33880<\/td><td role=\"cell\" class=\"bks\">28000<\/td><td role=\"cell\"><a class=\"tlac-rez\" href=\"https:\/\/carrentalprague.cz\/cs\/rezervace\/?car=1421\">rezervace<\/a><\/td><\/tr><tr role=\"row\"><td>V\u00edcem\u00edstn\u00e9<\/td><td role=\"cell\">Renault Master 7 m\u00edst<\/td><td role=\"cell\">5<\/td><td role=\"cell\">Manu\u00e1l<\/td><td role=\"cell\">Ano<\/td><td role=\"cell\">7<\/td><td role=\"cell\" class=\"sks\">3509<\/td><td role=\"cell\" class=\"bks\">2900<\/td><td role=\"cell\" class=\"sks\">3025<\/td><td role=\"cell\" class=\"bks\">2500<\/td><td role=\"cell\" class=\"sks\">2541<\/td><td role=\"cell\" class=\"bks\">2100<\/td><td role=\"cell\" class=\"sks\">38115<\/td><td role=\"cell\" class=\"bks\">31500<\/td><td role=\"cell\"><a class=\"tlac-rez\" href=\"https:\/\/carrentalprague.cz\/cs\/rezervace\/?car=1430\">rezervace<\/a><\/td><\/tr><tr role=\"row\"><td>U\u017eitkov\u00e9<\/td><td role=\"cell\">Renault Kangoo<\/td><td role=\"cell\">3<\/td><td role=\"cell\">Manu\u00e1l<\/td><td role=\"cell\">Ano<\/td><td role=\"cell\">2<\/td><td role=\"cell\" class=\"sks\">1089<\/td><td role=\"cell\" class=\"bks\">900<\/td><td role=\"cell\" class=\"sks\">1029<\/td><td role=\"cell\" class=\"bks\">850<\/td><td role=\"cell\" class=\"sks\">968<\/td><td role=\"cell\" class=\"bks\">800<\/td><td role=\"cell\" class=\"sks\">21780<\/td><td role=\"cell\" class=\"bks\">18000<\/td><td role=\"cell\"><a class=\"tlac-rez\" href=\"https:\/\/carrentalprague.cz\/cs\/rezervace\/?car=1439\">rezervace<\/a><\/td><\/tr><tr role=\"row\"><td>U\u017eitkov\u00e9<\/td><td role=\"cell\">Renault Kangoo Express<\/td><td role=\"cell\">3<\/td><td role=\"cell\">Manu\u00e1l<\/td><td role=\"cell\">Ano<\/td><td role=\"cell\">2<\/td><td role=\"cell\" class=\"sks\">1452<\/td><td role=\"cell\" class=\"bks\">1200<\/td><td role=\"cell\" class=\"sks\">1186<\/td><td role=\"cell\" class=\"bks\">980<\/td><td role=\"cell\" class=\"sks\">968<\/td><td role=\"cell\" class=\"bks\">800<\/td><td role=\"cell\" class=\"sks\">21780<\/td><td role=\"cell\" class=\"bks\">18000<\/td><td role=\"cell\"><a class=\"tlac-rez\" href=\"https:\/\/carrentalprague.cz\/cs\/rezervace\/?car=1456\">rezervace<\/a><\/td><\/tr><tr role=\"row\"><td>U\u017eitkov\u00e9<\/td><td role=\"cell\">Renault Master L3H2P3<\/td><td role=\"cell\">3<\/td><td role=\"cell\">Manu\u00e1l<\/td><td role=\"cell\">Ano<\/td><td role=\"cell\">3<\/td><td role=\"cell\" class=\"sks\">2178<\/td><td role=\"cell\" class=\"bks\">1800<\/td><td role=\"cell\" class=\"sks\">2178<\/td><td role=\"cell\" class=\"bks\">1800<\/td><td role=\"cell\" class=\"sks\">1815<\/td><td role=\"cell\" class=\"bks\">1500<\/td><td role=\"cell\" class=\"sks\">32670<\/td><td role=\"cell\" class=\"bks\">27000<\/td><td role=\"cell\"><a class=\"tlac-rez\" href=\"https:\/\/carrentalprague.cz\/cs\/rezervace\/?car=1465\">rezervace<\/a><\/td><\/tr><tr role=\"row\"><td>Automatic<\/td><td role=\"cell\">\u0160koda Superb combi automat<\/td><td role=\"cell\">3<\/td><td role=\"cell\">Automat<\/td><td role=\"cell\">Ano<\/td><td role=\"cell\">3<\/td><td role=\"cell\" class=\"sks\">1876<\/td><td role=\"cell\" class=\"bks\">1550<\/td><td role=\"cell\" class=\"sks\">1755<\/td><td role=\"cell\" class=\"bks\">1450<\/td><td role=\"cell\" class=\"sks\">1573<\/td><td role=\"cell\" class=\"bks\">1300<\/td><td role=\"cell\" class=\"sks\">32670<\/td><td role=\"cell\" class=\"bks\">27000<\/td><td role=\"cell\"><a class=\"tlac-rez\" href=\"https:\/\/carrentalprague.cz\/cs\/rezervace\/?car=1474\">rezervace<\/a><\/td><\/tr><\/tbody><\/table><\/div>\n<p><a title=\"Kauce\" href=\"http:\/\/www.carrentalprague.cz\/kauce\/\">Kauce<\/a><br \/><a title=\"Vyhody\" href=\"http:\/\/www.carrentalprague.cz\/vyhody-dlouhodobeho-pronajmu\/\">V\u00fdhody dlouhodob\u00e9ho pron\u00e1jmu<\/a><\/p>\n<div id=\"uvod\">\n<p>D\u011bkujeme V\u00e1m, \u017ee jste si vybrali na\u0161i autop\u016fj\u010dovnu pro v\u00fdb\u011br vozu k pron\u00e1jmu.V\u00fdrazn\u011b jsme zjednodu\u0161ili n\u00e1\u0161 cen\u00edk, aby v\u0161e bylo rychl\u00e9 a snadn\u00e9. Cena pron\u00e1jmu nyn\u00ed zahrnuje neomezen\u00e9 kilometry*, kter\u00e9 jsme zachovali v p\u016fvodn\u00ed omezen\u00e9 cen\u011b! To znamen\u00e1, \u017ee si m\u016f\u017eete u\u017e\u00edvat ni\u017e\u0161\u00edch cen bez omezen\u00ed! P\u0159ed\u00e1n\u00ed a vr\u00e1cen\u00ed vozu v Praze z\u016fst\u00e1v\u00e1 ZDARMA.<\/p>\n<p>*Jedinou v\u00fdjimkou jsou jednodenn\u00ed pron\u00e1jmy, u kter\u00fdch jsme byli nuceni zav\u00e9st je\u0161t\u011b \u0161t\u011bd\u0159ej\u0161\u00ed limit najet\u00fdch kilometr\u016f \u2013 600 km zdarma. Za ka\u017ed\u00fd dal\u0161\u00ed kilometr nad 600 km zaplat\u00edte 2,4 K\u010d.<\/p>\n<p>Jedin\u00e9 omezen\u00ed plat\u00ed pro u\u017eitkov\u00e1 vozidla, na kter\u00e1 se vztahuje cena platn\u00e1 v \u010cesk\u00e9 republice. Cena v EU je o n\u011bco vy\u0161\u0161\u00ed, ale st\u00e1le ni\u017e\u0161\u00ed ne\u017e u jin\u00fdch autop\u016fj\u010doven a op\u011bt zde nen\u00ed \u017e\u00e1dn\u00fd limit najet\u00fdch kilometr\u016f.<\/p>\n<p>D\u011bkujeme V\u00e1m a budeme se t\u011b\u0161it na V\u00e1\u0161 kontakt.<br \/>* 1 den = 24 hodin<br \/>* p\u0159i platb\u011b kartou z d\u016fvodu bankovn\u00edch poplatk\u016f p\u0159\u00edplatek 3%<br \/>* p\u0159istaven\u00ed po Praze (mimo leti\u0161t\u011b) zdarma<br \/>* V p\u0159\u00edpad\u011b z\u00e1jmu je mo\u017en\u00e9 zap\u016fj\u010dit v\u016fz i s \u0159idi\u010dem. Ceny na vy\u017e\u00e1d\u00e1n\u00ed.<\/p>\n<\/div>\n<p>* 1 den = 24 hodin<br \/>* p\u0159i platb\u011b kartou z d\u016fvodu bankovn\u00edch poplatk\u016f p\u0159\u00edplatek 3%<br \/>* p\u0159istaven\u00ed po Praze (mimo leti\u0161t\u011b) zdarma<br \/>* V p\u0159\u00edpad\u011b z\u00e1jmu je mo\u017en\u00e9 zap\u016fj\u010dit v\u016fz i s \u0159idi\u010dem. Ceny na vy\u017e\u00e1d\u00e1n\u00ed.<\/p>\n<p>\u00a0<\/p>\n<p>\u00a0<\/p>\n","protected":false},"excerpt":{"rendered":"<p>KauceV\u00fdhody dlouhodob\u00e9ho pron\u00e1jmu D\u011bkujeme V\u00e1m, \u017ee jste si vybrali na\u0161i autop\u016fj\u010dovnu pro v\u00fdb\u011br vozu k pron\u00e1jmu.V\u00fdrazn\u011b jsme zjednodu\u0161ili n\u00e1\u0161 cen\u00edk, aby v\u0161e bylo rychl\u00e9 a snadn\u00e9. Cena pron\u00e1jmu nyn\u00ed zahrnuje neomezen\u00e9 kilometry*, kter\u00e9 jsme zachovali v p\u016fvodn\u00ed omezen\u00e9 cen\u011b! To znamen\u00e1, \u017ee si m\u016f\u017eete u\u017e\u00edvat ni\u017e\u0161\u00edch cen bez omezen\u00ed! P\u0159ed\u00e1n\u00ed a vr\u00e1cen\u00ed vozu v Praze [&hellip;]<\/p>\n","protected":false},"author":1,"featured_media":0,"parent":0,"menu_order":0,"comment_status":"closed","ping_status":"closed","template":"","meta":{"_et_pb_use_builder":"on","_et_pb_old_content":"<p>[cenik]<\/p><p><a title=\"Kauce\" href=\"http:\/\/www.carrentalprague.cz\/kauce\/\">Kauce<\/a><br \/><a title=\"Vyhody\" href=\"http:\/\/www.carrentalprague.cz\/vyhody-dlouhodobeho-pronajmu\/\">V\u00fdhody dlouhodob\u00e9ho pron\u00e1jmu<\/a><\/p><div id=\"uvod\"><p>D\u011bkujeme V\u00e1m, \u017ee jste si vybrali na\u0161i autop\u016fj\u010dovnu pro v\u00fdb\u011br vozu k pron\u00e1jmu.V\u00fdrazn\u011b jsme zjednodu\u0161ili n\u00e1\u0161 cen\u00edk, aby v\u0161e bylo rychl\u00e9 a snadn\u00e9. Cena pron\u00e1jmu nyn\u00ed zahrnuje neomezen\u00e9 kilometry*, kter\u00e9 jsme zachovali v p\u016fvodn\u00ed omezen\u00e9 cen\u011b! To znamen\u00e1, \u017ee si m\u016f\u017eete u\u017e\u00edvat ni\u017e\u0161\u00edch cen bez omezen\u00ed! P\u0159ed\u00e1n\u00ed a vr\u00e1cen\u00ed vozu v Praze z\u016fst\u00e1v\u00e1 ZDARMA.<\/p><p>*Jedinou v\u00fdjimkou jsou jednodenn\u00ed pron\u00e1jmy, u kter\u00fdch jsme byli nuceni zav\u00e9st je\u0161t\u011b \u0161t\u011bd\u0159ej\u0161\u00ed limit najet\u00fdch kilometr\u016f \u2013 600 km zdarma. Za ka\u017ed\u00fd dal\u0161\u00ed kilometr nad 600 km zaplat\u00edte 2,4 K\u010d.<\/p><p>Jedin\u00e9 omezen\u00ed plat\u00ed pro u\u017eitkov\u00e1 vozidla, na kter\u00e1 se vztahuje cena platn\u00e1 v \u010cesk\u00e9 republice. Cena v EU je o n\u011bco vy\u0161\u0161\u00ed, ale st\u00e1le ni\u017e\u0161\u00ed ne\u017e u jin\u00fdch autop\u016fj\u010doven a op\u011bt zde nen\u00ed \u017e\u00e1dn\u00fd limit najet\u00fdch kilometr\u016f.<\/p><p>D\u011bkujeme V\u00e1m a budeme se t\u011b\u0161it na V\u00e1\u0161 kontakt.<br \/>* 1 den = 24 hodin<br \/>* p\u0159i platb\u011b kartou z d\u016fvodu bankovn\u00edch poplatk\u016f p\u0159\u00edplatek 3%<br \/>* p\u0159istaven\u00ed po Praze (mimo leti\u0161t\u011b) zdarma<br \/>* V p\u0159\u00edpad\u011b z\u00e1jmu je mo\u017en\u00e9 zap\u016fj\u010dit v\u016fz i s \u0159idi\u010dem. Ceny na vy\u017e\u00e1d\u00e1n\u00ed.<\/p><\/div><p>* 1 den = 24 hodin<br \/>* p\u0159i platb\u011b kartou z d\u016fvodu bankovn\u00edch poplatk\u016f p\u0159\u00edplatek 3%<br \/>* p\u0159istaven\u00ed po Praze (mimo leti\u0161t\u011b) zdarma<br \/>* V p\u0159\u00edpad\u011b z\u00e1jmu je mo\u017en\u00e9 zap\u016fj\u010dit v\u016fz i s \u0159idi\u010dem. Ceny na vy\u017e\u00e1d\u00e1n\u00ed.<\/p><p>\u00a0<\/p><p>\u00a0<\/p>","_et_gb_content_width":"","footnotes":""},"class_list":["post-8","page","type-page","status-publish","hentry"],"aioseo_notices":[],"_links":{"self":[{"href":"https:\/\/carrentalprague.cz\/cs\/wp-json\/wp\/v2\/pages\/8","targetHints":{"allow":["GET"]}}],"collection":[{"href":"https:\/\/carrentalprague.cz\/cs\/wp-json\/wp\/v2\/pages"}],"about":[{"href":"https:\/\/carrentalprague.cz\/cs\/wp-json\/wp\/v2\/types\/page"}],"author":[{"embeddable":true,"href":"https:\/\/carrentalprague.cz\/cs\/wp-json\/wp\/v2\/users\/1"}],"replies":[{"embeddable":true,"href":"https:\/\/carrentalprague.cz\/cs\/wp-json\/wp\/v2\/comments?post=8"}],"version-history":[{"count":14,"href":"https:\/\/carrentalprague.cz\/cs\/wp-json\/wp\/v2\/pages\/8\/revisions"}],"predecessor-version":[{"id":1585,"href":"https:\/\/carrentalprague.cz\/cs\/wp-json\/wp\/v2\/pages\/8\/revisions\/1585"}],"wp:attachment":[{"href":"https:\/\/carrentalprague.cz\/cs\/wp-json\/wp\/v2\/media?parent=8"}],"curies":[{"name":"wp","href":"https:\/\/api.w.org\/{rel}","templated":true}]}}