{"id":83,"date":"2014-01-20T11:13:46","date_gmt":"2014-01-20T10:13:46","guid":{"rendered":"https:\/\/carrentalprague.cz\/?page_id=83"},"modified":"2014-07-10T14:17:54","modified_gmt":"2014-07-10T12:17:54","slug":"minibusy","status":"publish","type":"page","link":"https:\/\/carrentalprague.cz\/cs\/minibusy\/","title":{"rendered":"Minibusy &#8211; autop\u016fj\u010dovna"},"content":{"rendered":"<p>&nbsp;<\/p>\n<h2>Dacia Logan &#8211; 7 m\u00edst<\/h2>\n<p><img loading=\"lazy\" decoding=\"async\" alt=\"Dacia Logan\" src=\"http:\/\/www.autopujcovna-praha.cz\/obrazky\/cars\/dacia-logan_1216140639.jpg\" width=\"200\" height=\"124\" align=\"left\" \/><\/p>\n<p>Po\u010det sedadel: <img decoding=\"async\" alt=\"Optimum\" src=\"http:\/\/www.autopujcovna-praha.cz\/obrazky\/person.gif\" \/><img decoding=\"async\" alt=\"Optimum\" src=\"http:\/\/www.autopujcovna-praha.cz\/obrazky\/person.gif\" \/><img decoding=\"async\" alt=\"Optimum\" src=\"http:\/\/www.autopujcovna-praha.cz\/obrazky\/person.gif\" \/><img decoding=\"async\" alt=\"Optimum\" src=\"http:\/\/www.autopujcovna-praha.cz\/obrazky\/person.gif\" \/><img decoding=\"async\" alt=\"Optimum\" src=\"http:\/\/www.autopujcovna-praha.cz\/obrazky\/person.gif\" \/><img decoding=\"async\" alt=\"Optimum\" src=\"http:\/\/www.autopujcovna-praha.cz\/obrazky\/person.gif\" \/><img decoding=\"async\" alt=\"Optimum\" src=\"http:\/\/www.autopujcovna-praha.cz\/obrazky\/person.gif\" \/><br \/>\nObjem motoru: 1,6<br \/>\nPalivo: benz\u00edn<br \/>\nV\u00fdbava: klima, r\u00e1dio, CD, airbagy, centr\u00e1ln\u00ed zamyk\u00e1n\u00ed,&#8230;<\/p>\n<div><a title=\"Rezervace vozu\" href=\"http:\/\/www.autopujcovna-praha.cz\/rezervace.htm?id=23\"><br \/>\n<\/a><\/div>\n<div><\/div>\n<table width=\"473\" border=\"0\">\n<tbody>\n<tr>\n<td><\/td>\n<td><strong>1 &#8211; 2 dny<br \/>\n<\/strong><\/td>\n<td><strong>3 &#8211; 6 dn\u00ed<br \/>\n<\/strong><\/td>\n<td><strong>7 &#8211; 30 dn\u00ed<br \/>\n<\/strong><\/td>\n<\/tr>\n<tr>\n<td>bez limitu km<\/td>\n<td>1200,- K\u010d<\/td>\n<td>1100,- K\u010d<\/td>\n<td>1000,- K\u010d<\/td>\n<\/tr>\n<tr>\n<td>limit 200 km na den<\/td>\n<td>1100,- K\u010d<\/td>\n<td>1000,- K\u010d<\/td>\n<td>900,- K\u010d<\/td>\n<\/tr>\n<\/tbody>\n<\/table>\n<h1><\/h1>\n<h2>Renault Espace 6 &#8211; 7 m\u00edst &#8211; luxusn\u00ed v\u00fdbava<\/h2>\n<p><img loading=\"lazy\" decoding=\"async\" alt=\"Renault Espace IV\" src=\"http:\/\/www.autopujcovna-praha.cz\/obrazky\/cars\/renault-espace_1192461572.jpg\" width=\"200\" height=\"124\" align=\"left\" \/><\/p>\n<p>Po\u010det sedadel: <img decoding=\"async\" alt=\"Optimum\" src=\"http:\/\/www.autopujcovna-praha.cz\/obrazky\/person.gif\" \/><img decoding=\"async\" alt=\"Optimum\" src=\"http:\/\/www.autopujcovna-praha.cz\/obrazky\/person.gif\" \/><img decoding=\"async\" alt=\"Optimum\" src=\"http:\/\/www.autopujcovna-praha.cz\/obrazky\/person.gif\" \/><img decoding=\"async\" alt=\"Optimum\" src=\"http:\/\/www.autopujcovna-praha.cz\/obrazky\/person.gif\" \/><img decoding=\"async\" alt=\"Optimum\" src=\"http:\/\/www.autopujcovna-praha.cz\/obrazky\/person.gif\" \/><img decoding=\"async\" alt=\"Optimum\" src=\"http:\/\/www.autopujcovna-praha.cz\/obrazky\/person.gif\" \/><img decoding=\"async\" alt=\"Optimum\" src=\"http:\/\/www.autopujcovna-praha.cz\/obrazky\/person.gif\" \/><br \/>\nObjem motoru: 3,5<br \/>\nPalivo: benz\u00edn<br \/>\nV\u00fdbava: klima, r\u00e1dio, CD, airbagy, centr\u00e1ln\u00ed zamyk\u00e1n\u00ed, zrc\u00e1tka i okna v elektrice, ko\u017een\u00e9 seda\u010dky elektricky ovl\u00e1dan\u00e9, automat, prosklen\u00e1 st\u0159echa<\/p>\n<div><a title=\"Rezervace vozu\" href=\"http:\/\/www.autopujcovna-praha.cz\/rezervace.htm?id=23\"><br \/>\n<\/a><\/div>\n<div><\/div>\n<table width=\"478\" border=\"0\">\n<tbody>\n<tr>\n<td><\/td>\n<td><strong>1 &#8211; 2 dny<br \/>\n<\/strong><\/td>\n<td><strong>3 &#8211; 6 dn\u00ed<br \/>\n<\/strong><\/td>\n<td><strong>7 &#8211; 30 dn\u00ed<br \/>\n<\/strong><\/td>\n<\/tr>\n<tr>\n<td>bez limitu km<\/td>\n<td>1900,- K\u010d<\/td>\n<td>1700,- K\u010d<\/td>\n<td>1500,- K\u010d<\/td>\n<\/tr>\n<tr>\n<td>limit 200 km na den<\/td>\n<td>1800,- K\u010d<\/td>\n<td>1600,- K\u010d<\/td>\n<td>1400,- K\u010d<\/td>\n<\/tr>\n<\/tbody>\n<\/table>\n<p>Renault Trafic 7 m\u00edst &#8211; luxusn\u00ed v\u00fdbava<\/p>\n<p><img loading=\"lazy\" decoding=\"async\" alt=\"Renault Espace\" src=\"http:\/\/www.autopujcovna-praha.cz\/obrazky\/cars\/renault-trafic_1208958362.jpg\" width=\"200\" height=\"104\" align=\"left\" \/><\/p>\n<p>Po\u010det sedadel: <img decoding=\"async\" alt=\"Optimum\" src=\"http:\/\/www.autopujcovna-praha.cz\/obrazky\/person.gif\" \/><img decoding=\"async\" alt=\"Optimum\" src=\"http:\/\/www.autopujcovna-praha.cz\/obrazky\/person.gif\" \/><img decoding=\"async\" alt=\"Optimum\" src=\"http:\/\/www.autopujcovna-praha.cz\/obrazky\/person.gif\" \/><img decoding=\"async\" alt=\"Optimum\" src=\"http:\/\/www.autopujcovna-praha.cz\/obrazky\/person.gif\" \/><img decoding=\"async\" alt=\"Optimum\" src=\"http:\/\/www.autopujcovna-praha.cz\/obrazky\/person.gif\" \/><img decoding=\"async\" alt=\"Optimum\" src=\"http:\/\/www.autopujcovna-praha.cz\/obrazky\/person.gif\" \/><img decoding=\"async\" alt=\"Optimum\" src=\"http:\/\/www.autopujcovna-praha.cz\/obrazky\/person.gif\" \/><br \/>\nObjem motoru: 2,0<br \/>\nPalivo: benz\u00edn<br \/>\nV\u00fdbava: klima, r\u00e1dio, airbagy, centr\u00e1ln\u00ed zamyk\u00e1n\u00ed, v\u0161e v elektrice, lednice, oto\u010dn\u00e1 sedadla s mo\u017enost\u00ed l\u016f\u017ekov\u00e9 \u00fapravy, skl\u00e1p\u011bc\u00ed stolek, vestav\u011bn\u00e1 GPS navigace<\/p>\n<div><a title=\"Rezervace vozu\" href=\"http:\/\/www.autopujcovna-praha.cz\/rezervace.htm?id=23\"><br \/>\n<\/a><\/div>\n<div><\/div>\n<table width=\"517\" border=\"0\">\n<tbody>\n<tr>\n<td><\/td>\n<td><strong>1 &#8211; 2 dny<br \/>\n<\/strong><\/td>\n<td><strong>3 &#8211; 6 dn\u00ed<br \/>\n<\/strong><\/td>\n<td><strong>7 &#8211; 30 dn\u00ed<br \/>\n<\/strong><\/td>\n<td><strong>1 &#8211; 3 m\u011bs\u00edce <\/strong><\/td>\n<\/tr>\n<tr>\n<td>bez limitu km<\/td>\n<td>2900,- K\u010d<\/td>\n<td>2500,- K\u010d<\/td>\n<td>2100,- K\u010d<\/td>\n<td>31500,- K\u010d<\/td>\n<\/tr>\n<\/tbody>\n<\/table>\n<p>Renault Trafic 9 m\u00edst &#8211; del\u0161\u00ed proveden\u00ed<\/p>\n<p><img loading=\"lazy\" decoding=\"async\" alt=\"Renault Trafic Red\" src=\"http:\/\/www.autopujcovna-praha.cz\/obrazky\/cars\/renault-trafic_1208958699.jpg\" width=\"200\" height=\"124\" align=\"left\" \/><\/p>\n<p>Po\u010det sedadel: <img decoding=\"async\" alt=\"Optimum\" src=\"http:\/\/www.autopujcovna-praha.cz\/obrazky\/person.gif\" \/><img decoding=\"async\" alt=\"Optimum\" src=\"http:\/\/www.autopujcovna-praha.cz\/obrazky\/person.gif\" \/><img decoding=\"async\" alt=\"Optimum\" src=\"http:\/\/www.autopujcovna-praha.cz\/obrazky\/person.gif\" \/><img decoding=\"async\" alt=\"Optimum\" src=\"http:\/\/www.autopujcovna-praha.cz\/obrazky\/person.gif\" \/><img decoding=\"async\" alt=\"Optimum\" src=\"http:\/\/www.autopujcovna-praha.cz\/obrazky\/person.gif\" \/><img decoding=\"async\" alt=\"Optimum\" src=\"http:\/\/www.autopujcovna-praha.cz\/obrazky\/person.gif\" \/><img decoding=\"async\" alt=\"Optimum\" src=\"http:\/\/www.autopujcovna-praha.cz\/obrazky\/person.gif\" \/><img decoding=\"async\" alt=\"Optimum\" src=\"http:\/\/www.autopujcovna-praha.cz\/obrazky\/person.gif\" \/><img decoding=\"async\" alt=\"Optimum\" src=\"http:\/\/www.autopujcovna-praha.cz\/obrazky\/person.gif\" \/><br \/>\nObjem motoru: 2,0<br \/>\nPalivo: nafta<br \/>\nV\u00fdbava: r\u00e1dio, airbagy, centr\u00e1ln\u00ed zamyk\u00e1n\u00ed, okna i zrc\u00e1tka v elektrice, del\u0161\u00ed zavazadlov\u00fd prostor<\/p>\n<div><a title=\"Rezervace vozu\" href=\"http:\/\/www.autopujcovna-praha.cz\/rezervace.htm?id=23\"><br \/>\n<\/a><\/div>\n<div><\/div>\n<table width=\"523\" border=\"0\">\n<tbody>\n<tr>\n<td><\/td>\n<td><strong>1 &#8211; 2 dny<br \/>\n<\/strong><\/td>\n<td><strong>3 &#8211; 6 dn\u00ed<br \/>\n<\/strong><\/td>\n<td><strong>7 &#8211; 30 dn\u00ed<br \/>\n<\/strong><\/td>\n<td><strong>1 &#8211; 3 m\u011bs\u00edce <\/strong><\/td>\n<\/tr>\n<tr>\n<td>bez limitu km<\/td>\n<td>2200,- K\u010d<\/td>\n<td>2000,- K\u010d<\/td>\n<td>1800,- K\u010d<\/td>\n<td>25700,- K\u010d<\/td>\n<\/tr>\n<\/tbody>\n<\/table>\n<p>Renault Trafic 9 m\u00edst<\/p>\n<p><img loading=\"lazy\" decoding=\"async\" alt=\"Renault Espace\" src=\"http:\/\/www.autopujcovna-praha.cz\/obrazky\/cars\/renault-trafic_1208958362.jpg\" width=\"200\" height=\"104\" align=\"left\" \/><\/p>\n<p>Po\u010det sedadel: <img decoding=\"async\" alt=\"Optimum\" src=\"http:\/\/www.autopujcovna-praha.cz\/obrazky\/person.gif\" \/><img decoding=\"async\" alt=\"Optimum\" src=\"http:\/\/www.autopujcovna-praha.cz\/obrazky\/person.gif\" \/><img decoding=\"async\" alt=\"Optimum\" src=\"http:\/\/www.autopujcovna-praha.cz\/obrazky\/person.gif\" \/><img decoding=\"async\" alt=\"Optimum\" src=\"http:\/\/www.autopujcovna-praha.cz\/obrazky\/person.gif\" \/><img decoding=\"async\" alt=\"Optimum\" src=\"http:\/\/www.autopujcovna-praha.cz\/obrazky\/person.gif\" \/><img decoding=\"async\" alt=\"Optimum\" src=\"http:\/\/www.autopujcovna-praha.cz\/obrazky\/person.gif\" \/><img decoding=\"async\" alt=\"Optimum\" src=\"http:\/\/www.autopujcovna-praha.cz\/obrazky\/person.gif\" \/><img decoding=\"async\" alt=\"Optimum\" src=\"http:\/\/www.autopujcovna-praha.cz\/obrazky\/person.gif\" \/><img decoding=\"async\" alt=\"Optimum\" src=\"http:\/\/www.autopujcovna-praha.cz\/obrazky\/person.gif\" \/><br \/>\nObjem motoru: 2,0<br \/>\nPalivo: nafta<br \/>\nV\u00fdbava: klima, r\u00e1dio, airbagy, centr\u00e1ln\u00ed zamyk\u00e1n\u00ed, okna i zrc\u00e1tka v elektrice<\/p>\n<div><a title=\"Rezervace vozu\" href=\"http:\/\/www.autopujcovna-praha.cz\/rezervace.htm?id=23\"><br \/>\n<\/a><\/div>\n<div><\/div>\n<table width=\"521\" border=\"0\">\n<tbody>\n<tr>\n<td><\/td>\n<td><strong>1 &#8211; 2 dny<br \/>\n<\/strong><\/td>\n<td><strong>3 &#8211; 6 dn\u00ed<br \/>\n<\/strong><\/td>\n<td><strong>7 &#8211; 30 dn\u00ed<br \/>\n<\/strong><\/td>\n<td><strong>1 &#8211; 3 m\u011bs\u00edce <\/strong><\/td>\n<\/tr>\n<tr>\n<td>bez limitu km<\/td>\n<td>2500,- K\u010d<\/td>\n<td>2350,- K\u010d<\/td>\n<td>2100,- K\u010d<\/td>\n<td>27200,- K\u010d<\/td>\n<\/tr>\n<\/tbody>\n<\/table>\n<p>&nbsp;<\/p>\n<p><strong>*** Cena je uvedena za 1 den nebo za 1 m\u011bs\u00edc v dan\u00e9m \u010dasov\u00e9m rozp\u011bt\u00ed (bez DPH)<\/strong><\/p>\n<p><strong>*** Cena obsahuje: neomezen\u00fd\/ omezen\u00fd po\u010det km, n\u00e1hradn\u00ed vozidlo, komplexn\u00ed poji\u0161t\u011bn\u00ed v \u010cR a EU (hav\u00e1rie, kr\u00e1de\u017e, \u017eivel, povinn\u00e9 ru\u010den\u00ed) se spolu\u00fa\u010dast\u00ed 10% min 10.000,- K\u010d, zelen\u00e1 karta, nonstop rychl\u00e1 a odborn\u00e1 pomoc, poplatky za r\u00e1dio, silni\u010dn\u00ed da\u0148, d\u00e1lni\u010dn\u00ed zn\u00e1mka, p\u0159istaven\u00ed vozu v Praze zdarma, servis, letn\u00ed i zimn\u00ed pneumatiky a jejich uskladn\u011bn\u00ed. Cena je za 1 den, pop\u0159. 1 m\u011bs\u00edc v dan\u00e9m tarifov\u00e9m p\u00e1smu.<br \/>\n<\/strong><\/p>\n<div id=\"red\">\n<div id=\"red-inner\">\n<p><strong>*** Cena neobsahuje: cestu mimo \u010cR, poplatek za dal\u0161\u00edho \u0159idi\u010de, vybran\u00e9 p\u0159\u00edslu\u0161enstv\u00ed, zpro\u0161t\u011bn\u00ed spolu\u00fa\u010dasti p\u0159i \u0161kodn\u00ed ud\u00e1losti (mo\u017en\u00e9 dokoupit), p\u0159istaven\u00ed vozu na leti\u0161t\u011b a mimo Prahu, voliteln\u00e9 slu\u017eby.<\/strong><\/p>\n<\/div>\n<\/div>\n<pre>V\u00edcem\u00edstn\u00e9 vozy a minibusy - Autop\u016fj\u010dovna, p\u016fj\u010dovna aut Praha<\/pre>\n","protected":false},"excerpt":{"rendered":"<p>&nbsp; Dacia Logan &#8211; 7 m\u00edst Po\u010det sedadel: Objem motoru: 1,6 Palivo: benz\u00edn V\u00fdbava: klima, r\u00e1dio, CD, airbagy, centr\u00e1ln\u00ed zamyk\u00e1n\u00ed,&#8230; 1 &#8211; 2 dny 3 &#8211; 6 dn\u00ed 7 &#8211; 30 dn\u00ed bez limitu km 1200,- K\u010d 1100,- K\u010d 1000,- K\u010d limit 200 km na den 1100,- K\u010d 1000,- K\u010d 900,- K\u010d Renault Espace 6 [&hellip;]<\/p>\n","protected":false},"author":1,"featured_media":0,"parent":0,"menu_order":0,"comment_status":"open","ping_status":"open","template":"","meta":{"_et_pb_use_builder":"","_et_pb_old_content":"","_et_gb_content_width":"","footnotes":""},"class_list":["post-83","page","type-page","status-publish","hentry"],"aioseo_notices":[],"_links":{"self":[{"href":"https:\/\/carrentalprague.cz\/cs\/wp-json\/wp\/v2\/pages\/83","targetHints":{"allow":["GET"]}}],"collection":[{"href":"https:\/\/carrentalprague.cz\/cs\/wp-json\/wp\/v2\/pages"}],"about":[{"href":"https:\/\/carrentalprague.cz\/cs\/wp-json\/wp\/v2\/types\/page"}],"author":[{"embeddable":true,"href":"https:\/\/carrentalprague.cz\/cs\/wp-json\/wp\/v2\/users\/1"}],"replies":[{"embeddable":true,"href":"https:\/\/carrentalprague.cz\/cs\/wp-json\/wp\/v2\/comments?post=83"}],"version-history":[{"count":4,"href":"https:\/\/carrentalprague.cz\/cs\/wp-json\/wp\/v2\/pages\/83\/revisions"}],"predecessor-version":[{"id":716,"href":"https:\/\/carrentalprague.cz\/cs\/wp-json\/wp\/v2\/pages\/83\/revisions\/716"}],"wp:attachment":[{"href":"https:\/\/carrentalprague.cz\/cs\/wp-json\/wp\/v2\/media?parent=83"}],"curies":[{"name":"wp","href":"https:\/\/api.w.org\/{rel}","templated":true}]}}