{"id":322,"date":"2014-01-31T14:17:27","date_gmt":"2014-01-31T13:17:27","guid":{"rendered":"https:\/\/carrentalprague.cz\/?page_id=322"},"modified":"2015-04-07T10:29:51","modified_gmt":"2015-04-07T08:29:51","slug":"kontakt-2","status":"publish","type":"page","link":"https:\/\/carrentalprague.cz\/de\/kontakt-2\/","title":{"rendered":"Kontakt"},"content":{"rendered":"<table>\n<tbody>\n<tr>\n<th valign=\"top\">Address:<\/th>\n<td><strong>ASAP Rent car, s.r.o.<\/strong> &#8211; Prague rent a car<br \/>\nwe deliver the car to Airport Vaclava Havla and to the hotels in Prague (free)<\/td>\n<\/tr>\n<tr>\n<th>Tel:<\/th>\n<td>+420 602 307 836 (czech, english)<br \/>\n+420 602 307 835 (czech, english)<br \/>\n+420 602 307 839 (czech, english)<br \/>\n+420 323 605 521 (czech, english)<\/td>\n<\/tr>\n<tr>\n<th>Hot line:<\/th>\n<td>+420 602 307 836 or +420 602 307 835<\/td>\n<\/tr>\n<tr>\n<th valign=\"top\">Email:<\/th>\n<td><a title=\"Kontakt ASAP\" href=\"mailto:asap@asap-rentcar.cz\">asap@asap-rentcar.cz<\/a><\/td>\n<\/tr>\n<tr>\n<th valign=\"top\">ICQ:<\/th>\n<td>359-690-431<\/td>\n<\/tr>\n<tr>\n<th>Skype:<\/th>\n<td>asap_rentcar<\/td>\n<\/tr>\n<tr>\n<th>Fax:<\/th>\n<td>+420 323 605 521<\/td>\n<\/tr>\n<tr>\n<th>WWW:<\/th>\n<td><a title=\"Autop\u016fj\u010dovna ASAP Rentcar\" href=\"http:\/\/www.asap-rentcar.cz\">www.asap-rentcar.cz<\/a><br \/>\n<a title=\"Autop\u016fj\u010dovna ASAP Rentcar\" href=\"http:\/\/www.praguerentacar.cz\/\">www.autopujcovna-praha.cz<\/a><br \/>\n<a title=\"Autop\u016fj\u010dovna ASAP Rentcar\" href=\"https:\/\/carrentalprague.cz\">www.autopujcovny-praha.cz<\/a><br \/>\n<a title=\"Autop\u016fj\u010dovna ASAP Rentcar\" href=\"http:\/\/www.carrentalprague.cz\">www.carrentalprague.cz<\/a><\/td>\n<\/tr>\n<tr>\n<th>I\u010cO:<\/th>\n<td>26723301<\/td>\n<\/tr>\n<tr>\n<th>DI\u010c:<\/th>\n<td>CZ26723301<\/td>\n<\/tr>\n<\/tbody>\n<\/table>\n<h2>Transportation to the rent a car<\/h2>\n<p><strong>Travel by car from Downtown Prague:<\/strong><\/p>\n<p>5. kv\u011btna road \u2013 exit from the E50 road direction to &#8222;\u0158\u00ed\u010dany&#8220; &#8211; on traffic circle right on the &#8222;Jesenice&#8220; &#8211; after about 150 meters turn left on &#8222;Popovi\u010dky&#8220; &#8211; after about 1000 meters turn right on &#8222;Modletice&#8220; &#8211; 150 metres turn left to the area of the firm.<\/p>\n<p><strong>Travel by Public Transportation from Downtown Prague:<\/strong><\/p>\n<p>Metro Route C direction to &#8222;Haje&#8220; \u2013 &#8222;Opatov&#8220; Metro Stop Station \u2013 transfer to the Bus no. 363 \u2013 &#8222;Modletice rozc.&#8220; Bus Stop (left in front of the firm)<\/p>\n<p><strong>Travel by Public Transportation from Ruzyn\u011b Airport:<\/strong><\/p>\n<p>Bus no. 119 direction to Dejvick\u00e1 \u2013 Dejvick\u00e1 Bus Stop \u2013 transfer to Metro Route A direction to Skalka \u2013 Muzeum Metro Stop Station \u2013 transfer to Metro Route C direction to H\u00e1je \u2013 &#8222;Opatov&#8220; Metro Stop Station \u2013 transfer to the Bus no. 363 \u2013 &#8222;Modletice rozc.&#8220; Bus Stop (left in front of the firm)<\/p>\n<div id=\"mainmap\">\n<p>V\u00edce informac\u00ed na <a href=\"http:\/\/www.autopujcovna-praha.cz\">www.autopujcovna-praha.cz <\/a>nebo <a href=\"http:\/\/www.autopujcovnapraha.cz\">www.autopujcovnapraha.cz<\/a> nebo <a href=\"http:\/\/www.asap-autopujcovna.cz\">www.asap-autopujcovna.cz <\/a><\/p>\n<div id=\"mainmap\">Hire a car Prague, Rent a car Prague &#8211; we deliver the car to Airport Vaclava Havla and to the hotels in Prague (free)<\/div>\n<\/div>\n","protected":false},"excerpt":{"rendered":"<p>Address: ASAP Rent car, s.r.o. &#8211; Prague rent a car we deliver the car to Airport Vaclava Havla and to the hotels in Prague (free) Tel: +420 602 307 836 (czech, english) +420 602 307 835 (czech, english) +420 602 307 839 (czech, english) +420 323 605 521 (czech, english) Hot line: +420 602 307 [&hellip;]<\/p>\n","protected":false},"author":2,"featured_media":0,"parent":0,"menu_order":0,"comment_status":"closed","ping_status":"closed","template":"","meta":{"_et_pb_use_builder":"","_et_pb_old_content":"","_et_gb_content_width":"","footnotes":""},"class_list":["post-322","page","type-page","status-publish","hentry"],"aioseo_notices":[],"_links":{"self":[{"href":"https:\/\/carrentalprague.cz\/de\/wp-json\/wp\/v2\/pages\/322","targetHints":{"allow":["GET"]}}],"collection":[{"href":"https:\/\/carrentalprague.cz\/de\/wp-json\/wp\/v2\/pages"}],"about":[{"href":"https:\/\/carrentalprague.cz\/de\/wp-json\/wp\/v2\/types\/page"}],"author":[{"embeddable":true,"href":"https:\/\/carrentalprague.cz\/de\/wp-json\/wp\/v2\/users\/2"}],"replies":[{"embeddable":true,"href":"https:\/\/carrentalprague.cz\/de\/wp-json\/wp\/v2\/comments?post=322"}],"version-history":[{"count":7,"href":"https:\/\/carrentalprague.cz\/de\/wp-json\/wp\/v2\/pages\/322\/revisions"}],"predecessor-version":[{"id":781,"href":"https:\/\/carrentalprague.cz\/de\/wp-json\/wp\/v2\/pages\/322\/revisions\/781"}],"wp:attachment":[{"href":"https:\/\/carrentalprague.cz\/de\/wp-json\/wp\/v2\/media?parent=322"}],"curies":[{"name":"wp","href":"https:\/\/api.w.org\/{rel}","templated":true}]}}