{"id":364,"date":"2014-01-31T14:53:46","date_gmt":"2014-01-31T13:53:46","guid":{"rendered":"https:\/\/carrentalprague.cz\/?page_id=364"},"modified":"2018-12-04T16:00:09","modified_gmt":"2018-12-04T15:00:09","slug":"wagen","status":"publish","type":"page","link":"https:\/\/carrentalprague.cz\/de\/wagen\/","title":{"rendered":"Wagen"},"content":{"rendered":"<p>Wir achten auf die Sicherheit, jeder Wagen wird deshalb vor der Ausleihung einer strengen Kontrolle unterzogen. Unser Wagenbestand wird regelm\u00e4\u00dfig erneuert. Wir bem\u00fchen uns absichtlich, Wagen mit h\u00f6herem Standard auszuw\u00e4hlen.<br \/>\n<div class=\"vozovy-park\"><div class=\"row\"><div class=\"col\"><div class=\"img\" style=\"min-height: 200px;\"><img loading=\"lazy\" decoding=\"async\" width=\"246\" height=\"123\" src=\"https:\/\/carrentalprague.cz\/wp-content\/uploads\/2025\/10\/Citigosmall.png\" class=\"attachment-full size-full wp-post-image\" alt=\"\" \/><\/div><h3>\u0160koda Citigo<\/h3><div class=\"detail\"><div class=\"col1\"><span>ab<\/span><\/div><div class=\"col2\"><div class=\"row\"><span>750 K\u010d<\/span>\/Tag<\/div><div class=\"row\"><span>11500 K\u010d<\/span>\/Monat<\/div><\/div><div class=\"col3\"><div class=\"row\"><img decoding=\"async\" src=\"https:\/\/carrentalprague.cz\/wp-content\/plugins\/autopujcovna-main\/includes\/shortcodes\/assets\/img\/ikona_palivo.png\" title=\"motor\" alt=\"motor\" \/>Diesel<\/div><div class=\"row\"><img decoding=\"async\" src=\"https:\/\/carrentalprague.cz\/wp-content\/plugins\/autopujcovna-main\/includes\/shortcodes\/assets\/img\/logo_prevodovka.png\" title=\"logo_prevodovka\" alt=\"logo_prevodovka\" \/>manuell<\/div><\/div><\/div><div class=\"odkaz\"><a class=\"tlac-rez\" href=\"https:\/\/carrentalprague.cz\/de\/rezervace\/?car=1246\">Reservierung<\/a><\/div><\/div><div class=\"col\"><div class=\"img\" style=\"min-height: 200px;\"><img loading=\"lazy\" decoding=\"async\" width=\"250\" height=\"167\" src=\"https:\/\/carrentalprague.cz\/wp-content\/uploads\/2025\/10\/Skoda-Fabia.jpg\" class=\"attachment-full size-full wp-post-image\" alt=\"\" \/><\/div><h3>\u0160koda Fabia<\/h3><div class=\"detail\"><div class=\"col1\"><span>ab<\/span><\/div><div class=\"col2\"><div class=\"row\"><span>900 K\u010d<\/span>\/Tag<\/div><div class=\"row\"><span>14000 K\u010d<\/span>\/Monat<\/div><\/div><div class=\"col3\"><div class=\"row\"><img decoding=\"async\" src=\"https:\/\/carrentalprague.cz\/wp-content\/plugins\/autopujcovna-main\/includes\/shortcodes\/assets\/img\/ikona_palivo.png\" title=\"motor\" alt=\"motor\" \/>Diesel<\/div><div class=\"row\"><img decoding=\"async\" src=\"https:\/\/carrentalprague.cz\/wp-content\/plugins\/autopujcovna-main\/includes\/shortcodes\/assets\/img\/logo_prevodovka.png\" title=\"logo_prevodovka\" alt=\"logo_prevodovka\" \/>manuell<\/div><\/div><\/div><div class=\"odkaz\"><a class=\"tlac-rez\" href=\"https:\/\/carrentalprague.cz\/de\/rezervace\/?car=1263\">Reservierung<\/a><\/div><\/div><div class=\"col\"><div class=\"img\" style=\"min-height: 200px;\"><img loading=\"lazy\" decoding=\"async\" width=\"361\" height=\"231\" src=\"https:\/\/carrentalprague.cz\/wp-content\/uploads\/2025\/10\/Clio.png\" class=\"attachment-full size-full wp-post-image\" alt=\"\" srcset=\"https:\/\/carrentalprague.cz\/wp-content\/uploads\/2025\/10\/Clio.png 361w, https:\/\/carrentalprague.cz\/wp-content\/uploads\/2025\/10\/Clio-300x192.png 300w\" sizes=\"(max-width: 361px) 100vw, 361px\" \/><\/div><h3>Renault Clio automat<\/h3><div class=\"detail\"><div class=\"col1\"><span>ab<\/span><\/div><div class=\"col2\"><div class=\"row\"><span>900 K\u010d<\/span>\/Tag<\/div><div class=\"row\"><span>14000 K\u010d<\/span>\/Monat<\/div><\/div><div class=\"col3\"><div class=\"row\"><img decoding=\"async\" src=\"https:\/\/carrentalprague.cz\/wp-content\/plugins\/autopujcovna-main\/includes\/shortcodes\/assets\/img\/ikona_palivo.png\" title=\"motor\" alt=\"motor\" \/>Diesel<\/div><div class=\"row\"><img decoding=\"async\" src=\"https:\/\/carrentalprague.cz\/wp-content\/plugins\/autopujcovna-main\/includes\/shortcodes\/assets\/img\/logo_prevodovka.png\" title=\"logo_prevodovka\" alt=\"logo_prevodovka\" \/>automatik<\/div><\/div><\/div><div class=\"odkaz\"><a class=\"tlac-rez\" href=\"https:\/\/carrentalprague.cz\/de\/rezervace\/?car=1280\">Reservierung<\/a><\/div><\/div><\/div><div class=\"row\"><div class=\"col\"><div class=\"img\" style=\"min-height: 200px;\"><img loading=\"lazy\" decoding=\"async\" width=\"250\" height=\"167\" src=\"https:\/\/carrentalprague.cz\/wp-content\/uploads\/2025\/10\/Skoda-fabia-combi.jpg\" class=\"attachment-full size-full wp-post-image\" alt=\"\" \/><\/div><h3>\u0160koda Fabia combi<\/h3><div class=\"detail\"><div class=\"col1\"><span>ab<\/span><\/div><div class=\"col2\"><div class=\"row\"><span>900 K\u010d<\/span>\/Tag<\/div><div class=\"row\"><span>15000 K\u010d<\/span>\/Monat<\/div><\/div><div class=\"col3\"><div class=\"row\"><img decoding=\"async\" src=\"https:\/\/carrentalprague.cz\/wp-content\/plugins\/autopujcovna-main\/includes\/shortcodes\/assets\/img\/ikona_palivo.png\" title=\"motor\" alt=\"motor\" \/>Diesel<\/div><div class=\"row\"><img decoding=\"async\" src=\"https:\/\/carrentalprague.cz\/wp-content\/plugins\/autopujcovna-main\/includes\/shortcodes\/assets\/img\/logo_prevodovka.png\" title=\"logo_prevodovka\" alt=\"logo_prevodovka\" \/>manuell<\/div><\/div><\/div><div class=\"odkaz\"><a class=\"tlac-rez\" href=\"https:\/\/carrentalprague.cz\/de\/rezervace\/?car=1297\">Reservierung<\/a><\/div><\/div><div class=\"col\"><div class=\"img\" style=\"min-height: 200px;\"><img loading=\"lazy\" decoding=\"async\" width=\"250\" height=\"167\" src=\"https:\/\/carrentalprague.cz\/wp-content\/uploads\/2025\/10\/Hyundai-I30.jpg\" class=\"attachment-full size-full wp-post-image\" alt=\"\" \/><\/div><h3>Hyundai i30 combi<\/h3><div class=\"detail\"><div class=\"col1\"><span>ab<\/span><\/div><div class=\"col2\"><div class=\"row\"><span>1050 K\u010d<\/span>\/Tag<\/div><div class=\"row\"><span>18000 K\u010d<\/span>\/Monat<\/div><\/div><div class=\"col3\"><div class=\"row\"><img decoding=\"async\" src=\"https:\/\/carrentalprague.cz\/wp-content\/plugins\/autopujcovna-main\/includes\/shortcodes\/assets\/img\/ikona_palivo.png\" title=\"motor\" alt=\"motor\" \/>Diesel<\/div><div class=\"row\"><img decoding=\"async\" src=\"https:\/\/carrentalprague.cz\/wp-content\/plugins\/autopujcovna-main\/includes\/shortcodes\/assets\/img\/logo_prevodovka.png\" title=\"logo_prevodovka\" alt=\"logo_prevodovka\" \/>manuell<\/div><\/div><\/div><div class=\"odkaz\"><a class=\"tlac-rez\" href=\"https:\/\/carrentalprague.cz\/de\/rezervace\/?car=1306\">Reservierung<\/a><\/div><\/div><div class=\"col\"><div class=\"img\" style=\"min-height: 200px;\"><img loading=\"lazy\" decoding=\"async\" width=\"250\" height=\"137\" src=\"https:\/\/carrentalprague.cz\/wp-content\/uploads\/2025\/10\/MeganCombi250.jpg\" class=\"attachment-full size-full wp-post-image\" alt=\"\" \/><\/div><h3>Renault Megan combi automat<\/h3><div class=\"detail\"><div class=\"col1\"><span>ab<\/span><\/div><div class=\"col2\"><div class=\"row\"><span>1050 K\u010d<\/span>\/Tag<\/div><div class=\"row\"><span>18000 K\u010d<\/span>\/Monat<\/div><\/div><div class=\"col3\"><div class=\"row\"><img decoding=\"async\" src=\"https:\/\/carrentalprague.cz\/wp-content\/plugins\/autopujcovna-main\/includes\/shortcodes\/assets\/img\/ikona_palivo.png\" title=\"motor\" alt=\"motor\" \/>Diesel<\/div><div class=\"row\"><img decoding=\"async\" src=\"https:\/\/carrentalprague.cz\/wp-content\/plugins\/autopujcovna-main\/includes\/shortcodes\/assets\/img\/logo_prevodovka.png\" title=\"logo_prevodovka\" alt=\"logo_prevodovka\" \/>automatik<\/div><\/div><\/div><div class=\"odkaz\"><a class=\"tlac-rez\" href=\"https:\/\/carrentalprague.cz\/de\/rezervace\/?car=1315\">Reservierung<\/a><\/div><\/div><\/div><div class=\"row\"><div class=\"col\"><div class=\"img\" style=\"min-height: 200px;\"><img loading=\"lazy\" decoding=\"async\" width=\"250\" height=\"137\" src=\"https:\/\/carrentalprague.cz\/wp-content\/uploads\/2025\/10\/MeganCombi250-1.jpg\" class=\"attachment-full size-full wp-post-image\" alt=\"\" \/><\/div><h3>Renault Megan combi<\/h3><div class=\"detail\"><div class=\"col1\"><span>ab<\/span><\/div><div class=\"col2\"><div class=\"row\"><span>1050 K\u010d<\/span>\/Tag<\/div><div class=\"row\"><span>18000 K\u010d<\/span>\/Monat<\/div><\/div><div class=\"col3\"><div class=\"row\"><img decoding=\"async\" src=\"https:\/\/carrentalprague.cz\/wp-content\/plugins\/autopujcovna-main\/includes\/shortcodes\/assets\/img\/ikona_palivo.png\" title=\"motor\" alt=\"motor\" \/>Diesel<\/div><div class=\"row\"><img decoding=\"async\" src=\"https:\/\/carrentalprague.cz\/wp-content\/plugins\/autopujcovna-main\/includes\/shortcodes\/assets\/img\/logo_prevodovka.png\" title=\"logo_prevodovka\" alt=\"logo_prevodovka\" \/>manuell<\/div><\/div><\/div><div class=\"odkaz\"><a class=\"tlac-rez\" href=\"https:\/\/carrentalprague.cz\/de\/rezervace\/?car=1324\">Reservierung<\/a><\/div><\/div><div class=\"col\"><div class=\"img\" style=\"min-height: 200px;\"><img loading=\"lazy\" decoding=\"async\" width=\"250\" height=\"136\" src=\"https:\/\/carrentalprague.cz\/wp-content\/uploads\/2025\/10\/Opel-astra.jpg\" class=\"attachment-full size-full wp-post-image\" alt=\"\" \/><\/div><h3>Opel Astra combi<\/h3><div class=\"detail\"><div class=\"col1\"><span>ab<\/span><\/div><div class=\"col2\"><div class=\"row\"><span>1100 K\u010d<\/span>\/Tag<\/div><div class=\"row\"><span>20000 K\u010d<\/span>\/Monat<\/div><\/div><div class=\"col3\"><div class=\"row\"><img decoding=\"async\" src=\"https:\/\/carrentalprague.cz\/wp-content\/plugins\/autopujcovna-main\/includes\/shortcodes\/assets\/img\/ikona_palivo.png\" title=\"motor\" alt=\"motor\" \/>Diesel<\/div><div class=\"row\"><img decoding=\"async\" src=\"https:\/\/carrentalprague.cz\/wp-content\/plugins\/autopujcovna-main\/includes\/shortcodes\/assets\/img\/logo_prevodovka.png\" title=\"logo_prevodovka\" alt=\"logo_prevodovka\" \/>manuell<\/div><\/div><\/div><div class=\"odkaz\"><a class=\"tlac-rez\" href=\"https:\/\/carrentalprague.cz\/de\/rezervace\/?car=1333\">Reservierung<\/a><\/div><\/div><div class=\"col\"><div class=\"img\" style=\"min-height: 200px;\"><img loading=\"lazy\" decoding=\"async\" width=\"250\" height=\"167\" src=\"https:\/\/carrentalprague.cz\/wp-content\/uploads\/2025\/10\/Skoda-Octavia-combi.jpg\" class=\"attachment-full size-full wp-post-image\" alt=\"\" \/><\/div><h3>\u0160koda Octavia combi<\/h3><div class=\"detail\"><div class=\"col1\"><span>ab<\/span><\/div><div class=\"col2\"><div class=\"row\"><span>1100 K\u010d<\/span>\/Tag<\/div><div class=\"row\"><span>21000 K\u010d<\/span>\/Monat<\/div><\/div><div class=\"col3\"><div class=\"row\"><img decoding=\"async\" src=\"https:\/\/carrentalprague.cz\/wp-content\/plugins\/autopujcovna-main\/includes\/shortcodes\/assets\/img\/ikona_palivo.png\" title=\"motor\" alt=\"motor\" \/>Diesel<\/div><div class=\"row\"><img decoding=\"async\" src=\"https:\/\/carrentalprague.cz\/wp-content\/plugins\/autopujcovna-main\/includes\/shortcodes\/assets\/img\/logo_prevodovka.png\" title=\"logo_prevodovka\" alt=\"logo_prevodovka\" \/>manuell<\/div><\/div><\/div><div class=\"odkaz\"><a class=\"tlac-rez\" href=\"https:\/\/carrentalprague.cz\/de\/rezervace\/?car=1350\">Reservierung<\/a><\/div><\/div><\/div><div class=\"row\"><div class=\"col\"><div class=\"img\" style=\"min-height: 200px;\"><img loading=\"lazy\" decoding=\"async\" width=\"250\" height=\"167\" src=\"https:\/\/carrentalprague.cz\/wp-content\/uploads\/2025\/10\/toyota-avensis-combi.jpg\" class=\"attachment-full size-full wp-post-image\" alt=\"\" \/><\/div><h3>Toyota Avensis combi<\/h3><div class=\"detail\"><div class=\"col1\"><span>ab<\/span><\/div><div class=\"col2\"><div class=\"row\"><span>1100 K\u010d<\/span>\/Tag<\/div><div class=\"row\"><span>21000 K\u010d<\/span>\/Monat<\/div><\/div><div class=\"col3\"><div class=\"row\"><img decoding=\"async\" src=\"https:\/\/carrentalprague.cz\/wp-content\/plugins\/autopujcovna-main\/includes\/shortcodes\/assets\/img\/ikona_palivo.png\" title=\"motor\" alt=\"motor\" \/>Diesel<\/div><div class=\"row\"><img decoding=\"async\" src=\"https:\/\/carrentalprague.cz\/wp-content\/plugins\/autopujcovna-main\/includes\/shortcodes\/assets\/img\/logo_prevodovka.png\" title=\"logo_prevodovka\" alt=\"logo_prevodovka\" \/>manuell<\/div><\/div><\/div><div class=\"odkaz\"><a class=\"tlac-rez\" href=\"https:\/\/carrentalprague.cz\/de\/rezervace\/?car=1359\">Reservierung<\/a><\/div><\/div><div class=\"col\"><div class=\"img\" style=\"min-height: 200px;\"><img loading=\"lazy\" decoding=\"async\" width=\"239\" height=\"167\" src=\"https:\/\/carrentalprague.cz\/wp-content\/uploads\/2025\/10\/toyota-auris-hybrid.jpg\" class=\"attachment-full size-full wp-post-image\" alt=\"\" \/><\/div><h3>Toyota Auris Hybrid<\/h3><div class=\"detail\"><div class=\"col1\"><span>ab<\/span><\/div><div class=\"col2\"><div class=\"row\"><span>1150 K\u010d<\/span>\/Tag<\/div><div class=\"row\"><span>22000 K\u010d<\/span>\/Monat<\/div><\/div><div class=\"col3\"><div class=\"row\"><img decoding=\"async\" src=\"https:\/\/carrentalprague.cz\/wp-content\/plugins\/autopujcovna-main\/includes\/shortcodes\/assets\/img\/ikona_palivo.png\" title=\"motor\" alt=\"motor\" \/>Hybrid<\/div><div class=\"row\"><img decoding=\"async\" src=\"https:\/\/carrentalprague.cz\/wp-content\/plugins\/autopujcovna-main\/includes\/shortcodes\/assets\/img\/logo_prevodovka.png\" title=\"logo_prevodovka\" alt=\"logo_prevodovka\" \/>automatik<\/div><\/div><\/div><div class=\"odkaz\"><a class=\"tlac-rez\" href=\"https:\/\/carrentalprague.cz\/de\/rezervace\/?car=1368\">Reservierung<\/a><\/div><\/div><div class=\"col\"><div class=\"img\" style=\"min-height: 200px;\"><img loading=\"lazy\" decoding=\"async\" width=\"250\" height=\"168\" src=\"https:\/\/carrentalprague.cz\/wp-content\/uploads\/2025\/10\/CorollaCombiHybridAutomat1.jpg\" class=\"attachment-full size-full wp-post-image\" alt=\"\" \/><\/div><h3>Toyota Corolla Hybrid combi<\/h3><div class=\"detail\"><div class=\"col1\"><span>ab<\/span><\/div><div class=\"col2\"><div class=\"row\"><span>1150 K\u010d<\/span>\/Tag<\/div><div class=\"row\"><span>22000 K\u010d<\/span>\/Monat<\/div><\/div><div class=\"col3\"><div class=\"row\"><img decoding=\"async\" src=\"https:\/\/carrentalprague.cz\/wp-content\/plugins\/autopujcovna-main\/includes\/shortcodes\/assets\/img\/ikona_palivo.png\" title=\"motor\" alt=\"motor\" \/>Hybrid<\/div><div class=\"row\"><img decoding=\"async\" src=\"https:\/\/carrentalprague.cz\/wp-content\/plugins\/autopujcovna-main\/includes\/shortcodes\/assets\/img\/logo_prevodovka.png\" title=\"logo_prevodovka\" alt=\"logo_prevodovka\" \/>automatik<\/div><\/div><\/div><div class=\"odkaz\"><a class=\"tlac-rez\" href=\"https:\/\/carrentalprague.cz\/de\/rezervace\/?car=1377\">Reservierung<\/a><\/div><\/div><\/div><div class=\"row\"><div class=\"col\"><div class=\"img\" style=\"min-height: 200px;\"><img loading=\"lazy\" decoding=\"async\" width=\"250\" height=\"167\" src=\"https:\/\/carrentalprague.cz\/wp-content\/uploads\/2025\/10\/Skoda-Octavia-combi-1.jpg\" class=\"attachment-full size-full wp-post-image\" alt=\"\" \/><\/div><h3>\u0160koda Octavia combi automat<\/h3><div class=\"detail\"><div class=\"col1\"><span>ab<\/span><\/div><div class=\"col2\"><div class=\"row\"><span>1200 K\u010d<\/span>\/Tag<\/div><div class=\"row\"><span>24000 K\u010d<\/span>\/Monat<\/div><\/div><div class=\"col3\"><div class=\"row\"><img decoding=\"async\" src=\"https:\/\/carrentalprague.cz\/wp-content\/plugins\/autopujcovna-main\/includes\/shortcodes\/assets\/img\/ikona_palivo.png\" title=\"motor\" alt=\"motor\" \/>Diesel<\/div><div class=\"row\"><img decoding=\"async\" src=\"https:\/\/carrentalprague.cz\/wp-content\/plugins\/autopujcovna-main\/includes\/shortcodes\/assets\/img\/logo_prevodovka.png\" title=\"logo_prevodovka\" alt=\"logo_prevodovka\" \/>automatik<\/div><\/div><\/div><div class=\"odkaz\"><a class=\"tlac-rez\" href=\"https:\/\/carrentalprague.cz\/de\/rezervace\/?car=1386\">Reservierung<\/a><\/div><\/div><div class=\"col\"><div class=\"img\" style=\"min-height: 200px;\"><img loading=\"lazy\" decoding=\"async\" width=\"250\" height=\"164\" src=\"https:\/\/carrentalprague.cz\/wp-content\/uploads\/2025\/10\/Kodiaq250.png\" class=\"attachment-full size-full wp-post-image\" alt=\"\" \/><\/div><h3>\u0160koda Kodiaq, automat<\/h3><div class=\"detail\"><div class=\"col1\"><span>ab<\/span><\/div><div class=\"col2\"><div class=\"row\"><span>3500 K\u010d<\/span>\/Tag<\/div><div class=\"row\"><span>35000 K\u010d<\/span>\/Monat<\/div><\/div><div class=\"col3\"><div class=\"row\"><img decoding=\"async\" src=\"https:\/\/carrentalprague.cz\/wp-content\/plugins\/autopujcovna-main\/includes\/shortcodes\/assets\/img\/ikona_palivo.png\" title=\"motor\" alt=\"motor\" \/>Diesel<\/div><div class=\"row\"><img decoding=\"async\" src=\"https:\/\/carrentalprague.cz\/wp-content\/plugins\/autopujcovna-main\/includes\/shortcodes\/assets\/img\/logo_prevodovka.png\" title=\"logo_prevodovka\" alt=\"logo_prevodovka\" \/>automatik<\/div><\/div><\/div><div class=\"odkaz\"><a class=\"tlac-rez\" href=\"https:\/\/carrentalprague.cz\/de\/rezervace\/?car=1395\">Reservierung<\/a><\/div><\/div><div class=\"col\"><div class=\"img\" style=\"min-height: 200px;\"><img loading=\"lazy\" decoding=\"async\" width=\"280\" height=\"157\" src=\"https:\/\/carrentalprague.cz\/wp-content\/uploads\/2025\/10\/ToyotacombiL.jpg\" class=\"attachment-full size-full wp-post-image\" alt=\"\" \/><\/div><h3>Toyota Proace combi L &#8211; 9 m\u00edst, manual<\/h3><div class=\"detail\"><div class=\"col1\"><span>ab<\/span><\/div><div class=\"col2\"><div class=\"row\"><span>2500 K\u010d<\/span>\/Tag<\/div><div class=\"row\"><span>28000 K\u010d<\/span>\/Monat<\/div><\/div><div class=\"col3\"><div class=\"row\"><img decoding=\"async\" src=\"https:\/\/carrentalprague.cz\/wp-content\/plugins\/autopujcovna-main\/includes\/shortcodes\/assets\/img\/ikona_palivo.png\" title=\"motor\" alt=\"motor\" \/>Diesel<\/div><div class=\"row\"><img decoding=\"async\" src=\"https:\/\/carrentalprague.cz\/wp-content\/plugins\/autopujcovna-main\/includes\/shortcodes\/assets\/img\/logo_prevodovka.png\" title=\"logo_prevodovka\" alt=\"logo_prevodovka\" \/>manuell<\/div><\/div><\/div><div class=\"odkaz\"><a class=\"tlac-rez\" href=\"https:\/\/carrentalprague.cz\/de\/rezervace\/?car=1412\">Reservierung<\/a><\/div><\/div><\/div><div class=\"row\"><div class=\"col\"><div class=\"img\" style=\"min-height: 200px;\"><img loading=\"lazy\" decoding=\"async\" width=\"280\" height=\"167\" src=\"https:\/\/carrentalprague.cz\/wp-content\/uploads\/2025\/10\/toyota-proace-verso-2-0d-at-l2-shuttle260.jpg\" class=\"attachment-full size-full wp-post-image\" alt=\"\" \/><\/div><h3>Toyota Proace Verso L2 \u2013 9 m\u00edst, automat<\/h3><div class=\"detail\"><div class=\"col1\"><span>ab<\/span><\/div><div class=\"col2\"><div class=\"row\"><span>2500 K\u010d<\/span>\/Tag<\/div><div class=\"row\"><span>28000 K\u010d<\/span>\/Monat<\/div><\/div><div class=\"col3\"><div class=\"row\"><img decoding=\"async\" src=\"https:\/\/carrentalprague.cz\/wp-content\/plugins\/autopujcovna-main\/includes\/shortcodes\/assets\/img\/ikona_palivo.png\" title=\"motor\" alt=\"motor\" \/>Diesel<\/div><div class=\"row\"><img decoding=\"async\" src=\"https:\/\/carrentalprague.cz\/wp-content\/plugins\/autopujcovna-main\/includes\/shortcodes\/assets\/img\/logo_prevodovka.png\" title=\"logo_prevodovka\" alt=\"logo_prevodovka\" \/>automatik<\/div><\/div><\/div><div class=\"odkaz\"><a class=\"tlac-rez\" href=\"https:\/\/carrentalprague.cz\/de\/rezervace\/?car=1421\">Reservierung<\/a><\/div><\/div><div class=\"col\"><div class=\"img\" style=\"min-height: 200px;\"><img loading=\"lazy\" decoding=\"async\" width=\"250\" height=\"167\" src=\"https:\/\/carrentalprague.cz\/wp-content\/uploads\/2025\/10\/Renault-Master-7mist.jpg\" class=\"attachment-full size-full wp-post-image\" alt=\"\" \/><\/div><h3>Renault Master 7 m\u00edst<\/h3><div class=\"detail\"><div class=\"col1\"><span>ab<\/span><\/div><div class=\"col2\"><div class=\"row\"><span>2900 K\u010d<\/span>\/Tag<\/div><div class=\"row\"><span>31500 K\u010d<\/span>\/Monat<\/div><\/div><div class=\"col3\"><div class=\"row\"><img decoding=\"async\" src=\"https:\/\/carrentalprague.cz\/wp-content\/plugins\/autopujcovna-main\/includes\/shortcodes\/assets\/img\/ikona_palivo.png\" title=\"motor\" alt=\"motor\" \/>Diesel<\/div><div class=\"row\"><img decoding=\"async\" src=\"https:\/\/carrentalprague.cz\/wp-content\/plugins\/autopujcovna-main\/includes\/shortcodes\/assets\/img\/logo_prevodovka.png\" title=\"logo_prevodovka\" alt=\"logo_prevodovka\" \/>manuell<\/div><\/div><\/div><div class=\"odkaz\"><a class=\"tlac-rez\" href=\"https:\/\/carrentalprague.cz\/de\/rezervace\/?car=1430\">Reservierung<\/a><\/div><\/div><div class=\"col\"><div class=\"img\" style=\"min-height: 200px;\"><img loading=\"lazy\" decoding=\"async\" width=\"250\" height=\"140\" src=\"https:\/\/carrentalprague.cz\/wp-content\/uploads\/2025\/10\/renault-kangoo1.jpg\" class=\"attachment-full size-full wp-post-image\" alt=\"\" \/><\/div><h3>Renault Kangoo<\/h3><div class=\"detail\"><div class=\"col1\"><span>ab<\/span><\/div><div class=\"col2\"><div class=\"row\"><span>900 K\u010d<\/span>\/Tag<\/div><div class=\"row\"><span>18000 K\u010d<\/span>\/Monat<\/div><\/div><div class=\"col3\"><div class=\"row\"><img decoding=\"async\" src=\"https:\/\/carrentalprague.cz\/wp-content\/plugins\/autopujcovna-main\/includes\/shortcodes\/assets\/img\/ikona_palivo.png\" title=\"motor\" alt=\"motor\" \/>Diesel<\/div><div class=\"row\"><img decoding=\"async\" src=\"https:\/\/carrentalprague.cz\/wp-content\/plugins\/autopujcovna-main\/includes\/shortcodes\/assets\/img\/logo_prevodovka.png\" title=\"logo_prevodovka\" alt=\"logo_prevodovka\" \/>manuell<\/div><\/div><\/div><div class=\"odkaz\"><a class=\"tlac-rez\" href=\"https:\/\/carrentalprague.cz\/de\/rezervace\/?car=1439\">Reservierung<\/a><\/div><\/div><\/div><div class=\"row\"><div class=\"col\"><div class=\"img\" style=\"min-height: 200px;\"><img loading=\"lazy\" decoding=\"async\" width=\"250\" height=\"140\" src=\"https:\/\/carrentalprague.cz\/wp-content\/uploads\/2025\/10\/renault-kangoo1-1.jpg\" class=\"attachment-full size-full wp-post-image\" alt=\"\" \/><\/div><h3>Renault Kangoo Express<\/h3><div class=\"detail\"><div class=\"col1\"><span>ab<\/span><\/div><div class=\"col2\"><div class=\"row\"><span>1200 K\u010d<\/span>\/Tag<\/div><div class=\"row\"><span>18000 K\u010d<\/span>\/Monat<\/div><\/div><div class=\"col3\"><div class=\"row\"><img decoding=\"async\" src=\"https:\/\/carrentalprague.cz\/wp-content\/plugins\/autopujcovna-main\/includes\/shortcodes\/assets\/img\/ikona_palivo.png\" title=\"motor\" alt=\"motor\" \/>Diesel<\/div><div class=\"row\"><img decoding=\"async\" src=\"https:\/\/carrentalprague.cz\/wp-content\/plugins\/autopujcovna-main\/includes\/shortcodes\/assets\/img\/logo_prevodovka.png\" title=\"logo_prevodovka\" alt=\"logo_prevodovka\" \/>manuell<\/div><\/div><\/div><div class=\"odkaz\"><a class=\"tlac-rez\" href=\"https:\/\/carrentalprague.cz\/de\/rezervace\/?car=1456\">Reservierung<\/a><\/div><\/div><div class=\"col\"><div class=\"img\" style=\"min-height: 200px;\"><img loading=\"lazy\" decoding=\"async\" width=\"250\" height=\"169\" src=\"https:\/\/carrentalprague.cz\/wp-content\/uploads\/2025\/10\/Masterblue250.png\" class=\"attachment-full size-full wp-post-image\" alt=\"\" \/><\/div><h3>Renault Master L3H2P3<\/h3><div class=\"detail\"><div class=\"col1\"><span>ab<\/span><\/div><div class=\"col2\"><div class=\"row\"><span>1800 K\u010d<\/span>\/Tag<\/div><div class=\"row\"><span>27000 K\u010d<\/span>\/Monat<\/div><\/div><div class=\"col3\"><div class=\"row\"><img decoding=\"async\" src=\"https:\/\/carrentalprague.cz\/wp-content\/plugins\/autopujcovna-main\/includes\/shortcodes\/assets\/img\/ikona_palivo.png\" title=\"motor\" alt=\"motor\" \/>Diesel<\/div><div class=\"row\"><img decoding=\"async\" src=\"https:\/\/carrentalprague.cz\/wp-content\/plugins\/autopujcovna-main\/includes\/shortcodes\/assets\/img\/logo_prevodovka.png\" title=\"logo_prevodovka\" alt=\"logo_prevodovka\" \/>manuell<\/div><\/div><\/div><div class=\"odkaz\"><a class=\"tlac-rez\" href=\"https:\/\/carrentalprague.cz\/de\/rezervace\/?car=1465\">Reservierung<\/a><\/div><\/div><div class=\"col\"><div class=\"img\" style=\"min-height: 200px;\"><img loading=\"lazy\" decoding=\"async\" width=\"250\" height=\"162\" src=\"https:\/\/carrentalprague.cz\/wp-content\/uploads\/2025\/10\/superbcombi250.png\" class=\"attachment-full size-full wp-post-image\" alt=\"\" \/><\/div><h3>\u0160koda Superb combi automat<\/h3><div class=\"detail\"><div class=\"col1\"><span>ab<\/span><\/div><div class=\"col2\"><div class=\"row\"><span>1550 K\u010d<\/span>\/Tag<\/div><div class=\"row\"><span>27000 K\u010d<\/span>\/Monat<\/div><\/div><div class=\"col3\"><div class=\"row\"><img decoding=\"async\" src=\"https:\/\/carrentalprague.cz\/wp-content\/plugins\/autopujcovna-main\/includes\/shortcodes\/assets\/img\/ikona_palivo.png\" title=\"motor\" alt=\"motor\" \/>Diesel<\/div><div class=\"row\"><img decoding=\"async\" src=\"https:\/\/carrentalprague.cz\/wp-content\/plugins\/autopujcovna-main\/includes\/shortcodes\/assets\/img\/logo_prevodovka.png\" title=\"logo_prevodovka\" alt=\"logo_prevodovka\" \/>automatik<\/div><\/div><\/div><div class=\"odkaz\"><a class=\"tlac-rez\" href=\"https:\/\/carrentalprague.cz\/de\/rezervace\/?car=1474\">Reservierung<\/a><\/div><\/div><\/div><\/div><\/p>\n","protected":false},"excerpt":{"rendered":"<p>Wir achten auf die Sicherheit, jeder Wagen wird deshalb vor der Ausleihung einer strengen Kontrolle unterzogen. Unser Wagenbestand wird regelm\u00e4\u00dfig erneuert. Wir bem\u00fchen uns absichtlich, Wagen mit h\u00f6herem Standard auszuw\u00e4hlen.<\/p>\n","protected":false},"author":2,"featured_media":0,"parent":0,"menu_order":0,"comment_status":"open","ping_status":"open","template":"","meta":{"_et_pb_use_builder":"","_et_pb_old_content":"","_et_gb_content_width":"","footnotes":""},"class_list":["post-364","page","type-page","status-publish","hentry"],"aioseo_notices":[],"_links":{"self":[{"href":"https:\/\/carrentalprague.cz\/de\/wp-json\/wp\/v2\/pages\/364","targetHints":{"allow":["GET"]}}],"collection":[{"href":"https:\/\/carrentalprague.cz\/de\/wp-json\/wp\/v2\/pages"}],"about":[{"href":"https:\/\/carrentalprague.cz\/de\/wp-json\/wp\/v2\/types\/page"}],"author":[{"embeddable":true,"href":"https:\/\/carrentalprague.cz\/de\/wp-json\/wp\/v2\/users\/2"}],"replies":[{"embeddable":true,"href":"https:\/\/carrentalprague.cz\/de\/wp-json\/wp\/v2\/comments?post=364"}],"version-history":[{"count":3,"href":"https:\/\/carrentalprague.cz\/de\/wp-json\/wp\/v2\/pages\/364\/revisions"}],"predecessor-version":[{"id":1019,"href":"https:\/\/carrentalprague.cz\/de\/wp-json\/wp\/v2\/pages\/364\/revisions\/1019"}],"wp:attachment":[{"href":"https:\/\/carrentalprague.cz\/de\/wp-json\/wp\/v2\/media?parent=364"}],"curies":[{"name":"wp","href":"https:\/\/api.w.org\/{rel}","templated":true}]}}