{"id":398,"date":"2014-01-20T11:13:03","date_gmt":"2014-01-20T10:13:03","guid":{"rendered":"https:\/\/carrentalprague.cz\/?page_id=398"},"modified":"2014-07-10T14:17:30","modified_gmt":"2014-07-10T12:17:30","slug":"last-minute","status":"publish","type":"page","link":"https:\/\/carrentalprague.cz\/es\/last-minute\/","title":{"rendered":"Last minute &#8211; autop\u016fj\u010dovna"},"content":{"rendered":"<h2><\/h2>\n<table cellspacing=\"0\" cellpadding=\"0\">\n<tbody>\n<tr>\n<td align=\"center\"><strong>Kategorie<\/strong><\/td>\n<td align=\"center\"><strong>Typ vozu<br \/>\n<\/strong><\/td>\n<td align=\"center\"><strong>Po\u010det Dve\u0159\u00ed<\/strong><\/td>\n<td align=\"center\"><strong>Klima<\/strong><\/td>\n<td align=\"center\"><strong>Osob<\/strong><\/td>\n<td align=\"center\"><strong>1 &#8211; 2 dny<br \/>\n<\/strong><\/td>\n<td align=\"center\"><strong>3 &#8211; 6 dn\u00ed<br \/>\n<\/strong><\/td>\n<td align=\"center\"><strong>7 &#8211; 30 dn\u00ed<\/strong><\/td>\n<\/tr>\n<tr>\n<td dir=\"ltr\">Economy<\/td>\n<td>Dacia Logan bez AC<\/td>\n<td>5<\/td>\n<td>NE<\/td>\n<td>5<\/td>\n<td>500K\u010d<\/td>\n<td>450K\u010d<\/td>\n<td>400K\u010d<\/td>\n<\/tr>\n<tr>\n<td>Economy<\/td>\n<td>Renault Thalia<\/td>\n<td>5<\/td>\n<td>NE<\/td>\n<td>5<\/td>\n<td>550K\u010d<\/td>\n<td>500K\u010d<\/td>\n<td>450K\u010d<\/td>\n<\/tr>\n<tr>\n<td>Economy<\/td>\n<td>Renault Clio<\/td>\n<td>5<\/td>\n<td>NE<\/td>\n<td>5<\/td>\n<td>550K\u010d<\/td>\n<td>500K\u010d<\/td>\n<td>450K\u010d<\/td>\n<\/tr>\n<tr>\n<td>Standard<\/td>\n<td>Renault Modus<\/td>\n<td>5<\/td>\n<td>ANO<\/td>\n<td>5<\/td>\n<td>800K\u010d<\/td>\n<td>750K\u010d<\/td>\n<td>700K\u010d<\/td>\n<\/tr>\n<tr>\n<td>Automatic<\/td>\n<td>Renault Megan sedan<\/td>\n<td>5<\/td>\n<td>ANO<\/td>\n<td>5<\/td>\n<td>1100K\u010d<\/td>\n<td>1000K\u010d<\/td>\n<td>900K\u010d<\/td>\n<\/tr>\n<tr>\n<td>Business<\/td>\n<td>Renault Laguna<\/td>\n<td>5<\/td>\n<td>ANO<\/td>\n<td>5<\/td>\n<td>1500K\u010d<\/td>\n<td>1400K\u010d<\/td>\n<td>1200K\u010d<\/td>\n<\/tr>\n<tr>\n<td>Minibus<\/td>\n<td>Renault Trafic bez AC<\/td>\n<td>5<\/td>\n<td>NE<\/td>\n<td>5<\/td>\n<td>2100K\u010d<\/td>\n<td>1600K\u010d<\/td>\n<td>1400K\u010d<\/td>\n<\/tr>\n<\/tbody>\n<\/table>\n<p>Ceny jsou uvedeny za pron\u00e1jem vozu na 1 den bez DPH v dan\u00e9m \u010dasov\u00e9m rozp\u011bt\u00ed. Plat\u00ed pouze 4 dny p\u0159ed term\u00ednem po\u010d\u00e1tku pron\u00e1jmu, pro konkr\u00e9tn\u00ed vybran\u00e9 vozy.<\/p>\n<p>V p\u0159\u00edpad\u011b z\u00e1jmu o n\u011bkter\u00fd z v\u00fd\u0161e uveden\u00fdch voz\u016f volejte telefonn\u00ed \u010d\u00edslo: +420 602 307 836 a ptejte se na konkr\u00e9tn\u00ed LAST MINUTE nab\u00eddku.<\/p>\n<p>Vyt\u00ed\u017een\u00ed voz\u016f se m\u011bn\u00ed z minuty na minutu, proto nen\u00ed mo\u017en\u00e9 udr\u017eovat tabulku st\u00e1le aktu\u00e1ln\u00ed.<\/p>\n<p>D\u011bkujeme za pochopen\u00ed a za to, \u017ee vyu\u017e\u00edv\u00e1te slu\u017eeb na\u0161\u00ed p\u016fj\u010dovny aut.<\/p>\n<p>Autop\u016fj\u010dovna ASAP Rent car, s.r.o.<\/p>\n","protected":false},"excerpt":{"rendered":"<p>Kategorie Typ vozu Po\u010det Dve\u0159\u00ed Klima Osob 1 &#8211; 2 dny 3 &#8211; 6 dn\u00ed 7 &#8211; 30 dn\u00ed Economy Dacia Logan bez AC 5 NE 5 500K\u010d 450K\u010d 400K\u010d Economy Renault Thalia 5 NE 5 550K\u010d 500K\u010d 450K\u010d Economy Renault Clio 5 NE 5 550K\u010d 500K\u010d 450K\u010d Standard Renault Modus 5 ANO 5 800K\u010d [&hellip;]<\/p>\n","protected":false},"author":1,"featured_media":0,"parent":0,"menu_order":0,"comment_status":"open","ping_status":"open","template":"","meta":{"_et_pb_use_builder":"","_et_pb_old_content":"","_et_gb_content_width":"","footnotes":""},"class_list":["post-398","page","type-page","status-publish","hentry"],"aioseo_notices":[],"_links":{"self":[{"href":"https:\/\/carrentalprague.cz\/es\/wp-json\/wp\/v2\/pages\/398","targetHints":{"allow":["GET"]}}],"collection":[{"href":"https:\/\/carrentalprague.cz\/es\/wp-json\/wp\/v2\/pages"}],"about":[{"href":"https:\/\/carrentalprague.cz\/es\/wp-json\/wp\/v2\/types\/page"}],"author":[{"embeddable":true,"href":"https:\/\/carrentalprague.cz\/es\/wp-json\/wp\/v2\/users\/1"}],"replies":[{"embeddable":true,"href":"https:\/\/carrentalprague.cz\/es\/wp-json\/wp\/v2\/comments?post=398"}],"version-history":[{"count":4,"href":"https:\/\/carrentalprague.cz\/es\/wp-json\/wp\/v2\/pages\/398\/revisions"}],"predecessor-version":[{"id":715,"href":"https:\/\/carrentalprague.cz\/es\/wp-json\/wp\/v2\/pages\/398\/revisions\/715"}],"wp:attachment":[{"href":"https:\/\/carrentalprague.cz\/es\/wp-json\/wp\/v2\/media?parent=398"}],"curies":[{"name":"wp","href":"https:\/\/api.w.org\/{rel}","templated":true}]}}