{"id":318,"date":"2014-01-31T14:16:26","date_gmt":"2014-01-31T13:16:26","guid":{"rendered":"https:\/\/carrentalprague.cz\/?page_id=318"},"modified":"2014-01-31T14:16:26","modified_gmt":"2014-01-31T13:16:26","slug":"contact-2","status":"publish","type":"page","link":"https:\/\/carrentalprague.cz\/he\/contact-2\/","title":{"rendered":"\u05de\u05d2\u05e2"},"content":{"rendered":"<table>\n<tbody>\n<tr>\n<td><strong>ASAP Rent car, s.r.o.<\/strong><br \/>\nModletice 75.<br \/>\np.Dob\u0159ejovice<br \/>\n25101 \u0158\u00ed\u010dany<\/p>\n<p><strong>Prague center<\/strong> &#8211; delivery and collection at your hotel is <strong>free <\/strong><br \/>\nMo \u2013 Su: 8:00 \u2013 21:00<br \/>\nFrom 18:00 till 8:00\u00a0 extra fee for outside office hours<\/p>\n<p><strong>Airport <\/strong><strong><strong>V\u00e1clava Havla \/ Ruzyn\u011b<\/strong> (PRG): <\/strong><br \/>\nMo \u2013 Su: 8:00 \u2013 21:00<br \/>\nFrom 21:00 till 8:00\u00a0 extra fee for outside office hours<\/p>\n<p>&nbsp;<\/td>\n<\/tr>\n<tr>\n<th>I\u010cO:<\/th>\n<td>26723301<\/td>\n<\/tr>\n<tr>\n<th>DI\u010c:<\/th>\n<td>CZ 26723301<\/td>\n<\/tr>\n<tr>\n<th valign=\"\\&quot;top\\&quot;\">Tel:<\/th>\n<td>+420 602 307 836 (czech, english)<br \/>\n+420 602 307 835 (czech, english)<br \/>\n+420 602 307 839 (czech, english)<br \/>\n+420 323 605 521 (czech, english)<\/td>\n<\/tr>\n<tr>\n<th valign=\"\\&quot;top\\&quot;\">Hot line:<\/th>\n<td>+420 602 307 836 or +420 602 307 835<\/td>\n<\/tr>\n<tr>\n<th>Fax:<\/th>\n<td>+420 323 605 521<\/td>\n<\/tr>\n<tr>\n<th>Email:<\/th>\n<td><a title=\"\\&quot;Kontakt\" href=\"http:\/\/www.autopujcovna-praha.cz\/%5C%22mailto:asap@asap-rentcar.cz%5C%22\">asap@asap-rentcar.cz<\/a><\/td>\n<\/tr>\n<tr>\n<th>WWW:<\/th>\n<td><a title=\"\\&quot;Autop\u016fj\u010dovna\" href=\"http:\/\/www.autopujcovna-praha.cz\/%5C%22http:\/\/www.asap-rentcar.cz%5C%22\">www.asap-rentcar.cz<\/a><br \/>\n<a title=\"\\&quot;Autop\u016fj\u010dovna\" href=\"http:\/\/www.autopujcovna-praha.cz\/%5C%22http:\/\/www.autopujcovna-praha.cz\/\/%5C%22\">www.autopujcovna-praha.cz<\/a><br \/>\n<a title=\"\\&quot;Autop\u016fj\u010dovna\" href=\"http:\/\/www.autopujcovna-praha.cz\/%5C%22https:\/\/carrentalprague.cz%5C%22\">www.praguerentacar.cz<\/a><br \/>\n<a title=\"\\&quot;Autop\u016fj\u010dovna\" href=\"http:\/\/www.autopujcovna-praha.cz\/%5C%22http:\/\/www.carrentalprague.cz%5C%22\">www.carrentalprague.cz<\/a><\/td>\n<\/tr>\n<tr>\n<th>ICQ:<\/th>\n<td>359-690-431<\/td>\n<\/tr>\n<tr>\n<th>Skype:<\/th>\n<td>asap_rentcar<\/td>\n<\/tr>\n<\/tbody>\n<\/table>\n<p>&nbsp;<\/p>\n<h2>Transportation to the rent a car<\/h2>\n<p><strong>Travel by car from Downtown Prague:<\/strong><\/p>\n<p>5. kv\u011btna road \u2013 exit from the E50 road direction to \\&quot;\u0158\u00ed\u010dany\\&quot; &#8211; on traffic circle right on the \\&quot;Jesenice\\&quot; &#8211; after about 150 meters turn left on \\&quot;Popovi\u010dky\\&quot; &#8211; after about 1000 meters turn right on \\&quot;Modletice\\&quot; &#8211; 150 metres turn left to the area of the firm.<\/p>\n<p><strong>Travel by Public Transportation from Downtown Prague:<\/strong><\/p>\n<p>Metro Route C direction to \\&quot;Haje\\&quot; \u2013 \\&quot;Opatov\\&quot; Metro Stop Station \u2013 transfer to the Bus no. 363 \u2013 \\&quot;Modletice rozc.\\&quot; Bus Stop (left in front of the firm)<\/p>\n<p><strong>Travel by Public Transportation from Airport Vaclava Havla \/ Ruzyne (PRG):<\/strong><\/p>\n<p>Bus no. 119 direction to Dejvick\u00e1 \u2013 Dejvick\u00e1 Bus Stop \u2013 transfer to Metro Route A direction to Skalka \u2013 Muzeum Metro Stop Station \u2013 transfer to Metro Route C direction to H\u00e1je \u2013 \\&quot;Opatov\\&quot; Metro Stop Station \u2013 transfer to the Bus no. 363 \u2013 \\&quot;Modletice rozc.\\&quot; Bus Stop (left in front of the firm)<\/p>\n","protected":false},"excerpt":{"rendered":"<p>ASAP Rent car, s.r.o. Modletice 75. p.Dob\u0159ejovice 25101 \u0158\u00ed\u010dany Prague center &#8211; delivery and collection at your hotel is free Mo \u2013 Su: 8:00 \u2013 21:00 From 18:00 till 8:00\u00a0 extra fee for outside office hours Airport V\u00e1clava Havla \/ Ruzyn\u011b (PRG): Mo \u2013 Su: 8:00 \u2013 21:00 From 21:00 till 8:00\u00a0 extra fee for [&hellip;]<\/p>\n","protected":false},"author":2,"featured_media":0,"parent":0,"menu_order":0,"comment_status":"closed","ping_status":"closed","template":"","meta":{"_et_pb_use_builder":"","_et_pb_old_content":"","_et_gb_content_width":"","footnotes":""},"class_list":["post-318","page","type-page","status-publish","hentry"],"aioseo_notices":[],"_links":{"self":[{"href":"https:\/\/carrentalprague.cz\/he\/wp-json\/wp\/v2\/pages\/318","targetHints":{"allow":["GET"]}}],"collection":[{"href":"https:\/\/carrentalprague.cz\/he\/wp-json\/wp\/v2\/pages"}],"about":[{"href":"https:\/\/carrentalprague.cz\/he\/wp-json\/wp\/v2\/types\/page"}],"author":[{"embeddable":true,"href":"https:\/\/carrentalprague.cz\/he\/wp-json\/wp\/v2\/users\/2"}],"replies":[{"embeddable":true,"href":"https:\/\/carrentalprague.cz\/he\/wp-json\/wp\/v2\/comments?post=318"}],"version-history":[{"count":1,"href":"https:\/\/carrentalprague.cz\/he\/wp-json\/wp\/v2\/pages\/318\/revisions"}],"predecessor-version":[{"id":319,"href":"https:\/\/carrentalprague.cz\/he\/wp-json\/wp\/v2\/pages\/318\/revisions\/319"}],"wp:attachment":[{"href":"https:\/\/carrentalprague.cz\/he\/wp-json\/wp\/v2\/media?parent=318"}],"curies":[{"name":"wp","href":"https:\/\/api.w.org\/{rel}","templated":true}]}}