{"id":302,"date":"2014-01-31T14:06:51","date_gmt":"2014-01-31T13:06:51","guid":{"rendered":"https:\/\/carrentalprague.cz\/?page_id=302"},"modified":"2016-08-22T13:40:29","modified_gmt":"2016-08-22T11:40:29","slug":"domande-piu-frequentate","status":"publish","type":"page","link":"https:\/\/carrentalprague.cz\/it\/domande-piu-frequentate\/","title":{"rendered":"Domande pi\u00f9 frequentate"},"content":{"rendered":"<h3>Domande generali<\/h3>\n<p>\u2022<strong>Che cos\u2019\u00e8 incluso nel prezzo base di noleggio?<br \/>\n<\/strong>Nel prezzo principale \u00e8 incluso addossamento della vettura su tutta la Praga (aeroporto escluso), bollino autostradale, tassa stradale, tassa per circolazione auto e l\u2019assicurazione per incidenti con la partecipazione limitata a 10% (min. 10.000 corone).<br \/>\n\u2022<strong>Che cos\u2019\u00e8 la partecipazione limitata?<br \/>\n<\/strong>\u2022Si tratta della somma massima di garanzia da parte del cliente nel caso che cliente non ha pagato il supplemento l\u2019esenzione di cointeressenza.<br \/>\n\u2022<strong>Posso noleggiare la macchina anche direttamente alla filiale?<br \/>\n<\/strong>Sicuramente s\u00ec. Basta nello stampato indicare a che filiale volete ritirare la macchina.<br \/>\n\u2022<strong>Che documenti devo presentare?<\/strong><\/p>\n<blockquote><p><strong>1. Persona giuridica<\/strong>: estrato dall\u2019elenco delle imprese, l\u2019ordine su carta intestata con la firma della persona statutaria, il mandato dalla persona statutaria (se non \u00e8 presente allo ricevimento), carta d\u2019identit\u00e0 oppure il passaporto del guidatoree, il patente di guida gr.B<\/p>\n<p>2<strong>. Persona fisica, Professionista: <\/strong>carta d\u2019identit\u00e0, il patente di guida gr.B, il terzo documento per la verifica di domicilio (SIPO, la fattura per telefono, carta di credito o carta della banca, index universittario ecc. non pi\u00f9 vecchi di 2 mesi) 1. Stranieri: il passaporto, patente di guida<\/p><\/blockquote>\n<p>\u2022<strong>Come mai i vostri prezzi sono cos\u00ec bassi?<br \/>\n<\/strong>Perch\u00e8 non paghiamo l\u2019afitti dei spazi per uffici non utili, stiamo ottimalizzando le spese generali, abbiamo concordato i sconti quantitativi per il servizio macchine e generalmente lavoriamo economicamente.<\/p>\n<p>&nbsp;<\/p>\n<h3>Allocazione<\/h3>\n<p>\u2022<strong>Come posso prenotare la vettura?<br \/>\n<\/strong>Ci sono 2 possibilit\u00e0. Primo tramite l\u2019internet che offre anche la calcolatrice del prezzo di noleggio oppure secondo potete chiamare alla nostra linea d\u2019allocazione e vi aiuta il nostro operatore.<br \/>\n\u2022<strong>Perch\u00e8 prenotare in anticipo?<br \/>\n<\/strong>Specialmente in alta staggione pu\u00f2 essere il problema di trovare in Repubblica Ceca la vettura da voi preferita. Il vostro ordine per noi \u00e8 impegnativo e cos\u00ec potremmo garantirla.<\/p>\n<p>&nbsp;<\/p>\n<h3>In viaggio<\/h3>\n<p>\u2022<strong>Posso visitare altri paesi?<br \/>\n<\/strong>S\u00ec, basta di pagare il supplemento per tale tipo di servizio. Esclusi sono i seguenti paesi: Albania, Belorussia, Moldavia, Romania, Bulgaria, Serbia, Russia, Ukraine, Turkey.<br \/>\n\u2022<strong>Devo pagare durante il noleggio le multe?<br \/>\n<\/strong>Se si presentano qualsiasi multe per motivi di non rispettato codice stradale devono essere pagati alla Polizia dello stato.<br \/>\n\u2022<strong>Cosa fare nel caso dell\u2019incidente stradale?<br \/>\n<\/strong>Nel caso dell\u2019incidente stradale, l\u2019incendio, colisione con gli animali oppure altro incidente bisogna contattare la Polizia e compilare lo \u201cStampato dell\u2019incidente\u201d che troverete in macchina. Questo vale per i piccoli incidenti o feriti dove la parte minorata ha provocato l\u2019incidente da solo senza il caggionamento altruo. \u201cStampato dell\u2019incidente\u201d ci deve essere consegnato per scritto entro 24 ore. Senza questo raporto polizioto non siete assicurati ed il danno dovete coprire in suo pieno valore. Contemporaneamente informate l\u2019autonoleggio che vi d\u00e0 altre istruzioni.<br \/>\n\u2022<strong>Cosa fare nel caso dell\u2019incidente all\u2019estero?<br \/>\n<\/strong>La procedura \u00e8 uguale su tutta la Europa. In ogni caso deve essere presente la polizia. La parte dei documenti che ottenete c\u2019\u00e8 anche \u201cla carta verde\u201d che compreso con il libretto di circolazione presenterete al poliziotto. In ogni caso dovete contemporaneamente informare anche noi.<br \/>\n\u2022<strong>Se pago la piena assicurazione dopo non garantisco per niente?<br \/>\n<\/strong>La piena assicurazione vi d\u00e0 il pieno appoggio contro le cause d\u2019assicurazioni anche provocate da voi. Sempre per\u00f2 sta garantendo da parte di vista del minimo tecnico del guidatore (vedi la scuola di guida) per esempio l\u2019andata senz\u2019olio motore che provoca i danni sullo stesso (se ignorato l\u2019alarme indicato sul cruscotto). L\u2019oggetto d\u2019assicurazione non c\u2019\u00e8: il guasto sulle ruote, sui cerchi e delle gomme, l\u2019incidente sott\u2019influenza d\u2019alcoolici o altri stupefacenti oppure durante l\u2019attivit\u00e0 criminali. Anche se avete pagato l\u2019esenzione di cointeressenza siete obbligati d\u2019informarci immediattamente dell\u2019incidente, chiamare la polizia e compilare lo stampato dell\u2019incidente \u2013 senza questo non \u00e8 l\u2019esenzione di cointeressenza possibile.<br \/>\n\u2022<strong>Possono la macchina noleggiata guidare i pi\u00f9 guidatori?<br \/>\n<\/strong>S\u00ec. Per ogni altro guidatore bisogna pagare la tassa unitaria.<br \/>\n\u2022<strong>Cosa fare se avremo il guasto fuori orari lavorativi (a notte)?<br \/>\n<\/strong>I nostri orari ci sono ogni giorno dalle 8,00 alle 18,00. Fuori orario funziona il servizio 24 su 24 ore ottenibile sui seguenti numeri 00420 602 307 836 e 00420 602 307 835 (in ceco e inglese).<br \/>\n\u2022<strong>Cosa fare se mi trovo in ritardo su strada e vorrei prolungare il noleggio?<br \/>\n<\/strong>In ogni caso bisogna a qualsiasi ora mandare un fax o e-mail con l\u2019avviso della richiesta per il prolungamento (dall\u2019albergo, dalla posta ecc.). Solo cos\u00ec eliminate il pagamento di penali per la rimessa ritardata della vettura noleggiata.<br \/>\n\u2022<strong>Che documenti possa chiedere la polizia durante il controllo stradale?<br \/>\n<\/strong>Il passaporto, il patente (europeo o internazionale) e documenti della macchina (libretto di circolazione, l\u2019assicurazione legale + carta verde)<\/p>\n<h3><\/h3>\n<h3>Rimessa di veicolo<\/h3>\n<p>\u2022<strong>La machhina deve essere rimessa con il pieno?<br \/>\n<\/strong>S\u00ec. Il veicolo deve essere rimesso con il pieno di carburante. Se il livello di carburante sarebbe inferiore vi facciamo pagare le spese per il rifornimento. Se per\u00f2 la vettura in momento di noleggio non aveva il pieno poi chiaramente basta rimetterlo con il stesso livello di carburante.<br \/>\n\u2022<strong>Come deve essere pulito?<br \/>\n<\/strong>Vi chiediamo di leggere bene le nostre condizioni dettagliate per il noleggio. Il veicolo si accetta come pulito quando la carozzeria, i cerchi ed i cristalli sono privi di testimoni dei fanghi, residui d\u2019insetti o altre sporcizie. L\u2019interno della vettura deve essere aspirato e senza daneggiamenti.<br \/>\n\u2022<strong>Come posso dimostrare che il veicolo era gi\u00e0 daneggiato?<br \/>\n<\/strong>Durante l\u2019addossamento vi lasciamo il tempo per il tranquillo controllo della vettura e probabili daneggiamenti segniamo nello stampato d\u2019addossamento<\/p>\n","protected":false},"excerpt":{"rendered":"<p>Domande generali \u2022Che cos\u2019\u00e8 incluso nel prezzo base di noleggio? Nel prezzo principale \u00e8 incluso addossamento della vettura su tutta la Praga (aeroporto escluso), bollino autostradale, tassa stradale, tassa per circolazione auto e l\u2019assicurazione per incidenti con la partecipazione limitata a 10% (min. 10.000 corone). \u2022Che cos\u2019\u00e8 la partecipazione limitata? \u2022Si tratta della somma massima [&hellip;]<\/p>\n","protected":false},"author":2,"featured_media":0,"parent":0,"menu_order":0,"comment_status":"closed","ping_status":"closed","template":"","meta":{"_et_pb_use_builder":"","_et_pb_old_content":"","_et_gb_content_width":"","footnotes":""},"class_list":["post-302","page","type-page","status-publish","hentry"],"aioseo_notices":[],"_links":{"self":[{"href":"https:\/\/carrentalprague.cz\/it\/wp-json\/wp\/v2\/pages\/302","targetHints":{"allow":["GET"]}}],"collection":[{"href":"https:\/\/carrentalprague.cz\/it\/wp-json\/wp\/v2\/pages"}],"about":[{"href":"https:\/\/carrentalprague.cz\/it\/wp-json\/wp\/v2\/types\/page"}],"author":[{"embeddable":true,"href":"https:\/\/carrentalprague.cz\/it\/wp-json\/wp\/v2\/users\/2"}],"replies":[{"embeddable":true,"href":"https:\/\/carrentalprague.cz\/it\/wp-json\/wp\/v2\/comments?post=302"}],"version-history":[{"count":2,"href":"https:\/\/carrentalprague.cz\/it\/wp-json\/wp\/v2\/pages\/302\/revisions"}],"predecessor-version":[{"id":957,"href":"https:\/\/carrentalprague.cz\/it\/wp-json\/wp\/v2\/pages\/302\/revisions\/957"}],"wp:attachment":[{"href":"https:\/\/carrentalprague.cz\/it\/wp-json\/wp\/v2\/media?parent=302"}],"curies":[{"name":"wp","href":"https:\/\/api.w.org\/{rel}","templated":true}]}}