{"id":204,"date":"2014-01-30T18:11:13","date_gmt":"2014-01-30T17:11:13","guid":{"rendered":"https:\/\/carrentalprague.cz\/?page_id=204"},"modified":"2019-06-13T16:44:55","modified_gmt":"2019-06-13T14:44:55","slug":"204-2","status":"publish","type":"page","link":"https:\/\/carrentalprague.cz\/ru\/","title":{"rendered":"\u0413\u043b\u0430\u0432\u043d\u0430\u044f"},"content":{"rendered":"<p>[et_pb_section bb_built=&#187;1&#8243;][et_pb_row][et_pb_column type=&#187;2_3&#8243;][et_pb_text]<\/p>\n<p><img loading=\"lazy\" decoding=\"async\" class=\"alignnone size-full wp-image-1152\" src=\"https:\/\/carrentalprague.cz\/wp-content\/uploads\/2019\/06\/BANNER-ru1.jpg\" alt=\"\" width=\"640\" height=\"319\" srcset=\"https:\/\/carrentalprague.cz\/wp-content\/uploads\/2019\/06\/BANNER-ru1.jpg 640w, https:\/\/carrentalprague.cz\/wp-content\/uploads\/2019\/06\/BANNER-ru1-300x150.jpg 300w\" sizes=\"(max-width: 640px) 100vw, 640px\" \/><\/p>\n<p>ASAP Rent Car s.r.o. \u041f\u0440\u043e\u043a\u0430\u0442 \u0430\u0432\u0442\u043e \u0432 \u041f\u0440\u0430\u0433\u0435, \u041f\u0440\u043e\u043a\u0430\u0442 \u0430\u0432\u0442\u043e\u043c\u043e\u0431\u0438\u043b\u0435\u0439 \u0432 \u041f\u0440\u0430\u0433\u0435, \u041f\u0440\u043e\u043a\u0430\u0442 \u043c\u0430\u0448\u0438\u043d \u0432 \u041f\u0440\u0430\u0433\u0435<\/p>\n<h2>\u041f\u0440\u0438\u0432\u0435\u0442\u0441\u0442\u0432\u0443\u0435\u043c \u0412\u0430\u0441 \u043d\u0430 \u0441\u0430\u0439\u0442\u0435 \u043a\u043e\u043c\u043f\u0430\u043d\u0438\u0438 ASAP Rent car<\/h2>\n<p style=\"text-align: center;\">[maxbutton id=&#187;8&#8243; ]<\/p>\n<p>\u041c\u044b \u043f\u0440\u0435\u0434\u043e\u0441\u0442\u0430\u0432\u043b\u044f\u0435\u043c \u043d\u0430\u0448\u0438 \u0443\u0441\u043b\u0443\u0433\u0438 \u0432 \u0441\u0442\u043e\u043b\u0438\u0446\u0435 \u0427\u0435\u0445\u0438\u0438 \u2013 \u041f\u0440\u0430\u0433\u0435, \u0434\u043e\u0441\u0442\u0430\u0432\u043b\u044f\u0435\u043c \u0430\u0432\u0442\u043e\u043c\u043e\u0431\u0438\u043b\u0438 \u0432 \u0430\u044d\u0440\u043e\u043f\u043e\u0440\u0442 Ruzyn\u011b \u0438 \u0432 \u043e\u0442\u0435\u043b\u0438. \u041f\u0440\u0438 \u0434\u043e\u043b\u0433\u043e\u0441\u0440\u043e\u0447\u043d\u043e\u043c \u043f\u0440\u043e\u043a\u0430\u0442\u0435 \u0434\u043e\u0441\u0442\u0430\u0432\u043a\u0430 \u043f\u043e \u0432\u0441\u0435\u0439 \u0427\u0435\u0445\u0438\u0438. \u041a\u043e\u043c\u043f\u0430\u043d\u0438\u044f ASAP Rent car \u0441\u0434\u0430\u0451\u0442 \u0432 \u043f\u0440\u043e\u043a\u0430\u0442 \u043b\u0435\u0433\u043a\u043e\u0432\u044b\u0435 \u0430\u0432\u0442\u043e\u043c\u043e\u0431\u0438\u043b\u0438, \u043c\u0438\u043d\u0438\u0432\u044d\u043d\u044b \u0438 \u0444\u0443\u0440\u0433\u043e\u043d\u044b. \u0423 \u043d\u0430\u0441 \u0441\u0430\u043c\u044b\u0435 \u043d\u0438\u0437\u043a\u0438\u0435 \u0446\u0435\u043d\u044b. \u041f\u0440\u0435\u0434\u043b\u0430\u0433\u0430\u0435\u043c \u0430\u0432\u0442\u043e\u043c\u043e\u0431\u0438\u043b\u0438 \u044d\u043a\u043e\u043d\u043e\u043c\u0438\u0447\u0435\u0441\u043a\u043e\u0433\u043e \u0438 \u0431\u0438\u0437\u043d\u0435\u0441-\u043a\u043b\u0430\u0441\u0441\u0430. \u041c\u044b \u043f\u0440\u0438\u043d\u0430\u0434\u043b\u0435\u0436\u0438\u043c \u043a \u0441\u0430\u043c\u044b\u043c \u043a\u0440\u0443\u043f\u043d\u044b\u043c \u043a\u043e\u043c\u043f\u0430\u043d\u0438\u044f\u043c \u0432 \u0427\u0435\u0445\u0438\u0438 \u0438 \u043f\u043e\u044d\u0442\u043e\u043c\u0443 \u043c\u043e\u0436\u0435\u043c \u0433\u0430\u0440\u0430\u043d\u0442\u0438\u0440\u043e\u0432\u0430\u0442\u044c \u043e\u043f\u0440\u0435\u0434\u0435\u043b\u0451\u043d\u043d\u044b\u0439 \u0443\u0440\u043e\u0432\u0435\u043d\u044c \u0443\u0441\u043b\u0443\u0433. \u0423 \u043d\u0430\u0441 \u0431\u0435\u0441\u043f\u043b\u0430\u0442\u043d\u0430\u044f \u0434\u043e\u0441\u0442\u0430\u0432\u043a\u0430 \u0430\u0432\u0442\u043e\u043c\u043e\u0431\u0438\u043b\u0435\u0439 \u043f\u043e \u041f\u0440\u0430\u0433\u0435. \u041d\u0430 \u043d\u0430\u0448\u0435\u043c \u0442\u0440\u0430\u043d\u0441\u043f\u043e\u0440\u0442\u0435 \u043e\u0442\u0441\u0443\u0442\u0441\u0442\u0432\u0443\u044e\u0442 \u0440\u0435\u043a\u043b\u0430\u043c\u043d\u044b\u0435 \u043d\u0430\u043a\u043b\u0435\u0439\u043a\u0438, \u043f\u043e\u044d\u0442\u043e\u043c\u0443 \u0412\u044b \u043c\u043e\u0436\u0435\u0442\u0435 \u0431\u0435\u0437 \u043e\u043f\u0430\u0441\u0435\u043d\u0438\u044f \u043f\u0440\u0438\u0435\u0445\u0430\u0442\u044c \u043d\u0430 \u043d\u0430\u0448\u0435\u043c \u0430\u0432\u0442\u043e\u043c\u043e\u0431\u0438\u043b\u0435 \u043d\u0430 \u0434\u0435\u043b\u043e\u0432\u0443\u044e \u0432\u0441\u0442\u0440\u0435\u0447\u0443 \u0438\u043b\u0438 \u043a \u0434\u0440\u0443\u0437\u044c\u044f\u043c. \u041c\u044b \u0431\u043b\u0430\u0433\u043e\u0434\u0430\u0440\u043d\u044b \u043d\u0430\u0448\u0438\u043c \u043a\u043b\u0438\u0435\u043d\u0442\u0430\u043c \u0437\u0430 \u043c\u043d\u043e\u0433\u043e\u0447\u0438\u0441\u043b\u0435\u043d\u043d\u044b\u0435 \u043f\u043e\u043b\u043e\u0436\u0438\u0442\u0435\u043b\u044c\u043d\u044b\u0435 \u043e\u0442\u0437\u044b\u0432\u044b \u043e \u043d\u0430\u0448\u0435\u0439 \u0440\u0430\u0431\u043e\u0442\u0435 \u0438 \u043f\u043e\u0441\u0442\u0430\u0440\u0430\u0435\u043c\u0441\u044f, \u0447\u0442\u043e\u0431\u044b \u0412\u044b \u0438 \u0432 \u0431\u0443\u0434\u0443\u0449\u0435\u043c \u043e\u0441\u0442\u0430\u043b\u0438\u0441\u044c \u0434\u043e\u0432\u043e\u043b\u044c\u043d\u044b \u043d\u0430\u0448\u0438\u043c\u0438 \u0443\u0441\u043b\u0443\u0433\u0430\u043c\u0438. \u0412\u0410\u0428 ASAP Rent car! \u00a0 \u041f\u0440\u043e\u043a\u0430\u0442 \u0430\u0432\u0442\u043e \u0432 \u041f\u0440\u0430\u0433\u0435, \u041f\u0440\u043e\u043a\u0430\u0442 \u0430\u0432\u0442\u043e\u043c\u043e\u0431\u0438\u043b\u0435\u0439 \u0432 \u041f\u0440\u0430\u0433\u0435, \u041f\u0440\u043e\u043a\u0430\u0442 \u043c\u0430\u0448\u0438\u043d \u0432 \u041f\u0440\u0430\u0433\u0435<\/p>\n<p>[\/et_pb_text][\/et_pb_column][et_pb_column type=&#187;1_3&#8243;][et_pb_sidebar _builder_version=&#187;3.23.3&#8243; area=&#187;sidebar-1&#8243; text_shadow_horizontal_length=&#187;text_shadow_style,%91object Object%93&#8243; text_shadow_horizontal_length_tablet=&#187;0px&#187; text_shadow_vertical_length=&#187;text_shadow_style,%91object Object%93&#8243; text_shadow_vertical_length_tablet=&#187;0px&#187; text_shadow_blur_strength=&#187;text_shadow_style,%91object Object%93&#8243; text_shadow_blur_strength_tablet=&#187;1px&#187; header_text_shadow_horizontal_length=&#187;header_text_shadow_style,%91object Object%93&#8243; header_text_shadow_horizontal_length_tablet=&#187;0px&#187; header_text_shadow_vertical_length=&#187;header_text_shadow_style,%91object Object%93&#8243; header_text_shadow_vertical_length_tablet=&#187;0px&#187; header_text_shadow_blur_strength=&#187;header_text_shadow_style,%91object Object%93&#8243; header_text_shadow_blur_strength_tablet=&#187;1px&#187; body_text_shadow_horizontal_length=&#187;body_text_shadow_style,%91object Object%93&#8243; body_text_shadow_horizontal_length_tablet=&#187;0px&#187; body_text_shadow_vertical_length=&#187;body_text_shadow_style,%91object Object%93&#8243; body_text_shadow_vertical_length_tablet=&#187;0px&#187; body_text_shadow_blur_strength=&#187;body_text_shadow_style,%91object Object%93&#8243; body_text_shadow_blur_strength_tablet=&#187;1px&#187; box_shadow_horizontal_tablet=&#187;0px&#187; box_shadow_vertical_tablet=&#187;0px&#187; box_shadow_blur_tablet=&#187;40px&#187; box_shadow_spread_tablet=&#187;0px&#187; z_index_tablet=&#187;500&#8243; \/][\/et_pb_column][\/et_pb_row][\/et_pb_section]<\/p>\n","protected":false},"excerpt":{"rendered":"<p><div class=\"et_pb_row et_pb_row_0 et_pb_row_empty\">\n\t\t\t\t\n\t\t\t\t\n\t\t\t\t\n\t\t\t\t\n\t\t\t\t\n\t\t\t<\/div><div class=\"et_pb_module et_pb_text et_pb_text_0  et_pb_text_align_left et_pb_bg_layout_light\">\n\t\t\t\t\n\t\t\t\t\n\t\t\t\t\n\t\t\t\t\n\t\t\t\t\n\t\t\t<\/div> ASAP Rent Car s.r.o. \u041f\u0440\u043e\u043a\u0430\u0442 \u0430\u0432\u0442\u043e \u0432 \u041f\u0440\u0430\u0433\u0435, \u041f\u0440\u043e\u043a\u0430\u0442 \u0430\u0432\u0442\u043e\u043c\u043e\u0431\u0438\u043b\u0435\u0439 \u0432 \u041f\u0440\u0430\u0433\u0435, \u041f\u0440\u043e\u043a\u0430\u0442 \u043c\u0430\u0448\u0438\u043d \u0432 \u041f\u0440\u0430\u0433\u0435 \u041f\u0440\u0438\u0432\u0435\u0442\u0441\u0442\u0432\u0443\u0435\u043c \u0412\u0430\u0441 \u043d\u0430 \u0441\u0430\u0439\u0442\u0435 \u043a\u043e\u043c\u043f\u0430\u043d\u0438\u0438 ASAP Rent car [maxbutton id=&#187;8&#8243; ] \u041c\u044b \u043f\u0440\u0435\u0434\u043e\u0441\u0442\u0430\u0432\u043b\u044f\u0435\u043c \u043d\u0430\u0448\u0438 \u0443\u0441\u043b\u0443\u0433\u0438 \u0432 \u0441\u0442\u043e\u043b\u0438\u0446\u0435 \u0427\u0435\u0445\u0438\u0438 \u2013 \u041f\u0440\u0430\u0433\u0435, \u0434\u043e\u0441\u0442\u0430\u0432\u043b\u044f\u0435\u043c \u0430\u0432\u0442\u043e\u043c\u043e\u0431\u0438\u043b\u0438 \u0432 \u0430\u044d\u0440\u043e\u043f\u043e\u0440\u0442 Ruzyn\u011b \u0438 \u0432 \u043e\u0442\u0435\u043b\u0438. \u041f\u0440\u0438 \u0434\u043e\u043b\u0433\u043e\u0441\u0440\u043e\u0447\u043d\u043e\u043c \u043f\u0440\u043e\u043a\u0430\u0442\u0435 \u0434\u043e\u0441\u0442\u0430\u0432\u043a\u0430 \u043f\u043e \u0432\u0441\u0435\u0439 \u0427\u0435\u0445\u0438\u0438. \u041a\u043e\u043c\u043f\u0430\u043d\u0438\u044f ASAP Rent [&hellip;]<\/p>\n","protected":false},"author":2,"featured_media":0,"parent":0,"menu_order":0,"comment_status":"closed","ping_status":"open","template":"","meta":{"_et_pb_use_builder":"on","_et_pb_old_content":"<p><img class=\"alignnone size-full wp-image-1088\" src=\"https:\/\/carrentalprague.cz\/wp-content\/uploads\/2019\/06\/ASAP-RENT-CAR-7-1.jpg\" alt=\"\" width=\"640\" height=\"319\" \/><\/p><p><span class=\"button-id\"><span class=\"small\">[maxbutton id=\"2\" ]\u00a0\u00a0\u00a0\u00a0 [maxbutton id=\"4\" ]\u00a0\u00a0\u00a0\u00a0 [maxbutton id=\"3\" ]\u00a0\u00a0\u00a0\u00a0 [maxbutton id=\"5\" ]\u00a0\u00a0\u00a0\u00a0 [maxbutton id=\"6\" ] <\/span><\/span><\/p><p>\u00a0<\/p><p><a href=\"https:\/\/carrentalprague.cz\/ceniky\/\"><strong>Autop\u016fj\u010dovna<\/strong><\/a>\u00a0 nab\u00edz\u00ed nejlevn\u011bj\u0161\u00ed vozy ji\u017e od 280,- K\u010d za den <a href=\"https:\/\/carrentalprague.cz\/podminky\/\"><strong>Autop\u016fj\u010dovna<\/strong><\/a> samoz\u0159ejmost\u00ed je f\u00e9rov\u00e9 jedn\u00e1n\u00ed, nenaraz\u00edte na \u017e\u00e1dn\u00e9 skryt\u00e9 poplatky <a href=\"https:\/\/carrentalprague.cz\/rezervace\/\"><strong>Autop\u016fj\u010dovna<\/strong><\/a> p\u0159istav\u00edme v\u016fz po Praze a bl\u00edzk\u00e9m okol\u00ed ZDARMA! <a href=\"https:\/\/carrentalprague.cz\"><strong>Autop\u016fj\u010dovna<\/strong><\/a> na\u0161e vozy jsou v dobr\u00e9m technick\u00e9m stavu! <strong>Autop\u016fj\u010dovna<\/strong> p\u0159istaven\u00ed na leti\u0161ti V\u00e1clava Havla \/ Ruzyn\u011b (PRG) za n\u00edzk\u00fd poplatek, p\u0159i dlouhodob\u00e9m pron\u00e1jmu zdarma!<\/p><p>\u00a0<\/p><hr size=\"\" \/><p>\u00a0<\/p><p style=\"text-align: center;\">[maxbutton id=\"1\" ]<\/p><p>\u00a0<\/p><h1><strong>Autop\u016fj\u010dovna Praha <\/strong>ASAP Rent Car a slu\u017eby pro V\u00e1s<\/h1><p><strong>V\u00edtejte na str\u00e1nk\u00e1ch autop\u016fj\u010dovny...<\/strong> ...na\u0161e <strong>autop\u016fj\u010dovna <\/strong> ASAP Rent car p\u016fsob\u00ed v hlavn\u00edm m\u011bst\u011b Praha, ale nen\u00ed probl\u00e9m p\u0159istavit v\u016fz i v bl\u00edzk\u00e9m okol\u00ed, pop\u0159. p\u0159i dlouhodob\u00e9m pron\u00e1jmu kdekoli po \u010cesk\u00e9 republice.\u00a0ASAP Rent Car p\u016fj\u010duje osobn\u00ed, v\u00edcem\u00edstn\u00e9 i u\u017eitkov\u00e9 vozy a pat\u0159\u00ed mezi nejlevn\u011bj\u0161\u00ed p\u016fj\u010dovny aut s vysokou \u00farovn\u00ed slu\u017eeb. \u0158ad\u00edme se mezi nejv\u011bt\u0161\u00ed autop\u016fj\u010dovny v \u010cesk\u00e9 republice a d\u00edky tomu m\u016f\u017eeme garantovat vysokou \u00farove\u0148 slu\u017eeb. Jako jedna z m\u00e1la, <strong>autop\u016fj\u010dovna p\u0159istavuje <a href=\"https:\/\/carrentalprague.cz\/pristaveni-zdarma\/\">vozy po Praze a okol\u00ed ZDARMA<\/a><\/strong>. V\u00e1\u017e\u00edme si velk\u00e9ho n\u00e1r\u016fstu klient\u016f na z\u00e1klad\u011b osobn\u00edho doporu\u010den\u00ed a budeme se nad\u00e1le sna\u017eit, abyste byli s na\u0161imi slu\u017ebami spokojeni a abychom V\u00e1s nezklamali. P\u0159ipravili jsme pro V\u00e1s i <a href=\"https:\/\/carrentalprague.cz\/vernostni-program\/\">v\u011brnostn\u00ed program<\/a>. <strong>Nejlevn\u011bj\u0161\u00ed v\u016fz z autop\u016fj\u010dovny<\/strong> pak naleznete v sekc\u00edch <a href=\"https:\/\/carrentalprague.cz\/last-minute\/\">last minute<\/a> a<a href=\"https:\/\/carrentalprague.cz\/first-minute\/\"> first minute<\/a>.<\/p><p>\u00a0<\/p><h1>Va\u0161e autop\u016fj\u010dovna ASAP Rent Car!<\/h1><div><h1>Autop\u016fj\u010dovna Praha<\/h1><p>\u00a0<\/p>Pot\u0159ebujete p\u016fj\u010dit <strong>auto<\/strong> z p\u016fj\u010dovny? Sta\u010d\u00ed si vybrat z na\u0161\u00ed \u0161irok\u00e9 nab\u00eddky aut a vybaven\u00ed (d\u011btsk\u00e9 autoseda\u010dky, st\u0159e\u0161n\u00ed boxy, dr\u017e\u00e1ky na kola, dr\u017e\u00e1ky na ly\u017ee, gps). M\u016f\u017eeme si p\u016fj\u010dit <a href=\"https:\/\/carrentalprague.cz\/vozovy-park\/\"><strong>auta<\/strong><\/a> se z\u00e1kladn\u00ed, ale i p\u0159\u00edplatkovou v\u00fdbavou. <strong>Autop\u016fj\u010dovna<\/strong> ASAP Rent car, s.r.o. se m\u016f\u017ee pochlubit \u0161irok\u00fdm vozov\u00fdm parkem, ze kter\u00e9ho si vybere opravdu ka\u017ed\u00fd! C\u00edlem <strong>autop\u016fj\u010dovny<\/strong> je spokojen\u00fd z\u00e1kazn\u00edk, kter\u00fd d\u00e1l doporu\u010d\u00ed na\u0161\u00ed <strong>autop\u016fj\u010dovnu<\/strong>. <strong>Autop\u016fj\u010dovna<\/strong> a cel\u00fd t\u00fdm db\u00e1 na spokojenost sv\u00fdch klient\u016f, tak aby splnila Va\u0161e o\u010dek\u00e1v\u00e1n\u00ed!<blockquote><span style=\"color: #000000;\">Nej\u010dast\u011bji n\u00e1s hled\u00e1te ve vyhled\u00e1va\u010d\u00edch zad\u00e1n\u00edm t\u011bchto slov:<\/span> <span style=\"color: #000000;\"> \"Autop\u016fj\u010dovna, autop\u016fj\u010dovna praha, p\u016fj\u010dovna aut, p\u016fj\u010dovna aut praha, autop\u016fj\u010dovny, autop\u016fj\u010dovny praha, pujcovna aut, autopujcovna, pron\u00e1jem aut, autopujcovna praha, pron\u00e1jem vozidel, p\u016fj\u010dovny aut, autop\u016fj\u010dovny v\u00a0praze, nejlevn\u011bj\u0161\u00ed autop\u016fj\u010dovna, levn\u00e1 autop\u016fj\u010dovna, nejlevn\u011bj\u0161\u00ed autop\u016fj\u010dovna\"<\/span><\/blockquote><\/div>","_et_gb_content_width":"","footnotes":""},"class_list":["post-204","page","type-page","status-publish","hentry"],"aioseo_notices":[],"_links":{"self":[{"href":"https:\/\/carrentalprague.cz\/ru\/wp-json\/wp\/v2\/pages\/204","targetHints":{"allow":["GET"]}}],"collection":[{"href":"https:\/\/carrentalprague.cz\/ru\/wp-json\/wp\/v2\/pages"}],"about":[{"href":"https:\/\/carrentalprague.cz\/ru\/wp-json\/wp\/v2\/types\/page"}],"author":[{"embeddable":true,"href":"https:\/\/carrentalprague.cz\/ru\/wp-json\/wp\/v2\/users\/2"}],"replies":[{"embeddable":true,"href":"https:\/\/carrentalprague.cz\/ru\/wp-json\/wp\/v2\/comments?post=204"}],"version-history":[{"count":20,"href":"https:\/\/carrentalprague.cz\/ru\/wp-json\/wp\/v2\/pages\/204\/revisions"}],"predecessor-version":[{"id":1190,"href":"https:\/\/carrentalprague.cz\/ru\/wp-json\/wp\/v2\/pages\/204\/revisions\/1190"}],"wp:attachment":[{"href":"https:\/\/carrentalprague.cz\/ru\/wp-json\/wp\/v2\/media?parent=204"}],"curies":[{"name":"wp","href":"https:\/\/api.w.org\/{rel}","templated":true}]}}